{"id":702617,"date":"2025-08-27T15:17:43","date_gmt":"2025-08-27T12:17:43","guid":{"rendered":"https:\/\/roveyayinevi.com.tr\/index.php\/urun\/kendine-ait-bir-hayat\/"},"modified":"2026-04-16T02:11:48","modified_gmt":"2026-04-15T23:11:48","slug":"kendine-ait-bir-hayat","status":"publish","type":"product","link":"https:\/\/roveyayinevi.com.tr\/index.php\/urun\/kendine-ait-bir-hayat\/","title":{"rendered":"Kendine Ait Bir Hayat"},"content":{"rendered":"<p>&#8220;Kendisinin zannetti\u011finden \u00e7ok daha aptal oldu\u011funu anlamaya haz\u0131r olmayan kimse bu deneye kalk\u0131\u015fmas\u0131n.&#8221;Yazar ve psikanalist Marion Milner, yirmi alt\u0131 ya\u015f\u0131ndayken son derece \u015fahsi ve ilgin\u00e7 bir &#8220;deney&#8221;e giri\u015fir. Kendisini nelerin mutlu etti\u011fini bir g\u00fcnl\u00fc\u011fe tek tek kaydetmeye ba\u015flar. Amac\u0131 hayatta tesad\u00fcfen kar\u015f\u0131s\u0131na \u00e7\u0131kan mutluluk anlar\u0131n\u0131 art\u0131rmakt\u0131r. Y\u0131llar sonra bu g\u00fcnl\u00fc\u011f\u00fc elden ge\u00e7irmeye karar verdi\u011findeyse, ortaya Kendine Ait Bir Hayat \u00e7\u0131kar: \u0130\u00e7 d\u00fcnyas\u0131n\u0131 ke\u015ffetmekte epey yol kat etmi\u015f birinin, \u00f6\u011frendi\u011fi \u015fa\u015f\u0131rt\u0131c\u0131 \u015feyleri ba\u015fkalar\u0131yla payla\u015fma arzusunun \u00fcr\u00fcn\u00fc.Kitapta belki de en \u00e7ok, hayata akl\u0131n dar oda\u011f\u0131ndan bakmakla t\u00fcm benli\u011fin daha geni\u015f oda\u011f\u0131ndan bakmak aras\u0131ndaki fark \u00fczerinde duruluyor. Milner ilkinin beraberinde yo\u011fun bir eksiklik ve tatminsizlik, ikincisinin ise belirgin bir doygunluk ve b\u00fct\u00fcnl\u00fck hissi getirdi\u011fini s\u00f6yl\u00fcyor, zira ak\u0131l her ne kadar temel bir unsur olsa da, akl\u0131n h\u00fck\u00fcmranl\u0131\u011f\u0131n\u0131n d\u0131\u015f\u0131nda kalan duygular\u0131, arzular\u0131 ve ihtiya\u00e7lar\u0131yla insan \u00e7ok daha karma\u015f\u0131k bir varl\u0131k. \u00d6yle ki, biraz durup bak\u0131\u015flar\u0131m\u0131z\u0131 kendi i\u00e7imize \u00e7evirdi\u011fimizde, asl\u0131nda kendimiz hakk\u0131nda ne kadar az \u015fey bildi\u011fimizi, bast\u0131rd\u0131\u011f\u0131m\u0131z ya da g\u00f6rmezden geldi\u011fimiz ne \u00e7ok y\u00f6n\u00fcm\u00fcz\u00fcn oldu\u011funu fark ediyoruz. Bu kitap bize tam da bunu hat\u0131rlat\u0131yor ve bir b\u00fct\u00fcn olarak benli\u011fimizle ba\u011flant\u0131 kurmam\u0131z\u0131n tatmink\u00e2r bir hayat i\u00e7in ne kadar \u00f6nemli oldu\u011funu vurguluyor.Yazar Hakk\u0131nda:\u0130ngiliz yazar ve psikanalist. 1900 y\u0131l\u0131nda Londra\u2019da do\u011fdu. 1924\u2019te University College London\u2019\u0131n psikoloji b\u00f6l\u00fcm\u00fcnden mezun oldu. 26 ya\u015f\u0131ndayken tutmaya ba\u015flad\u0131\u011f\u0131 g\u00fcnl\u00fc\u011f\u00fc 1934 y\u0131l\u0131nda Kendine Ait Bir Hayat ad\u0131 alt\u0131nda (Joanna Field mahlas\u0131yla) yay\u0131mland\u0131 ve edebi \u00e7evrelerden olumlu ele\u015ftiriler ald\u0131. Bu d\u00f6nemde Jean Piaget\u2019nin ve Jungcu analitik psikologlar\u0131n eserlerinden etkilenen Milner, ayr\u0131ca Taoizm gibi Do\u011fu felsefelerine de merak sald\u0131. \u00dc\u00e7 y\u0131ll\u0131k bir psikanaliz e\u011fitiminin ard\u0131ndan 1943\u2019te psikanalist olarak \u00e7al\u0131\u015fmaya ba\u015flad\u0131. Ayn\u0131 zamanda amat\u00f6r bir ressam olan ve psikoterapi seanslar\u0131nda \u00e7izimlerden bolca faydalanan Milner, uzun ve verimli bir hayat\u0131n ard\u0131ndan 1998 y\u0131l\u0131nda vefat etti. Yazar\u0131n di\u011fer kitaplar\u0131 \u015funlard\u0131r: An Experiment in Leisure (Bir Aylakl\u0131k Deneyi, 1937), The Human Problem in Schools (Okullardaki \u0130nsan Sorunu, 1938), On Not Being Able to Paint (Resim Yapamamak \u00dczerine, 1950), The Hands of the Living God (Ya\u015fayan Tanr\u0131n\u0131n Elleri, 1969). <\/p>\n","protected":false},"excerpt":{"rendered":"<p>&#8220;Kendisinin zannetti\u011finden \u00e7ok daha aptal oldu\u011funu anlamaya haz\u0131r olmayan kimse bu deneye kalk\u0131\u015fmas\u0131n.&#8221;Yazar ve psikanalist Marion Milner, yirmi alt\u0131 ya\u015f\u0131ndayken son derece \u015fahsi ve ilgin\u00e7 bir<span class=\"excerpt-hellip\"> [\u2026]<\/span><\/p>\n","protected":false},"featured_media":0,"template":"","meta":{"_monsterinsights_skip_tracking":false,"_monsterinsights_sitenote_active":false,"_monsterinsights_sitenote_note":"","_monsterinsights_sitenote_category":0},"product_brand":[],"product_cat":[12358,12357],"product_tag":[],"class_list":{"0":"post-702617","1":"product","2":"type-product","3":"status-publish","5":"product_cat-genel-psikoloji","6":"product_cat-psikoloji","7":"pa_cilt-ciltsiz","8":"pa_tur-kitap","9":"pa_yayinevi-metis-yayinlari","10":"pa_yazar-marion-milner","12":"first","13":"instock","14":"sale","15":"shipping-taxable","16":"purchasable","17":"product-type-simple"},"_links":{"self":[{"href":"https:\/\/roveyayinevi.com.tr\/index.php\/wp-json\/wp\/v2\/product\/702617","targetHints":{"allow":["GET"]}}],"collection":[{"href":"https:\/\/roveyayinevi.com.tr\/index.php\/wp-json\/wp\/v2\/product"}],"about":[{"href":"https:\/\/roveyayinevi.com.tr\/index.php\/wp-json\/wp\/v2\/types\/product"}],"wp:attachment":[{"href":"https:\/\/roveyayinevi.com.tr\/index.php\/wp-json\/wp\/v2\/media?parent=702617"}],"wp:term":[{"taxonomy":"product_brand","embeddable":true,"href":"https:\/\/roveyayinevi.com.tr\/index.php\/wp-json\/wp\/v2\/product_brand?post=702617"},{"taxonomy":"product_cat","embeddable":true,"href":"https:\/\/roveyayinevi.com.tr\/index.php\/wp-json\/wp\/v2\/product_cat?post=702617"},{"taxonomy":"product_tag","embeddable":true,"href":"https:\/\/roveyayinevi.com.tr\/index.php\/wp-json\/wp\/v2\/product_tag?post=702617"}],"curies":[{"name":"wp","href":"https:\/\/api.w.org\/{rel}","templated":true}]}}