{"id":702616,"date":"2025-08-27T15:17:43","date_gmt":"2025-08-27T12:17:43","guid":{"rendered":"https:\/\/roveyayinevi.com.tr\/index.php\/urun\/dogunun-olumsuz-cocugu\/"},"modified":"2026-04-16T02:11:48","modified_gmt":"2026-04-15T23:11:48","slug":"dogunun-olumsuz-cocugu","status":"publish","type":"product","link":"https:\/\/roveyayinevi.com.tr\/index.php\/urun\/dogunun-olumsuz-cocugu\/","title":{"rendered":"Do\u011funun \u00d6l\u00fcms\u00fcz \u00c7ocu\u011fu"},"content":{"rendered":"<p>Bir ideale g\u00f6n\u00fcl verenlerin ba\u015far\u0131l\u0131 olmalar\u0131n\u0131n ilk \u015fart\u0131 vicdanlar\u0131n\u0131 rehber edinmeleridir. Aksi takdirde s\u00fcrprizlerle dolu olan hayat\u0131n bir pususu onlar\u0131 al\u0131p g\u00f6t\u00fcr\u00fcr. Genellikle ayaklar\u0131na a\u015fklar\u0131 dola\u015f\u0131r. Asl\u0131nda ne kad\u0131n erkekten, ne de erkek kad\u0131ndan \u00e7eker; herkes yaratt\u0131\u011f\u0131n\u0131n kurban\u0131d\u0131r. Mehmed Niyazi\u2019nin  Do\u011fu\u2019nun \u00d6l\u00fcms\u00fcz \u00c7ocu\u011fu nu okurken hayat\u0131n bu ger\u00e7e\u011fini derinli\u011fine ya\u015fayacaks\u0131n\u0131z. <\/p>\n","protected":false},"excerpt":{"rendered":"<p>Bir ideale g\u00f6n\u00fcl verenlerin ba\u015far\u0131l\u0131 olmalar\u0131n\u0131n ilk \u015fart\u0131 vicdanlar\u0131n\u0131 rehber edinmeleridir. Aksi takdirde s\u00fcrprizlerle dolu olan hayat\u0131n bir pususu onlar\u0131 al\u0131p g\u00f6t\u00fcr\u00fcr. Genellikle ayaklar\u0131na a\u015fklar\u0131 dola\u015f\u0131r.<span class=\"excerpt-hellip\"> [\u2026]<\/span><\/p>\n","protected":false},"featured_media":0,"template":"","meta":{"_monsterinsights_skip_tracking":false,"_monsterinsights_sitenote_active":false,"_monsterinsights_sitenote_note":"","_monsterinsights_sitenote_category":0},"product_brand":[],"product_cat":[12291,12292],"product_tag":[],"class_list":{"0":"post-702616","1":"product","2":"type-product","3":"status-publish","5":"product_cat-edebiyat","6":"product_cat-turk-edebiyati","7":"pa_cilt-ciltsiz","8":"pa_tur-kitap","9":"pa_yayinevi-otuken-nesriyat","10":"pa_yazar-mehmed-niyazi","12":"first","13":"instock","14":"sale","15":"shipping-taxable","16":"purchasable","17":"product-type-simple"},"_links":{"self":[{"href":"https:\/\/roveyayinevi.com.tr\/index.php\/wp-json\/wp\/v2\/product\/702616","targetHints":{"allow":["GET"]}}],"collection":[{"href":"https:\/\/roveyayinevi.com.tr\/index.php\/wp-json\/wp\/v2\/product"}],"about":[{"href":"https:\/\/roveyayinevi.com.tr\/index.php\/wp-json\/wp\/v2\/types\/product"}],"wp:attachment":[{"href":"https:\/\/roveyayinevi.com.tr\/index.php\/wp-json\/wp\/v2\/media?parent=702616"}],"wp:term":[{"taxonomy":"product_brand","embeddable":true,"href":"https:\/\/roveyayinevi.com.tr\/index.php\/wp-json\/wp\/v2\/product_brand?post=702616"},{"taxonomy":"product_cat","embeddable":true,"href":"https:\/\/roveyayinevi.com.tr\/index.php\/wp-json\/wp\/v2\/product_cat?post=702616"},{"taxonomy":"product_tag","embeddable":true,"href":"https:\/\/roveyayinevi.com.tr\/index.php\/wp-json\/wp\/v2\/product_tag?post=702616"}],"curies":[{"name":"wp","href":"https:\/\/api.w.org\/{rel}","templated":true}]}}