{"id":702614,"date":"2025-08-27T15:17:42","date_gmt":"2025-08-27T12:17:42","guid":{"rendered":"https:\/\/roveyayinevi.com.tr\/index.php\/urun\/islam-dini-ve-mezhepleri-tarihi-2-islam-akaid-sisteminde-gelismeler\/"},"modified":"2026-04-16T02:11:48","modified_gmt":"2026-04-15T23:11:48","slug":"islam-dini-ve-mezhepleri-tarihi-2-islam-akaid-sisteminde-gelismeler","status":"publish","type":"product","link":"https:\/\/roveyayinevi.com.tr\/index.php\/urun\/islam-dini-ve-mezhepleri-tarihi-2-islam-akaid-sisteminde-gelismeler\/","title":{"rendered":"\u0130slam Dini ve Mezhepleri Tarihi 2: \u0130slam Akaid Sisteminde Geli\u015fmeler"},"content":{"rendered":"<p>Bu kitap, Prof. Yusuf Ziya Y\u00f6r\u00fck\u00e2n\u2019\u0131n kaleme ald\u0131\u011f\u0131 kel\u00e2m tarihi ile ilgili bir \u00e7al\u0131\u015fmad\u0131r. O, burada, Hz. Ali zaman\u0131nda \u00e7\u0131kan din\u00ee ayr\u0131l\u0131klardan bu yana meydana gelen fikir hareketlerini, bunlardan bilhassa Selef ak\u00eedesini, Hasan-\u0131 Basr\u00ee meclisinde ba\u015flayan fikir ve ak\u00eede m\u00fcnaka\u015falar\u0131n\u0131, Emev\u00eelerin y\u0131k\u0131l\u0131\u015f ve Abbas\u00eelerin kurulu\u015f devirlerindeki geli\u015fmeleri, devir devir v\u00fccuda gelen din\u00ee hareketleri ara\u015ft\u0131rmaktad\u0131r. Yani, kel\u00e2m tart\u0131\u015fmalar\u0131n\u0131n en yo\u011fun bir \u015fekilde yap\u0131ld\u0131\u011f\u0131 mezhepleri, \u00f6zellikle S\u00fcnn\u00ee akaid sistemindeki geli\u015fmeleri konu edinmi\u015ftir. Bir ba\u015fka ifade ile, mezheplerin te\u015fekk\u00fcl\u00fcne vesile olan meselelerin veya as\u0131llar\u0131n felsef\u00ee tahlillerini yaparak, bize bir kel\u00e2m ilmi tarihi sunmaktad\u0131r. Prof. Y. Z. Y\u00f6r\u00fck\u00e2n, din\u00ee esaslar\u0131n de\u011fi\u015fik yorumlamalara tabi tutulmas\u0131yla Ehl-i S\u00fcnnet ak\u00eedesinin alm\u0131\u015f oldu\u011fu \u015fekilleri, bu farkl\u0131 yorumlamalar\u0131n ne gibi mezheplerin do\u011fmas\u0131na zemin haz\u0131rlam\u0131\u015f oldu\u011funu g\u00f6stermeye ve bir T\u00fcrk mezhebi olarak nitelendirdi\u011fi M\u00e2turid\u00eeli\u011fe ne \u015fekilde varm\u0131\u015f oldu\u011funu \u00e7e\u015fitli kar\u015f\u0131la\u015ft\u0131rmalar yaparak tan\u0131tmaya \u00e7al\u0131\u015fmaktad\u0131r. Ehl-i S\u00fcnnet olarak an\u0131lacak olan, E\u015f\u2019ar\u00eelik ve M\u00e2turidilik ve T\u00fcrk M\u00fcsl\u00fcmanl\u0131\u011f\u0131n\u0131n esaslar\u0131n\u0131 \u00f6\u011frenebilmek i\u00e7in, o devirdeki din\u00ee vaziyetin ne oldu\u011funu ve Selef\u2019in kabul etti\u011fi esaslar ile bu esaslar\u0131n felsef\u00ee tahlil ve tefsirinden do\u011fan mezheplerin neler oldu\u011funu daha yak\u0131ndan tan\u0131mam\u0131z gerekmektedir. <\/p>\n","protected":false},"excerpt":{"rendered":"<p>Bu kitap, Prof. Yusuf Ziya Y\u00f6r\u00fck\u00e2n\u2019\u0131n kaleme ald\u0131\u011f\u0131 kel\u00e2m tarihi ile ilgili bir \u00e7al\u0131\u015fmad\u0131r. O, burada, Hz. Ali zaman\u0131nda \u00e7\u0131kan din\u00ee ayr\u0131l\u0131klardan bu yana meydana gelen<span class=\"excerpt-hellip\"> [\u2026]<\/span><\/p>\n","protected":false},"featured_media":0,"template":"","meta":{"_monsterinsights_skip_tracking":false,"_monsterinsights_sitenote_active":false,"_monsterinsights_sitenote_note":"","_monsterinsights_sitenote_category":0},"product_brand":[],"product_cat":[12718,12719,18109],"product_tag":[],"class_list":{"0":"post-702614","1":"product","2":"type-product","3":"status-publish","5":"product_cat-din","6":"product_cat-islam","7":"product_cat-islam-tarihi","8":"pa_tur-kitap","9":"pa_yayinevi-otuken-nesriyat","10":"pa_yazar-yusuf-ziya-yorukan","12":"first","13":"instock","14":"sale","15":"shipping-taxable","16":"purchasable","17":"product-type-simple"},"_links":{"self":[{"href":"https:\/\/roveyayinevi.com.tr\/index.php\/wp-json\/wp\/v2\/product\/702614","targetHints":{"allow":["GET"]}}],"collection":[{"href":"https:\/\/roveyayinevi.com.tr\/index.php\/wp-json\/wp\/v2\/product"}],"about":[{"href":"https:\/\/roveyayinevi.com.tr\/index.php\/wp-json\/wp\/v2\/types\/product"}],"wp:attachment":[{"href":"https:\/\/roveyayinevi.com.tr\/index.php\/wp-json\/wp\/v2\/media?parent=702614"}],"wp:term":[{"taxonomy":"product_brand","embeddable":true,"href":"https:\/\/roveyayinevi.com.tr\/index.php\/wp-json\/wp\/v2\/product_brand?post=702614"},{"taxonomy":"product_cat","embeddable":true,"href":"https:\/\/roveyayinevi.com.tr\/index.php\/wp-json\/wp\/v2\/product_cat?post=702614"},{"taxonomy":"product_tag","embeddable":true,"href":"https:\/\/roveyayinevi.com.tr\/index.php\/wp-json\/wp\/v2\/product_tag?post=702614"}],"curies":[{"name":"wp","href":"https:\/\/api.w.org\/{rel}","templated":true}]}}