{"id":702613,"date":"2025-08-27T15:17:42","date_gmt":"2025-08-27T12:17:42","guid":{"rendered":"https:\/\/roveyayinevi.com.tr\/index.php\/urun\/kisa-osmanli-turkiye-tarihi-padisahlik-kulturu-ve-demokrasi-ulkusu\/"},"modified":"2026-04-16T02:11:48","modified_gmt":"2026-04-15T23:11:48","slug":"kisa-osmanli-turkiye-tarihi-padisahlik-kulturu-ve-demokrasi-ulkusu","status":"publish","type":"product","link":"https:\/\/roveyayinevi.com.tr\/index.php\/urun\/kisa-osmanli-turkiye-tarihi-padisahlik-kulturu-ve-demokrasi-ulkusu\/","title":{"rendered":"K\u0131sa Osmanl\u0131 T\u00fcrkiye Tarihi: Padi\u015fahl\u0131k K\u00fclt\u00fcr\u00fc ve Demokrasi \u00dclk\u00fcs\u00fc"},"content":{"rendered":"<p>T\u00fcrkiye\u2019nin \u201cm\u00fclk\u201d ve iktidar yap\u0131s\u0131n\u0131n mufassal bir tarihi. Osmanl\u0131 devletinin ve kimli\u011finin olu\u015fumundan, Cumhuriyetin \u201cdevleti kurtarma\u201d davas\u0131 pe\u015findeki in\u015fa s\u00fcrecine&#8230; Bildi\u011fimiz, bildi\u011fimizi d\u00fc\u015f\u00fcnd\u00fc\u011f\u00fcm\u00fcz her \u015feye d\u00f6n\u00fcp yeniden bakan ele\u015ftirel bir nazarla. T\u00fcrkiye, insanlar\u0131n \u201csiyaseten ve aymazl\u0131kla\u201d \u00f6ld\u00fcr\u00fcl\u00fcp durdu\u011fu bir \u00fclke olmaktan nas\u0131l \u00e7\u0131kar? Tarihe devlet zaviyesinden de\u011fil \u201ca\u015fa\u011f\u0131dakilerin\u201d hizas\u0131ndan bakan tarih\u00e7i Kudret Emiro\u011flu, Demokrasi \u00dclk\u00fcs\u00fc pe\u015finde, neredeyse ezel-ebed bir Padi\u015fahl\u0131k K\u00fclt\u00fcr\u00fc\u2019n\u00fcn tahlilini yap\u0131yor. <\/p>\n","protected":false},"excerpt":{"rendered":"<p>T\u00fcrkiye\u2019nin \u201cm\u00fclk\u201d ve iktidar yap\u0131s\u0131n\u0131n mufassal bir tarihi. Osmanl\u0131 devletinin ve kimli\u011finin olu\u015fumundan, Cumhuriyetin \u201cdevleti kurtarma\u201d davas\u0131 pe\u015findeki in\u015fa s\u00fcrecine&#8230; Bildi\u011fimiz, bildi\u011fimizi d\u00fc\u015f\u00fcnd\u00fc\u011f\u00fcm\u00fcz her \u015feye d\u00f6n\u00fcp<span class=\"excerpt-hellip\"> [\u2026]<\/span><\/p>\n","protected":false},"featured_media":0,"template":"","meta":{"_monsterinsights_skip_tracking":false,"_monsterinsights_sitenote_active":false,"_monsterinsights_sitenote_note":"","_monsterinsights_sitenote_category":0},"product_brand":[],"product_cat":[13590,12337],"product_tag":[],"class_list":{"0":"post-702613","1":"product","2":"type-product","3":"status-publish","5":"product_cat-arastirma-inceleme-politika-siyaset","6":"product_cat-politika-siyaset","7":"pa_cilt-ciltsiz","8":"pa_tur-kitap","9":"pa_yayinevi-iletisim-yayinlari","10":"pa_yazar-kudret-emiroglu","12":"first","13":"instock","14":"sale","15":"shipping-taxable","16":"purchasable","17":"product-type-simple"},"_links":{"self":[{"href":"https:\/\/roveyayinevi.com.tr\/index.php\/wp-json\/wp\/v2\/product\/702613","targetHints":{"allow":["GET"]}}],"collection":[{"href":"https:\/\/roveyayinevi.com.tr\/index.php\/wp-json\/wp\/v2\/product"}],"about":[{"href":"https:\/\/roveyayinevi.com.tr\/index.php\/wp-json\/wp\/v2\/types\/product"}],"wp:attachment":[{"href":"https:\/\/roveyayinevi.com.tr\/index.php\/wp-json\/wp\/v2\/media?parent=702613"}],"wp:term":[{"taxonomy":"product_brand","embeddable":true,"href":"https:\/\/roveyayinevi.com.tr\/index.php\/wp-json\/wp\/v2\/product_brand?post=702613"},{"taxonomy":"product_cat","embeddable":true,"href":"https:\/\/roveyayinevi.com.tr\/index.php\/wp-json\/wp\/v2\/product_cat?post=702613"},{"taxonomy":"product_tag","embeddable":true,"href":"https:\/\/roveyayinevi.com.tr\/index.php\/wp-json\/wp\/v2\/product_tag?post=702613"}],"curies":[{"name":"wp","href":"https:\/\/api.w.org\/{rel}","templated":true}]}}