{"id":702609,"date":"2025-08-27T15:17:41","date_gmt":"2025-08-27T12:17:41","guid":{"rendered":"https:\/\/roveyayinevi.com.tr\/index.php\/urun\/kuranin-elestirisi-2\/"},"modified":"2026-04-16T02:11:47","modified_gmt":"2026-04-15T23:11:47","slug":"kuranin-elestirisi-2","status":"publish","type":"product","link":"https:\/\/roveyayinevi.com.tr\/index.php\/urun\/kuranin-elestirisi-2\/","title":{"rendered":"Kur\u2019an\u2019\u0131n Ele\u015ftirisi 2"},"content":{"rendered":"<p>Prof. Dr. \u0130lhan Arsel bu kitab\u0131nda bilimsellik a\u00e7\u0131s\u0131ndan Kur\u2019an\u2019\u0131 ele almaktad\u0131r.  Semavi Dinlerin \u2018Kutsal\u2019 Bilinen Kitaplar\u0131  alt ba\u015fl\u0131\u011f\u0131yla yay\u0131mlanan dizinin bu \u00fc\u00e7\u00fcnc\u00fc kitab\u0131nda ele al\u0131nan baz\u0131 konular \u015funlard\u0131r: Kur\u2019an\u2019\u0131n Bilimsellikle \u00c7at\u0131\u015fan Y\u00f6nleri; Kur\u2019an\u2019daki Sonu Gelmez Tekrarlamalar ve Nedenleri;  Apa\u00e7\u0131k  Oldu\u011fu S\u00f6ylenen Kur\u2019an\u2019\u0131n,  Apa\u00e7\u0131k  Olmayan Y\u00f6nleri; Kur\u2019an\u2019\u0131n Baz\u0131 Ayetlerinin  Muhkem  (Kesin ve Anla\u015f\u0131l\u0131r), Baz\u0131lar\u0131n\u0131n ise  M\u00fcte\u015fabih  (\u00c7e\u015fitli Anlamlara Gelebilecek) \u015eekilde \u0130ndirilmi\u015f Olmas\u0131; \u0130\u00e7eriklik (Muhteva) Bak\u0131m\u0131ndan, Kur\u2019an\u2019daki Tutars\u0131zl\u0131klar, Uyumsuzluklar ve Bilimselli\u011fe Ayk\u0131r\u0131l\u0131klar&#8230; Yazar,  kutsal  bilinen kitaplarda anlat\u0131lagelen ak\u0131l ve bilim d\u0131\u015f\u0131 olgular\u0131 inceleyip tart\u0131\u015fmakta ve ele\u015ftirilerini bu kaynaklara dayand\u0131rmaktad\u0131r. <\/p>\n","protected":false},"excerpt":{"rendered":"<p>Prof. Dr. \u0130lhan Arsel bu kitab\u0131nda bilimsellik a\u00e7\u0131s\u0131ndan Kur\u2019an\u2019\u0131 ele almaktad\u0131r. Semavi Dinlerin \u2018Kutsal\u2019 Bilinen Kitaplar\u0131 alt ba\u015fl\u0131\u011f\u0131yla yay\u0131mlanan dizinin bu \u00fc\u00e7\u00fcnc\u00fc kitab\u0131nda ele al\u0131nan baz\u0131<span class=\"excerpt-hellip\"> [\u2026]<\/span><\/p>\n","protected":false},"featured_media":0,"template":"","meta":{"_monsterinsights_skip_tracking":false,"_monsterinsights_sitenote_active":false,"_monsterinsights_sitenote_note":"","_monsterinsights_sitenote_category":0},"product_brand":[],"product_cat":[12718,12719,17284],"product_tag":[],"class_list":{"0":"post-702609","1":"product","2":"type-product","3":"status-publish","5":"product_cat-din","6":"product_cat-islam","7":"product_cat-kuran-ve-kuran-uzerine","8":"pa_tur-kitap","9":"pa_yayinevi-kaynak-yayinlari","10":"pa_yazar-ilhan-arsel","12":"first","13":"instock","14":"sale","15":"shipping-taxable","16":"purchasable","17":"product-type-simple"},"_links":{"self":[{"href":"https:\/\/roveyayinevi.com.tr\/index.php\/wp-json\/wp\/v2\/product\/702609","targetHints":{"allow":["GET"]}}],"collection":[{"href":"https:\/\/roveyayinevi.com.tr\/index.php\/wp-json\/wp\/v2\/product"}],"about":[{"href":"https:\/\/roveyayinevi.com.tr\/index.php\/wp-json\/wp\/v2\/types\/product"}],"wp:attachment":[{"href":"https:\/\/roveyayinevi.com.tr\/index.php\/wp-json\/wp\/v2\/media?parent=702609"}],"wp:term":[{"taxonomy":"product_brand","embeddable":true,"href":"https:\/\/roveyayinevi.com.tr\/index.php\/wp-json\/wp\/v2\/product_brand?post=702609"},{"taxonomy":"product_cat","embeddable":true,"href":"https:\/\/roveyayinevi.com.tr\/index.php\/wp-json\/wp\/v2\/product_cat?post=702609"},{"taxonomy":"product_tag","embeddable":true,"href":"https:\/\/roveyayinevi.com.tr\/index.php\/wp-json\/wp\/v2\/product_tag?post=702609"}],"curies":[{"name":"wp","href":"https:\/\/api.w.org\/{rel}","templated":true}]}}