{"id":702608,"date":"2025-08-27T15:17:40","date_gmt":"2025-08-27T12:17:40","guid":{"rendered":"https:\/\/roveyayinevi.com.tr\/index.php\/urun\/kraken-bir-canavarin-anatomisi\/"},"modified":"2026-04-16T02:11:47","modified_gmt":"2026-04-15T23:11:47","slug":"kraken-bir-canavarin-anatomisi","status":"publish","type":"product","link":"https:\/\/roveyayinevi.com.tr\/index.php\/urun\/kraken-bir-canavarin-anatomisi\/","title":{"rendered":"Kraken Bir Canavar\u0131n Anatomisi"},"content":{"rendered":"<p>Londra Do\u011fal Tarih M\u00fczesi&#8217;ndeki Darwin Merkezi&#8217;nde, uzman olarak \u00e7al\u0131\u015fan Billy Harrow, merkezin en de\u011ferli, nadide t\u00fcr\u00fc olan Architeuthis dux&#8217;u -bilinen ad\u0131yla Dev M\u00fcrekkep Bal\u0131\u011f\u0131&#8217;n\u0131- tan\u0131tma ama\u00e7l\u0131 bir m\u00fcze turu yapmaktad\u0131r. Ancak Billy&#8217;nin turu, Dev M\u00fcrekkep Bal\u0131\u011f\u0131&#8217;n\u0131n aniden, ak\u0131llara durgunluk vererek s\u0131rra kadem basmas\u0131yla, beklenmedik bi\u00e7imde y\u00f6n de\u011fi\u015ftirir. \u00c7ok ge\u00e7meden bu olay, varl\u0131\u011f\u0131 bug\u00fcne kadar g\u00f6rmezden gelinmi\u015f gizemli ve etkili g\u00fc\u00e7lerin \u00f6l\u00fcm\u00fcne m\u00fccadelesini g\u00fcn y\u00fcz\u00fcne \u00e7\u0131kart\u0131r. \u0130nsanl\u0131\u011f\u0131n varolu\u015fundan bile eskilere dayanan, Dev M\u00fcrekkep Bal\u0131\u011f\u0131&#8217;na tapanlar\u0131n tarikat\u0131: Tanr\u0131 Kraken Kilisesi; Zavall\u0131 kurbanlar\u0131n\u0131n derisine m\u00fcrekkep olarak n\u00fcfuz eden ac\u0131mas\u0131z bir yeralt\u0131 d\u00fcnyas\u0131 lideri: D\u00f6vme; Londra&#8217;n\u0131n, b\u00fcy\u00fcc\u00fcl\u00fckle m\u00fccadele eden ba\u015far\u0131l\u0131 birimi: KTSB; Yard\u0131mc\u0131 ruhlar sendikas\u0131n\u0131n, Eski M\u0131s\u0131r&#8217;dan kopup gelmi\u015f bir ruh olan lideri: Wati; \u00d6l\u00fcm\u00fcnden sonra da var olmaya devam eden, Londra&#8217;n\u0131n en b\u00fcy\u00fck b\u00fcy\u00fcc\u00fcs\u00fc Grisamentum; Ezelden beri var olan bir adam ve bir \u00e7ocu\u011fun bir araya gelerek olu\u015fturdu\u011fu deh\u015fet verici ve karizmatik, \u015feytani ikili: Goss ve Subby&#8230; Fantastik edebiyat alan\u0131n\u0131n en sayg\u0131n \u00f6d\u00fcl\u00fc olarak kabul edilen Arthur C. Clarke \u00f6d\u00fcl\u00fcn\u00fc \u00fc\u00e7 kez kazanan tek yazar olan China Mi\u00e9ville, Kraken&#8217;de garip, karanl\u0131k, \u00fcrk\u00fct\u00fcc\u00fc bir kent \u00f6yk\u00fcs\u00fc anlat\u0131yor. Kraken&#8217;deki Londra, su\u00e7lular\u0131n, polislerin, tarikat \u00fcyelerinin, b\u00fcy\u00fcc\u00fclerin ve k\u00e2hinlerin, yakla\u015fan sonun g\u00f6lgesinde m\u00fccadele etti\u011fi, efsane ve b\u00fcy\u00fclerin gizemli sular\u0131nda y\u00fczen tekinsiz bir metropol olarak kar\u015f\u0131m\u0131za \u00e7\u0131k\u0131yor. \ufffcTan\u0131t\u0131m Metni<\/p>\n","protected":false},"excerpt":{"rendered":"<p>Londra Do\u011fal Tarih M\u00fczesi&#8217;ndeki Darwin Merkezi&#8217;nde, uzman olarak \u00e7al\u0131\u015fan Billy Harrow, merkezin en de\u011ferli, nadide t\u00fcr\u00fc olan Architeuthis dux&#8217;u -bilinen ad\u0131yla Dev M\u00fcrekkep Bal\u0131\u011f\u0131&#8217;n\u0131- tan\u0131tma ama\u00e7l\u0131<span class=\"excerpt-hellip\"> [\u2026]<\/span><\/p>\n","protected":false},"featured_media":0,"template":"","meta":{"_monsterinsights_skip_tracking":false,"_monsterinsights_sitenote_active":false,"_monsterinsights_sitenote_note":"","_monsterinsights_sitenote_category":0},"product_brand":[],"product_cat":[12291,14777],"product_tag":[],"class_list":{"0":"post-702608","1":"product","2":"type-product","3":"status-publish","5":"product_cat-edebiyat","6":"product_cat-fantastik","7":"pa_cilt-ciltsiz","8":"pa_tur-kitap","9":"pa_yayinevi-yordam-kitap","10":"pa_yazar-china-mieville","12":"first","13":"instock","14":"sale","15":"shipping-taxable","16":"purchasable","17":"product-type-simple"},"_links":{"self":[{"href":"https:\/\/roveyayinevi.com.tr\/index.php\/wp-json\/wp\/v2\/product\/702608","targetHints":{"allow":["GET"]}}],"collection":[{"href":"https:\/\/roveyayinevi.com.tr\/index.php\/wp-json\/wp\/v2\/product"}],"about":[{"href":"https:\/\/roveyayinevi.com.tr\/index.php\/wp-json\/wp\/v2\/types\/product"}],"wp:attachment":[{"href":"https:\/\/roveyayinevi.com.tr\/index.php\/wp-json\/wp\/v2\/media?parent=702608"}],"wp:term":[{"taxonomy":"product_brand","embeddable":true,"href":"https:\/\/roveyayinevi.com.tr\/index.php\/wp-json\/wp\/v2\/product_brand?post=702608"},{"taxonomy":"product_cat","embeddable":true,"href":"https:\/\/roveyayinevi.com.tr\/index.php\/wp-json\/wp\/v2\/product_cat?post=702608"},{"taxonomy":"product_tag","embeddable":true,"href":"https:\/\/roveyayinevi.com.tr\/index.php\/wp-json\/wp\/v2\/product_tag?post=702608"}],"curies":[{"name":"wp","href":"https:\/\/api.w.org\/{rel}","templated":true}]}}