{"id":702605,"date":"2025-08-27T15:17:39","date_gmt":"2025-08-27T12:17:39","guid":{"rendered":"https:\/\/roveyayinevi.com.tr\/index.php\/urun\/karanlik-zihinler\/"},"modified":"2026-04-16T02:11:47","modified_gmt":"2026-04-15T23:11:47","slug":"karanlik-zihinler","status":"publish","type":"product","link":"https:\/\/roveyayinevi.com.tr\/index.php\/urun\/karanlik-zihinler\/","title":{"rendered":"Karanl\u0131k Zihinler"},"content":{"rendered":"<p>Ad\u0131m Ruby. Hepinizden farkl\u0131y\u0131m. Akl\u0131n\u0131z\u0131n derinliklerinde gezinebilir, an\u0131lar\u0131n\u0131z\u0131 hi\u00e7 ya\u015famam\u0131\u015fs\u0131n\u0131z gibi silebilirim. Hen\u00fcz on ya\u015f\u0131ndayken Thurmond&#8217;daki bu rehabilitasyon kamp\u0131na g\u00f6nderildim. Hem de kendi ailem taraf\u0131ndan&#8230; Burada her ad\u0131m\u0131m\u0131z izleniyor, nefes al\u0131\u015f veri\u015flerimiz bile. Yaln\u0131z de\u011filim. Maviler&#8230; Ye\u015filler&#8230; Turuncular&#8230; Sar\u0131lar ve K\u0131rm\u0131z\u0131lar&#8230; Karanl\u0131k Zihinler&#8230; Ve ya\u015famak i\u00e7in saklanmak zorunda kalanlar ve ka\u00e7anlar&#8230; <\/p>\n","protected":false},"excerpt":{"rendered":"<p>Ad\u0131m Ruby. Hepinizden farkl\u0131y\u0131m. Akl\u0131n\u0131z\u0131n derinliklerinde gezinebilir, an\u0131lar\u0131n\u0131z\u0131 hi\u00e7 ya\u015famam\u0131\u015fs\u0131n\u0131z gibi silebilirim. Hen\u00fcz on ya\u015f\u0131ndayken Thurmond&#8217;daki bu rehabilitasyon kamp\u0131na g\u00f6nderildim. Hem de kendi ailem taraf\u0131ndan&#8230; Burada<span class=\"excerpt-hellip\"> [\u2026]<\/span><\/p>\n","protected":false},"featured_media":0,"template":"","meta":{"_monsterinsights_skip_tracking":false,"_monsterinsights_sitenote_active":false,"_monsterinsights_sitenote_note":"","_monsterinsights_sitenote_category":0},"product_brand":[],"product_cat":[12291,12711],"product_tag":[],"class_list":{"0":"post-702605","1":"product","2":"type-product","3":"status-publish","5":"product_cat-edebiyat","6":"product_cat-roman-oyku","7":"pa_tur-kitap","8":"pa_yayinevi-parodi-yayinlari","9":"pa_yazar-alexandra-bracken","11":"first","12":"instock","13":"sale","14":"shipping-taxable","15":"purchasable","16":"product-type-simple"},"_links":{"self":[{"href":"https:\/\/roveyayinevi.com.tr\/index.php\/wp-json\/wp\/v2\/product\/702605","targetHints":{"allow":["GET"]}}],"collection":[{"href":"https:\/\/roveyayinevi.com.tr\/index.php\/wp-json\/wp\/v2\/product"}],"about":[{"href":"https:\/\/roveyayinevi.com.tr\/index.php\/wp-json\/wp\/v2\/types\/product"}],"wp:attachment":[{"href":"https:\/\/roveyayinevi.com.tr\/index.php\/wp-json\/wp\/v2\/media?parent=702605"}],"wp:term":[{"taxonomy":"product_brand","embeddable":true,"href":"https:\/\/roveyayinevi.com.tr\/index.php\/wp-json\/wp\/v2\/product_brand?post=702605"},{"taxonomy":"product_cat","embeddable":true,"href":"https:\/\/roveyayinevi.com.tr\/index.php\/wp-json\/wp\/v2\/product_cat?post=702605"},{"taxonomy":"product_tag","embeddable":true,"href":"https:\/\/roveyayinevi.com.tr\/index.php\/wp-json\/wp\/v2\/product_tag?post=702605"}],"curies":[{"name":"wp","href":"https:\/\/api.w.org\/{rel}","templated":true}]}}