{"id":702602,"date":"2025-08-27T15:17:38","date_gmt":"2025-08-27T12:17:38","guid":{"rendered":"https:\/\/roveyayinevi.com.tr\/index.php\/urun\/ilk-nedenler-kitabim\/"},"modified":"2026-04-16T02:11:47","modified_gmt":"2026-04-15T23:11:47","slug":"ilk-nedenler-kitabim","status":"publish","type":"product","link":"https:\/\/roveyayinevi.com.tr\/index.php\/urun\/ilk-nedenler-kitabim\/","title":{"rendered":"\u0130lk Nedenler Kitab\u0131m"},"content":{"rendered":"<p>Ebeveynler \u201cNeden?\u201d sorusunu \u00e7ocuklar\u0131ndan ne kadar da s\u0131k duyarlar!NationalGeographicKids\u0130lk Nedenler Kitab\u0131m ile \u00e7ocuklar \u201c\u00e7\u00fcnk\u00fc\u201d cevab\u0131n\u0131n \u00f6tesine ge\u00e7ebilecek, ya\u015flar\u0131na uygun, b\u00fcy\u00fcleyici ve do\u011fru bilgiler edinecekler. Her b\u00f6l\u00fcm sonunda bulabilece\u011finiz sorular \u00e7ocuklar\u0131 kat\u0131l\u0131m i\u00e7in cesaretlendirirken, ailelere verilen ipu\u00e7lar\u0131 \u00e7ocuklar\u0131n deneyimlerinin geli\u015fmesini sa\u011flayacak. Ayr\u0131ca \u201cNeden Olmas\u0131n?\u201d b\u00f6l\u00fcmleriyle \u00e7ocuklar kendi bilgilerini test edebilecekler. 300\u2019den fazla parlak ve renkli resim, \u00e7ocuklar\u0131n hayal d\u00fcnyas\u0131n\u0131 desteklerken onlar\u0131 fazlas\u0131yla e\u011flendirecek. <\/p>\n","protected":false},"excerpt":{"rendered":"<p>Ebeveynler \u201cNeden?\u201d sorusunu \u00e7ocuklar\u0131ndan ne kadar da s\u0131k duyarlar!NationalGeographicKids\u0130lk Nedenler Kitab\u0131m ile \u00e7ocuklar \u201c\u00e7\u00fcnk\u00fc\u201d cevab\u0131n\u0131n \u00f6tesine ge\u00e7ebilecek, ya\u015flar\u0131na uygun, b\u00fcy\u00fcleyici ve do\u011fru bilgiler edinecekler. Her b\u00f6l\u00fcm<span class=\"excerpt-hellip\"> [\u2026]<\/span><\/p>\n","protected":false},"featured_media":0,"template":"","meta":{"_monsterinsights_skip_tracking":false,"_monsterinsights_sitenote_active":false,"_monsterinsights_sitenote_note":"","_monsterinsights_sitenote_category":0},"product_brand":[],"product_cat":[12275,12274],"product_tag":[],"class_list":{"0":"post-702602","1":"product","2":"type-product","3":"status-publish","5":"product_cat-6-12-yas-kitaplari","6":"product_cat-cocuk-ve-genclik-kitaplari","7":"pa_cilt-ciltsiz","8":"pa_tur-kitap","9":"pa_yayinevi-beta-kids","10":"pa_yazar-amy-shields","12":"first","13":"instock","14":"sale","15":"shipping-taxable","16":"purchasable","17":"product-type-simple"},"_links":{"self":[{"href":"https:\/\/roveyayinevi.com.tr\/index.php\/wp-json\/wp\/v2\/product\/702602","targetHints":{"allow":["GET"]}}],"collection":[{"href":"https:\/\/roveyayinevi.com.tr\/index.php\/wp-json\/wp\/v2\/product"}],"about":[{"href":"https:\/\/roveyayinevi.com.tr\/index.php\/wp-json\/wp\/v2\/types\/product"}],"wp:attachment":[{"href":"https:\/\/roveyayinevi.com.tr\/index.php\/wp-json\/wp\/v2\/media?parent=702602"}],"wp:term":[{"taxonomy":"product_brand","embeddable":true,"href":"https:\/\/roveyayinevi.com.tr\/index.php\/wp-json\/wp\/v2\/product_brand?post=702602"},{"taxonomy":"product_cat","embeddable":true,"href":"https:\/\/roveyayinevi.com.tr\/index.php\/wp-json\/wp\/v2\/product_cat?post=702602"},{"taxonomy":"product_tag","embeddable":true,"href":"https:\/\/roveyayinevi.com.tr\/index.php\/wp-json\/wp\/v2\/product_tag?post=702602"}],"curies":[{"name":"wp","href":"https:\/\/api.w.org\/{rel}","templated":true}]}}