{"id":702601,"date":"2025-08-27T15:17:38","date_gmt":"2025-08-27T12:17:38","guid":{"rendered":"https:\/\/roveyayinevi.com.tr\/index.php\/urun\/kim-var-imis-biz-burada-yog-iken-dort-osmanli-yeniceri-tuccar-dervis-ve-hatun\/"},"modified":"2026-04-16T02:11:47","modified_gmt":"2026-04-15T23:11:47","slug":"kim-var-imis-biz-burada-yog-iken-dort-osmanli-yeniceri-tuccar-dervis-ve-hatun","status":"publish","type":"product","link":"https:\/\/roveyayinevi.com.tr\/index.php\/urun\/kim-var-imis-biz-burada-yog-iken-dort-osmanli-yeniceri-tuccar-dervis-ve-hatun\/","title":{"rendered":"Kim Var \u0130mi\u015f Biz Burada Yo\u011f \u0130ken &#8211; D\u00f6rt Osmanl\u0131: Yeni\u00e7eri, T\u00fcccar, Dervi\u015f ve Hatun"},"content":{"rendered":"<p>Cemal Kafadar bu kitapta bir araya getirdi\u011fi d\u00f6rt denemede, on alt\u0131nc\u0131 ve on yedinci y\u00fczy\u0131llar Osmanl\u0131 d\u00fcnyas\u0131ndan d\u00f6rt ki\u015fiyi ele al\u0131yor: Babas\u0131ndan kalan arazi \u00fczerindeki haklar\u0131n\u0131 korumak i\u00e7in divan-\u0131 h\u00fcmayuna ba\u015fvuran Mustafa adl\u0131 Yeni\u00e7eri; \u0130stanbul&#8217;da g\u00fcnce tutan Seyyid Hasan adl\u0131 dervi\u015f; ticaret i\u00e7in gitti\u011fi Venedik&#8217;te \u00f6len Aya\u015fl\u0131 H\u00fcseyin \u00c7elebi; r\u00fcyalar\u0131n\u0131 kaleme alarak \u015feyhine mektupla g\u00f6nderen ve bu yolla ir\u015fad edilmeyi bekleyen \u00dcsk\u00fcpl\u00fc Asiye Hatun. Yaz\u0131lar\u0131n her biri ampirik malzemeye, Kafadar&#8217;\u0131n ar\u015fivlerde ve yazma k\u00fct\u00fcphanelerinde buldu\u011fu kaynaklara dayan\u0131yor, ancak tarih\u00e7inin uzak g\u00f6zl\u00fc\u011f\u00fc sayd\u0131\u011f\u0131 y\u00f6ntem, paradigma ve felsefe sorunlar\u0131yla da u\u011fra\u015f\u0131yor. Osmanl\u0131 tarihi konusundaki ezberlerimizi bozarak, yeni ba\u015ftan d\u00fc\u015f\u00fcnmeye davet eden bir kitap.YAZAR HAKKINDA: Harvard \u00dcniversitesi Orta Do\u011fu Tarihi profes\u00f6r\u00fc. \ufffcTan\u0131t\u0131m Metni<\/p>\n","protected":false},"excerpt":{"rendered":"<p>Cemal Kafadar bu kitapta bir araya getirdi\u011fi d\u00f6rt denemede, on alt\u0131nc\u0131 ve on yedinci y\u00fczy\u0131llar Osmanl\u0131 d\u00fcnyas\u0131ndan d\u00f6rt ki\u015fiyi ele al\u0131yor: Babas\u0131ndan kalan arazi \u00fczerindeki haklar\u0131n\u0131<span class=\"excerpt-hellip\"> [\u2026]<\/span><\/p>\n","protected":false},"featured_media":0,"template":"","meta":{"_monsterinsights_skip_tracking":false,"_monsterinsights_sitenote_active":false,"_monsterinsights_sitenote_note":"","_monsterinsights_sitenote_category":0},"product_brand":[],"product_cat":[12777,12291],"product_tag":[],"class_list":{"0":"post-702601","1":"product","2":"type-product","3":"status-publish","5":"product_cat-deneme","6":"product_cat-edebiyat","7":"pa_cilt-ciltsiz","8":"pa_tur-kitap","9":"pa_yayinevi-metis-yayinlari","10":"pa_yazar-cemal-kafadar","12":"first","13":"instock","14":"sale","15":"shipping-taxable","16":"purchasable","17":"product-type-simple"},"_links":{"self":[{"href":"https:\/\/roveyayinevi.com.tr\/index.php\/wp-json\/wp\/v2\/product\/702601","targetHints":{"allow":["GET"]}}],"collection":[{"href":"https:\/\/roveyayinevi.com.tr\/index.php\/wp-json\/wp\/v2\/product"}],"about":[{"href":"https:\/\/roveyayinevi.com.tr\/index.php\/wp-json\/wp\/v2\/types\/product"}],"wp:attachment":[{"href":"https:\/\/roveyayinevi.com.tr\/index.php\/wp-json\/wp\/v2\/media?parent=702601"}],"wp:term":[{"taxonomy":"product_brand","embeddable":true,"href":"https:\/\/roveyayinevi.com.tr\/index.php\/wp-json\/wp\/v2\/product_brand?post=702601"},{"taxonomy":"product_cat","embeddable":true,"href":"https:\/\/roveyayinevi.com.tr\/index.php\/wp-json\/wp\/v2\/product_cat?post=702601"},{"taxonomy":"product_tag","embeddable":true,"href":"https:\/\/roveyayinevi.com.tr\/index.php\/wp-json\/wp\/v2\/product_tag?post=702601"}],"curies":[{"name":"wp","href":"https:\/\/api.w.org\/{rel}","templated":true}]}}