{"id":702598,"date":"2025-08-27T15:17:36","date_gmt":"2025-08-27T12:17:36","guid":{"rendered":"https:\/\/roveyayinevi.com.tr\/index.php\/urun\/ilk-hayvanlar-kitabim-national-geographic-kids\/"},"modified":"2026-04-16T02:11:47","modified_gmt":"2026-04-15T23:11:47","slug":"ilk-hayvanlar-kitabim-national-geographic-kids","status":"publish","type":"product","link":"https:\/\/roveyayinevi.com.tr\/index.php\/urun\/ilk-hayvanlar-kitabim-national-geographic-kids\/","title":{"rendered":"\u0130lk Hayvanlar Kitab\u0131m &#8211; National Geographic Kids"},"content":{"rendered":"<p>\u0130lk Hayvanlar Kitab\u0131m renkli ve kolay okunan tasar\u0131m\u0131yla National Geographic uzmanl\u0131\u011f\u0131n\u0131n bulu\u015ftu\u011fu e\u011flenceli bir ilk kitap. Sevilen hayvanlar\u0131n nelerle beslenip, nerelerde uyuduklar\u0131, nerelerde ya\u015fad\u0131klar\u0131 ve \u00e7ocuklar\u0131n merak etti\u011fi bir\u00e7ok farkl\u0131 bilgi \u0130lk Hayvanlar Kitab\u0131m\u2019da   Yunuslar, kelebekler, kurba\u011falar ya da penguenler\u2026 150\u2019den fazla foto\u011frafla bu ilgi \u00e7ekici hayvanlar\u0131n ya\u015fam\u0131na dair \u00f6\u011frenmek istedi\u011fin her detay bu kitapta. <\/p>\n","protected":false},"excerpt":{"rendered":"<p>\u0130lk Hayvanlar Kitab\u0131m renkli ve kolay okunan tasar\u0131m\u0131yla National Geographic uzmanl\u0131\u011f\u0131n\u0131n bulu\u015ftu\u011fu e\u011flenceli bir ilk kitap. Sevilen hayvanlar\u0131n nelerle beslenip, nerelerde uyuduklar\u0131, nerelerde ya\u015fad\u0131klar\u0131 ve \u00e7ocuklar\u0131n<span class=\"excerpt-hellip\"> [\u2026]<\/span><\/p>\n","protected":false},"featured_media":0,"template":"","meta":{"_monsterinsights_skip_tracking":false,"_monsterinsights_sitenote_active":false,"_monsterinsights_sitenote_note":"","_monsterinsights_sitenote_category":0},"product_brand":[],"product_cat":[12275,12274],"product_tag":[],"class_list":{"0":"post-702598","1":"product","2":"type-product","3":"status-publish","5":"product_cat-6-12-yas-kitaplari","6":"product_cat-cocuk-ve-genclik-kitaplari","7":"pa_cilt-ciltsiz","8":"pa_tur-kitap","9":"pa_yayinevi-beta-kids","10":"pa_yazar-catherine-d-hughes","12":"first","13":"instock","14":"sale","15":"shipping-taxable","16":"purchasable","17":"product-type-simple"},"_links":{"self":[{"href":"https:\/\/roveyayinevi.com.tr\/index.php\/wp-json\/wp\/v2\/product\/702598","targetHints":{"allow":["GET"]}}],"collection":[{"href":"https:\/\/roveyayinevi.com.tr\/index.php\/wp-json\/wp\/v2\/product"}],"about":[{"href":"https:\/\/roveyayinevi.com.tr\/index.php\/wp-json\/wp\/v2\/types\/product"}],"wp:attachment":[{"href":"https:\/\/roveyayinevi.com.tr\/index.php\/wp-json\/wp\/v2\/media?parent=702598"}],"wp:term":[{"taxonomy":"product_brand","embeddable":true,"href":"https:\/\/roveyayinevi.com.tr\/index.php\/wp-json\/wp\/v2\/product_brand?post=702598"},{"taxonomy":"product_cat","embeddable":true,"href":"https:\/\/roveyayinevi.com.tr\/index.php\/wp-json\/wp\/v2\/product_cat?post=702598"},{"taxonomy":"product_tag","embeddable":true,"href":"https:\/\/roveyayinevi.com.tr\/index.php\/wp-json\/wp\/v2\/product_tag?post=702598"}],"curies":[{"name":"wp","href":"https:\/\/api.w.org\/{rel}","templated":true}]}}