{"id":702596,"date":"2025-08-27T15:17:36","date_gmt":"2025-08-27T12:17:36","guid":{"rendered":"https:\/\/roveyayinevi.com.tr\/index.php\/urun\/turk-kimligi-ve-turk-dunyasi\/"},"modified":"2026-04-16T02:11:47","modified_gmt":"2026-04-15T23:11:47","slug":"turk-kimligi-ve-turk-dunyasi","status":"publish","type":"product","link":"https:\/\/roveyayinevi.com.tr\/index.php\/urun\/turk-kimligi-ve-turk-dunyasi\/","title":{"rendered":"T\u00fcrk Kimli\u011fi ve T\u00fcrk D\u00fcnyas\u0131"},"content":{"rendered":"<p>T\u00fcrkiye bug\u00fcn, tarihi k\u0131blesine d\u00f6n\u00fck bir iman hamlesi i\u00e7inde g\u00f6r\u00fcnmektedir. Bu a\u00e7\u0131dan bak\u0131ld\u0131\u011f\u0131nda, b\u00fcy\u00fck zamanlar ya\u015famakta oldu\u011fumuz s\u00f6ylenebilir. T\u00fcrk k\u00fclt\u00fcr co\u011frafyas\u0131n\u0131n b\u00fct\u00fcn alanlar\u0131, tarihinin hi\u00e7 bir d\u00f6neminde olmad\u0131\u011f\u0131 kadar birbirine a\u00e7\u0131lm\u0131\u015ft\u0131r; \u00e7ok b\u00fcy\u00fck ve g\u00fczel k\u00fclt\u00fcrel a\u00e7\u0131l\u0131\u015flar\u0131n imkanlar\u0131 do\u011fmu\u015ftur. Yukar\u0131da s\u00f6ylediklerimizi hat\u0131rlarsak, bu imkanlar\u0131 de\u011ferlendirebilmek i\u00e7in, bu iman hareketini alevlendirip geni\u015fletmek, b\u00f6ylece, toplumun kendine g\u00fcvenini sa\u011flayarak, k\u00fclt\u00fcrel yarat\u0131c\u0131l\u0131\u011f\u0131 beslemek gerekecektir. E\u011fer bu iman hamlesi, k\u0131blesini kaybetmeden, zengin ve sa\u011fl\u0131kl\u0131 bir fikir muhtevas\u0131na ve \u00e7a\u011fda\u015f ve sa\u011fl\u0131kl\u0131 \u00f6l\u00e7\u00fclere sahip olamazsa gelene\u011fi, gelece\u011fin malzemesi ve \u00fcslup \u00f6rne\u011fi gibi g\u00f6rmeyip, mukaddeslerimiz aras\u0131na al\u0131rsa, kaybolmu\u015f zamanlar\u0131 ya\u015fam\u0131\u015f olaca\u011f\u0131z. \u00dcmidimiz ve duam\u0131z, T\u00fcrk k\u00fclt\u00fcr\u00fcn\u00fcn yeni bir a\u00e7\u0131l\u0131\u015f d\u00f6nemine girmesi. <\/p>\n","protected":false},"excerpt":{"rendered":"<p>T\u00fcrkiye bug\u00fcn, tarihi k\u0131blesine d\u00f6n\u00fck bir iman hamlesi i\u00e7inde g\u00f6r\u00fcnmektedir. Bu a\u00e7\u0131dan bak\u0131ld\u0131\u011f\u0131nda, b\u00fcy\u00fck zamanlar ya\u015famakta oldu\u011fumuz s\u00f6ylenebilir. T\u00fcrk k\u00fclt\u00fcr co\u011frafyas\u0131n\u0131n b\u00fct\u00fcn alanlar\u0131, tarihinin hi\u00e7 bir<span class=\"excerpt-hellip\"> [\u2026]<\/span><\/p>\n","protected":false},"featured_media":0,"template":"","meta":{"_monsterinsights_skip_tracking":false,"_monsterinsights_sitenote_active":false,"_monsterinsights_sitenote_note":"","_monsterinsights_sitenote_category":0},"product_brand":[],"product_cat":[13633,12324],"product_tag":[],"class_list":{"0":"post-702596","1":"product","2":"type-product","3":"status-publish","5":"product_cat-kultur-ve-bilim","6":"product_cat-sosyoloji","7":"pa_tur-kitap","8":"pa_yayinevi-otuken-nesriyat","9":"pa_yazar-nevzat-kosoglu","11":"first","12":"instock","13":"sale","14":"shipping-taxable","15":"purchasable","16":"product-type-simple"},"_links":{"self":[{"href":"https:\/\/roveyayinevi.com.tr\/index.php\/wp-json\/wp\/v2\/product\/702596","targetHints":{"allow":["GET"]}}],"collection":[{"href":"https:\/\/roveyayinevi.com.tr\/index.php\/wp-json\/wp\/v2\/product"}],"about":[{"href":"https:\/\/roveyayinevi.com.tr\/index.php\/wp-json\/wp\/v2\/types\/product"}],"wp:attachment":[{"href":"https:\/\/roveyayinevi.com.tr\/index.php\/wp-json\/wp\/v2\/media?parent=702596"}],"wp:term":[{"taxonomy":"product_brand","embeddable":true,"href":"https:\/\/roveyayinevi.com.tr\/index.php\/wp-json\/wp\/v2\/product_brand?post=702596"},{"taxonomy":"product_cat","embeddable":true,"href":"https:\/\/roveyayinevi.com.tr\/index.php\/wp-json\/wp\/v2\/product_cat?post=702596"},{"taxonomy":"product_tag","embeddable":true,"href":"https:\/\/roveyayinevi.com.tr\/index.php\/wp-json\/wp\/v2\/product_tag?post=702596"}],"curies":[{"name":"wp","href":"https:\/\/api.w.org\/{rel}","templated":true}]}}