{"id":702595,"date":"2025-08-27T15:17:35","date_gmt":"2025-08-27T12:17:35","guid":{"rendered":"https:\/\/roveyayinevi.com.tr\/index.php\/urun\/celo\/"},"modified":"2026-04-16T02:11:47","modified_gmt":"2026-04-15T23:11:47","slug":"celo","status":"publish","type":"product","link":"https:\/\/roveyayinevi.com.tr\/index.php\/urun\/celo\/","title":{"rendered":"\u00c7elo"},"content":{"rendered":"<p>1973, T\u00fcrk Dil Kurumu \u00f6d\u00fcl\u00fc alm\u0131\u015ft\u0131r. Yazar\u0131n \u00e7ift\u00e7ilik y\u0131llar\u0131nda biriktirdi\u011fi resim ve s\u00f6zlerin \u00c7elo&#8217;nun hak arama m\u00fccadelesi i\u00e7erisinde mezcedili\u015fidir. Umutsuz sevgi ve zorla evlendirilme konular\u0131n\u0131 i\u015fler. &#8220;Demek Abi, h\u00f6k\u00fcmete ba\u015fvurursak bu i\u015f olur. Demek, aran\u0131rsa arazimi al\u0131r\u0131m. Aah, bana bir atal\u0131k, bir babal\u0131k etsen de mal\u0131m\u0131 m\u00fclk\u00fcm\u00fc el ellerinden kurtarsan&#8230; \u0130ki d\u00fcnyada da duac\u0131n olurum.&#8221; T\u00fcrk k\u00f6yl\u00fcs\u00fcn\u00fc g\u00f6rmek istedi\u011finiz gibi de\u011fil, oldu\u011fu gibi g\u00f6rmek i\u00e7in okunmas\u0131 l\u00fczumlu bir eser.<\/p>\n","protected":false},"excerpt":{"rendered":"<p>1973, T\u00fcrk Dil Kurumu \u00f6d\u00fcl\u00fc alm\u0131\u015ft\u0131r. Yazar\u0131n \u00e7ift\u00e7ilik y\u0131llar\u0131nda biriktirdi\u011fi resim ve s\u00f6zlerin \u00c7elo&#8217;nun hak arama m\u00fccadelesi i\u00e7erisinde mezcedili\u015fidir. Umutsuz sevgi ve zorla evlendirilme konular\u0131n\u0131 i\u015fler.<span class=\"excerpt-hellip\"> [\u2026]<\/span><\/p>\n","protected":false},"featured_media":0,"template":"","meta":{"_monsterinsights_skip_tracking":false,"_monsterinsights_sitenote_active":false,"_monsterinsights_sitenote_note":"","_monsterinsights_sitenote_category":0},"product_brand":[],"product_cat":[12291,12292],"product_tag":[],"class_list":{"0":"post-702595","1":"product","2":"type-product","3":"status-publish","5":"product_cat-edebiyat","6":"product_cat-turk-edebiyati","7":"pa_cilt-ciltsiz","8":"pa_tur-kitap","9":"pa_yayinevi-otuken-nesriyat","10":"pa_yazar-abbas-sayar","12":"first","13":"instock","14":"sale","15":"shipping-taxable","16":"purchasable","17":"product-type-simple"},"_links":{"self":[{"href":"https:\/\/roveyayinevi.com.tr\/index.php\/wp-json\/wp\/v2\/product\/702595","targetHints":{"allow":["GET"]}}],"collection":[{"href":"https:\/\/roveyayinevi.com.tr\/index.php\/wp-json\/wp\/v2\/product"}],"about":[{"href":"https:\/\/roveyayinevi.com.tr\/index.php\/wp-json\/wp\/v2\/types\/product"}],"wp:attachment":[{"href":"https:\/\/roveyayinevi.com.tr\/index.php\/wp-json\/wp\/v2\/media?parent=702595"}],"wp:term":[{"taxonomy":"product_brand","embeddable":true,"href":"https:\/\/roveyayinevi.com.tr\/index.php\/wp-json\/wp\/v2\/product_brand?post=702595"},{"taxonomy":"product_cat","embeddable":true,"href":"https:\/\/roveyayinevi.com.tr\/index.php\/wp-json\/wp\/v2\/product_cat?post=702595"},{"taxonomy":"product_tag","embeddable":true,"href":"https:\/\/roveyayinevi.com.tr\/index.php\/wp-json\/wp\/v2\/product_tag?post=702595"}],"curies":[{"name":"wp","href":"https:\/\/api.w.org\/{rel}","templated":true}]}}