{"id":702594,"date":"2025-08-27T15:17:35","date_gmt":"2025-08-27T12:17:35","guid":{"rendered":"https:\/\/roveyayinevi.com.tr\/index.php\/urun\/mechul-subay\/"},"modified":"2026-04-16T02:11:47","modified_gmt":"2026-04-15T23:11:47","slug":"mechul-subay","status":"publish","type":"product","link":"https:\/\/roveyayinevi.com.tr\/index.php\/urun\/mechul-subay\/","title":{"rendered":"Me\u00e7hul Subay"},"content":{"rendered":"<p>Aman ya Rabbi! Nas\u0131l anlatay\u0131m, \u015fiddetli surette etrafta toprak b\u0131rakmad\u0131. Ba\u015f\u0131m\u0131za ge\u00e7irdi. Par\u00e7alar bir taraftan, mahfuz mahallerinden \u00e7\u0131kamad\u0131k. Bizim yan\u0131m\u0131zda seri ate\u015flerin [toplar\u0131n] cephanesi ate\u015flendi. D\u00fc\u015fmandan ziyade kendi cephanemizden korktuk. Ak\u015fam [alaturka] saat ikiye kadar Bo\u011faz i\u00e7erisinden gemiler \u00e7\u0131kmad\u0131lar. Sabaha kadar top ba\u015f\u0131nda n\u00f6bette idik. Gece \u00e7\u0131k\u0131p gittiler. D\u00f6rt z\u0131rhl\u0131 bir torpido[nun] yand\u0131\u011f\u0131 her tarafa ilan olundu.18 Mart 1915, \u00c7anakkale \u00c7anakkale\u2019ye ilk ate\u015f 3 Kas\u0131m 1914\u2019te Sedd\u00fclbahir\u2019e yap\u0131lan bombard\u0131manla d\u00fc\u015fm\u00fc\u015ft\u00fcr. 19 \u015eubat 1915\u2019te ba\u015flayan Bo\u011faz Harek\u00e2t\u0131 ise 18 Mart 1915\u2019te T\u00fcrk tabyalar\u0131 \u00f6n\u00fcnde sona ermi\u015ftir. Bir top\u00e7u subay\u0131 olarak \u00c7anakkale\u2019ye gidi\u015fini, g\u00f6rev yeri \u0130ntepe\u2019de d\u00fc\u015fmanla giri\u015filen m\u00fccadeleyi, Rumeli yakas\u0131ndaki Sedd\u00fclbahir ve Ertu\u011frul tabyalar\u0131 ile Anadolu yakas\u0131ndaki Kumkale ve Orhaniye tabyalar\u0131n\u0131n tahrip edili\u015fini, Sedd\u00fclbahir, Ar\u0131burnu ve Suvla \u00e7\u0131kartmalar\u0131n\u0131 anlatan Me\u00e7hul Subay\u2019\u0131n ilk notu 18 Aral\u0131k 1914 tarihine, son notu ise 20 Eyl\u00fcl 1915 tarihine aittir.  \u00c7anakkale Sava\u015flar\u0131n\u0131n en \u00f6nemli kaynaklar\u0131 muhakkak ki d\u00f6nemin ar\u015fiv belgeleri ile sava\u015fa kat\u0131lm\u0131\u015f askerlerin hat\u0131ra ve g\u00fcnl\u00fckleridir. Her ge\u00e7en g\u00fcn yenilerinin ne\u015fredildi\u011fi bu g\u00fcnl\u00fck ve hat\u0131ralardan biri de hen\u00fcz yay\u0131nlanmam\u0131\u015f, kitab\u0131m\u0131z\u0131n da konusunu te\u015fkil eden M\u00fcstahkem Mevkii \u0130ntepe Top\u00e7u Grubu\u2019nda ismini hen\u00fcz tespit edemedi\u011fimiz bir subaya aittir. Bu g\u00fcnl\u00fc\u011f\u00fc di\u011ferlerinden farkl\u0131 k\u0131lan husus ise \u00c7anakkale Sava\u015flar\u0131na farkl\u0131 bir taraftan, Anadolu taraf\u0131ndan bakmas\u0131d\u0131r. I. D\u00fcnya Sava\u015f\u0131\u2019n\u0131n en m\u00fchim cephelerinden \u00c7anakkale Cephesi\u2019ne ait hat\u0131ratlar aras\u0131nda \u00f6nemli bir yere sahip olacak bu g\u00fcnl\u00fck t\u0131pk\u0131bas\u0131m\u0131yla birlikte tarihseverlerin ilgisine sunuluyor. Bu g\u00fcnl\u00fck sayesinde \u00c7anakkale Cephesi\u2019nde ya\u015fanan o m\u00fcthi\u015f direni\u015f an be an g\u00f6z\u00fcn\u00fcz\u00fcn \u00f6n\u00fcne gelecek ve bu topraklar\u0131n ne bedeller \u00f6denerek payidar oldu\u011fu daha iyi anla\u015f\u0131lacakt\u0131r. <\/p>\n","protected":false},"excerpt":{"rendered":"<p>Aman ya Rabbi! Nas\u0131l anlatay\u0131m, \u015fiddetli surette etrafta toprak b\u0131rakmad\u0131. Ba\u015f\u0131m\u0131za ge\u00e7irdi. Par\u00e7alar bir taraftan, mahfuz mahallerinden \u00e7\u0131kamad\u0131k. Bizim yan\u0131m\u0131zda seri ate\u015flerin [toplar\u0131n] cephanesi ate\u015flendi. D\u00fc\u015fmandan<span class=\"excerpt-hellip\"> [\u2026]<\/span><\/p>\n","protected":false},"featured_media":0,"template":"","meta":{"_monsterinsights_skip_tracking":false,"_monsterinsights_sitenote_active":false,"_monsterinsights_sitenote_note":"","_monsterinsights_sitenote_category":0},"product_brand":[],"product_cat":[12782,12291],"product_tag":[],"class_list":{"0":"post-702594","1":"product","2":"type-product","3":"status-publish","5":"product_cat-alman-edebiyati","6":"product_cat-edebiyat","7":"pa_tur-kitap","8":"pa_yayinevi-timas-yayinlari","9":"pa_yazar-lokman-erdemir","11":"first","12":"instock","13":"sale","14":"shipping-taxable","15":"purchasable","16":"product-type-simple"},"_links":{"self":[{"href":"https:\/\/roveyayinevi.com.tr\/index.php\/wp-json\/wp\/v2\/product\/702594","targetHints":{"allow":["GET"]}}],"collection":[{"href":"https:\/\/roveyayinevi.com.tr\/index.php\/wp-json\/wp\/v2\/product"}],"about":[{"href":"https:\/\/roveyayinevi.com.tr\/index.php\/wp-json\/wp\/v2\/types\/product"}],"wp:attachment":[{"href":"https:\/\/roveyayinevi.com.tr\/index.php\/wp-json\/wp\/v2\/media?parent=702594"}],"wp:term":[{"taxonomy":"product_brand","embeddable":true,"href":"https:\/\/roveyayinevi.com.tr\/index.php\/wp-json\/wp\/v2\/product_brand?post=702594"},{"taxonomy":"product_cat","embeddable":true,"href":"https:\/\/roveyayinevi.com.tr\/index.php\/wp-json\/wp\/v2\/product_cat?post=702594"},{"taxonomy":"product_tag","embeddable":true,"href":"https:\/\/roveyayinevi.com.tr\/index.php\/wp-json\/wp\/v2\/product_tag?post=702594"}],"curies":[{"name":"wp","href":"https:\/\/api.w.org\/{rel}","templated":true}]}}