{"id":702592,"date":"2025-08-27T15:17:34","date_gmt":"2025-08-27T12:17:34","guid":{"rendered":"https:\/\/roveyayinevi.com.tr\/index.php\/urun\/hazreti-hacer-zemzemin-annesi\/"},"modified":"2026-04-16T02:11:47","modified_gmt":"2026-04-15T23:11:47","slug":"hazreti-hacer-zemzemin-annesi","status":"publish","type":"product","link":"https:\/\/roveyayinevi.com.tr\/index.php\/urun\/hazreti-hacer-zemzemin-annesi\/","title":{"rendered":"Hazreti Hacer Zemzem&#8217;in Annesi"},"content":{"rendered":"<p>Hazreti Hacer\u2026 \u0130brahim Peygamber\u2019e e\u015f, o\u011flu \u0130smail\u2019e anne olan kutlu kad\u0131n. Hazreti Muhammed&#8217;in(sav) temiz soyunun kayna\u011f\u0131.   \u00c7\u00f6l\u00fcn ortas\u0131nda, kuca\u011f\u0131nda bebe\u011fiyle yapayaln\u0131z kalmas\u0131na ra\u011fmen teslimiyetini bir an bile yitirmeyendir o&#8230; Kad\u0131n olman\u0131n en a\u011f\u0131r imtihanlar\u0131ndan ge\u00e7erken tevekk\u00fclden bir \u015fehir in\u015fa eden bir y\u00fcrek&#8230;  \u201c\u015eehirlerin annesi Mekke\u201dnin mimar\u0131&#8230; Ceylanlarla sohbet eden, R\u00fczg\u00e2r\u0131n k\u0131z\u0131 Hacer. Bizi Zemzem k\u0131y\u0131s\u0131nda bekleyen annemizdir o. As\u0131rlardan bug\u00fcne akan bir nehir&#8230; Sibel Eraslan, \u201cCennet Kad\u0131nlar\u0131n\u0131n Sultanlar\u0131\u201dna Hazreti Hacer roman\u0131n\u0131 ekliyor bu kez. Hazreti Hacer\u2019in hayat\u0131n\u0131 zaman de\u011fi\u015fse de insanl\u0131\u011f\u0131n de\u011fi\u015fmez kavisleriyle anlat\u0131yor. Hepimizin b\u00fcy\u00fckannesi olan Hazreti Hacer\u2019in hayat\u0131n\u0131 okurken a\u015fk, ayr\u0131l\u0131k, sadakat, esaret ve \u00f6zg\u00fcrl\u00fck \u00fczerine yeniden d\u00fc\u015f\u00fcneceksiniz. <\/p>\n","protected":false},"excerpt":{"rendered":"<p>Hazreti Hacer\u2026 \u0130brahim Peygamber\u2019e e\u015f, o\u011flu \u0130smail\u2019e anne olan kutlu kad\u0131n. Hazreti Muhammed&#8217;in(sav) temiz soyunun kayna\u011f\u0131. \u00c7\u00f6l\u00fcn ortas\u0131nda, kuca\u011f\u0131nda bebe\u011fiyle yapayaln\u0131z kalmas\u0131na ra\u011fmen teslimiyetini bir an<span class=\"excerpt-hellip\"> [\u2026]<\/span><\/p>\n","protected":false},"featured_media":0,"template":"","meta":{"_monsterinsights_skip_tracking":false,"_monsterinsights_sitenote_active":false,"_monsterinsights_sitenote_note":"","_monsterinsights_sitenote_category":0},"product_brand":[],"product_cat":[16789,12718,12719],"product_tag":[],"class_list":{"0":"post-702592","1":"product","2":"type-product","3":"status-publish","5":"product_cat-diger-islam","6":"product_cat-din","7":"product_cat-islam","8":"pa_cilt-ciltsiz","9":"pa_tur-kitap","10":"pa_yayinevi-timas-yayinlari","11":"pa_yazar-sibel-eraslan","13":"first","14":"instock","15":"sale","16":"shipping-taxable","17":"purchasable","18":"product-type-simple"},"_links":{"self":[{"href":"https:\/\/roveyayinevi.com.tr\/index.php\/wp-json\/wp\/v2\/product\/702592","targetHints":{"allow":["GET"]}}],"collection":[{"href":"https:\/\/roveyayinevi.com.tr\/index.php\/wp-json\/wp\/v2\/product"}],"about":[{"href":"https:\/\/roveyayinevi.com.tr\/index.php\/wp-json\/wp\/v2\/types\/product"}],"wp:attachment":[{"href":"https:\/\/roveyayinevi.com.tr\/index.php\/wp-json\/wp\/v2\/media?parent=702592"}],"wp:term":[{"taxonomy":"product_brand","embeddable":true,"href":"https:\/\/roveyayinevi.com.tr\/index.php\/wp-json\/wp\/v2\/product_brand?post=702592"},{"taxonomy":"product_cat","embeddable":true,"href":"https:\/\/roveyayinevi.com.tr\/index.php\/wp-json\/wp\/v2\/product_cat?post=702592"},{"taxonomy":"product_tag","embeddable":true,"href":"https:\/\/roveyayinevi.com.tr\/index.php\/wp-json\/wp\/v2\/product_tag?post=702592"}],"curies":[{"name":"wp","href":"https:\/\/api.w.org\/{rel}","templated":true}]}}