{"id":702590,"date":"2025-08-27T15:17:33","date_gmt":"2025-08-27T12:17:33","guid":{"rendered":"https:\/\/roveyayinevi.com.tr\/index.php\/urun\/hitlerin-ordusu\/"},"modified":"2026-04-16T02:11:47","modified_gmt":"2026-04-15T23:11:47","slug":"hitlerin-ordusu","status":"publish","type":"product","link":"https:\/\/roveyayinevi.com.tr\/index.php\/urun\/hitlerin-ordusu\/","title":{"rendered":"Hitler\u2019in Ordusu"},"content":{"rendered":"<p>2 A\u011fustos 1934 tarihinde b\u00fct\u00fcn Alman askerlerinin \u015fu yemini etmesi kararla\u015ft\u0131r\u0131ld\u0131: \u201cTanr\u0131\u2019n\u0131n huzurunda yemin ederim ki Alman Reich\u2019\u0131n\u0131n ve halk\u0131n\u0131n lideri ve Wehrmacht\u2019\u0131n (Savunma Kuvveti) y\u00fcce kumandan\u0131 Adolf Hitler\u2019e daima kay\u0131ts\u0131z \u015farts\u0131z itaat g\u00f6sterece\u011fim ve cesur bir asker olarak, gerekti\u011fi zaman bu yemin u\u011fruna can\u0131m\u0131 feda etmeye haz\u0131r olaca\u011f\u0131m.\u201d Adolf Hitler\u2026 Sadece Almanya\u2019n\u0131n de\u011fil, d\u00fcnyan\u0131n tarihini k\u00f6k\u00fcnden etkileyen Alman politikac\u0131, siyasi lider ve devlet adam\u0131\u2026 Her ne kadar olaylar\u0131n gidi\u015fat\u0131, bu inanc\u0131n\u0131n yanl\u0131\u015f oldu\u011funu ortaya \u00e7\u0131karsa da Hitler, siyasi becerilerine denk s\u0131klette asker\u00ee becerilere sahip bir strateji kumandan\u0131 oldu\u011funa inan\u0131yordu. II. D\u00fcnya Sava\u015f\u0131\u2019nda Alman ordular\u0131n\u0131n muharebe etme \u015fekilleri \u00fczerindeki etkisinin gittik\u00e7e artmas\u0131 hazin sonu\u00e7lar do\u011furdu. T\u00fcm d\u00fcnya art\u0131k tek bir \u015feyi konu\u015fuyordu: Hitler\u2019in Ordusu. Asl\u0131nda ne Nazi sava\u015f makinesi yenilmezdi; ne de askerleri \u0131rk\u00e7\u0131 Nazi propagandas\u0131n\u0131n olduklar\u0131n\u0131 iddia etti\u011fi \u201cs\u00fcperman\u201dlerdi. Ger\u00e7ekte Alman askeriyesi \u00e7ok ciddi k\u0131s\u0131tlar alt\u0131nda \u00e7arp\u0131\u015fmaktayd\u0131. Elinizdeki kitap, Hitler\u2019in kara kuvvetlerinin, 1939-40\u2019taki zafer g\u00fcnlerinden 1945\u2019te ba\u015flar\u0131na gelen nihai felakete kadarki geli\u015fimine odaklanmaktad\u0131r. Ayn\u0131 zamanda, Alman ordusunun ve ba\u011flant\u0131l\u0131 gruplar\u0131n \u015f\u00f6hretlerini nas\u0131l kazand\u0131klar\u0131na ve bu \u015f\u00f6hretin ne \u00f6l\u00e7\u00fcde hak edilmi\u015f bir \u015f\u00f6hret oldu\u011funa a\u00e7\u0131kl\u0131k getirmektedir. Hitler\u2019in sava\u015f makinesinin olmazsa olmaz ara\u00e7-gere\u00e7 ve te\u00e7hizatlar\u0131n\u0131 betimleyen b\u00fcy\u00fcleyici bir \u00e7izim ve foto\u011fraf koleksiyonu da d\u00e2hil pek \u00e7ok detayl\u0131 konuya \u0131\u015f\u0131k tutan g\u00f6rselleri ile Tima\u015f Tarih taraf\u0131ndan 2015 y\u0131l\u0131na damgas\u0131n\u0131 vuracak bir g\u00f6rsel tarih \u00e7al\u0131\u015fmas\u0131! <\/p>\n","protected":false},"excerpt":{"rendered":"<p>2 A\u011fustos 1934 tarihinde b\u00fct\u00fcn Alman askerlerinin \u015fu yemini etmesi kararla\u015ft\u0131r\u0131ld\u0131: \u201cTanr\u0131\u2019n\u0131n huzurunda yemin ederim ki Alman Reich\u2019\u0131n\u0131n ve halk\u0131n\u0131n lideri ve Wehrmacht\u2019\u0131n (Savunma Kuvveti) y\u00fcce<span class=\"excerpt-hellip\"> [\u2026]<\/span><\/p>\n","protected":false},"featured_media":0,"template":"","meta":{"_monsterinsights_skip_tracking":false,"_monsterinsights_sitenote_active":false,"_monsterinsights_sitenote_note":"","_monsterinsights_sitenote_category":0},"product_brand":[],"product_cat":[12312,12304],"product_tag":[],"class_list":{"0":"post-702590","1":"product","2":"type-product","3":"status-publish","5":"product_cat-diger","6":"product_cat-tarih","7":"pa_tur-kitap","8":"pa_yayinevi-timas-yayinlari","9":"pa_yazar-chris-mcnab","11":"first","12":"instock","13":"sale","14":"shipping-taxable","15":"purchasable","16":"product-type-simple"},"_links":{"self":[{"href":"https:\/\/roveyayinevi.com.tr\/index.php\/wp-json\/wp\/v2\/product\/702590","targetHints":{"allow":["GET"]}}],"collection":[{"href":"https:\/\/roveyayinevi.com.tr\/index.php\/wp-json\/wp\/v2\/product"}],"about":[{"href":"https:\/\/roveyayinevi.com.tr\/index.php\/wp-json\/wp\/v2\/types\/product"}],"wp:attachment":[{"href":"https:\/\/roveyayinevi.com.tr\/index.php\/wp-json\/wp\/v2\/media?parent=702590"}],"wp:term":[{"taxonomy":"product_brand","embeddable":true,"href":"https:\/\/roveyayinevi.com.tr\/index.php\/wp-json\/wp\/v2\/product_brand?post=702590"},{"taxonomy":"product_cat","embeddable":true,"href":"https:\/\/roveyayinevi.com.tr\/index.php\/wp-json\/wp\/v2\/product_cat?post=702590"},{"taxonomy":"product_tag","embeddable":true,"href":"https:\/\/roveyayinevi.com.tr\/index.php\/wp-json\/wp\/v2\/product_tag?post=702590"}],"curies":[{"name":"wp","href":"https:\/\/api.w.org\/{rel}","templated":true}]}}