{"id":702585,"date":"2025-08-27T15:17:31","date_gmt":"2025-08-27T12:17:31","guid":{"rendered":"https:\/\/roveyayinevi.com.tr\/index.php\/urun\/ihtiyar-savasci\/"},"modified":"2026-04-16T02:11:47","modified_gmt":"2026-04-15T23:11:47","slug":"ihtiyar-savasci","status":"publish","type":"product","link":"https:\/\/roveyayinevi.com.tr\/index.php\/urun\/ihtiyar-savasci\/","title":{"rendered":"\u0130htiyar Sava\u015f\u00e7\u0131"},"content":{"rendered":"<p>&#8230; \u0130ki ay s\u00fcrekli \u00e7al\u0131\u015ft\u0131m \u00f6yk\u00fc \u00fczerine ve, bitirir bitirmez, bir tek c\u00fcmlesini okumadan, m\u00fcsveddesini toplay\u0131p masam\u0131n en alttaki \u00e7ekmece g\u00f6z\u00fcne saklad\u0131m. D\u00fc\u015f\u00fcnm\u00fcyorum \u00f6yk\u00fc \u00fczerine. Kompozisyonundan, al\u0131\u015f\u0131lm\u0131\u015f \u00f6yk\u00fc s\u0131n\u0131rlar\u0131 i\u00e7inde kal\u0131p kalmad\u0131\u011f\u0131ndan emin de\u011filim. Teknik yap\u0131s\u0131 d\u0131\u015f\u0131nda stili, sanatsal de\u011feri \u00fczerine de d\u00fc\u015f\u00fcnm\u00fcyorum. D\u00fc\u015f\u00fcnmeye gerek duymuyorum. Ne ki, \u00f6yk\u00fcy\u00fc yazd\u0131\u011f\u0131m s\u00fcrece, ihtiyar Sava\u015f\u00e7\u0131 ve Melek han\u0131mla birlikte, kendimin de bug\u00fcnk\u00fc Gurzuf\u2019a ve K\u0131z\u0131lta\u015f\u2019a d\u00f6nd\u00fc\u011f\u00fcm\u00fc, \u00f6tekiler gibi, kendimin de cenaze t\u00f6renine kat\u0131ld\u0131\u011f\u0131m\u0131, ve \u00f6tekilerle birlikte Gurzuf\u2019un anacaddesinden ge\u00e7ip bay\u0131rdaki eski mezarl\u0131\u011fa girdi\u011fimi hisseder gibi oluyorum. \u00d6yk\u00fcn\u00fcn de\u011feri mi? \u00d6nemli de\u011fil. Bu kadar\u0131 yeter bana. [Cengiz Da\u011fc\u0131,Yans\u0131lar-3, Nisan l989] \ufffcTan\u0131t\u0131m Metni<\/p>\n","protected":false},"excerpt":{"rendered":"<p>&#8230; \u0130ki ay s\u00fcrekli \u00e7al\u0131\u015ft\u0131m \u00f6yk\u00fc \u00fczerine ve, bitirir bitirmez, bir tek c\u00fcmlesini okumadan, m\u00fcsveddesini toplay\u0131p masam\u0131n en alttaki \u00e7ekmece g\u00f6z\u00fcne saklad\u0131m. D\u00fc\u015f\u00fcnm\u00fcyorum \u00f6yk\u00fc \u00fczerine. Kompozisyonundan,<span class=\"excerpt-hellip\"> [\u2026]<\/span><\/p>\n","protected":false},"featured_media":0,"template":"","meta":{"_monsterinsights_skip_tracking":false,"_monsterinsights_sitenote_active":false,"_monsterinsights_sitenote_note":"","_monsterinsights_sitenote_category":0},"product_brand":[],"product_cat":[12291,13570],"product_tag":[],"class_list":{"0":"post-702585","1":"product","2":"type-product","3":"status-publish","5":"product_cat-edebiyat","6":"product_cat-rus-edebiyati","7":"pa_cilt-ciltsiz","8":"pa_tur-kitap","9":"pa_yayinevi-otuken-nesriyat","10":"pa_yazar-cengiz-dagci","12":"first","13":"instock","14":"sale","15":"shipping-taxable","16":"purchasable","17":"product-type-simple"},"_links":{"self":[{"href":"https:\/\/roveyayinevi.com.tr\/index.php\/wp-json\/wp\/v2\/product\/702585","targetHints":{"allow":["GET"]}}],"collection":[{"href":"https:\/\/roveyayinevi.com.tr\/index.php\/wp-json\/wp\/v2\/product"}],"about":[{"href":"https:\/\/roveyayinevi.com.tr\/index.php\/wp-json\/wp\/v2\/types\/product"}],"wp:attachment":[{"href":"https:\/\/roveyayinevi.com.tr\/index.php\/wp-json\/wp\/v2\/media?parent=702585"}],"wp:term":[{"taxonomy":"product_brand","embeddable":true,"href":"https:\/\/roveyayinevi.com.tr\/index.php\/wp-json\/wp\/v2\/product_brand?post=702585"},{"taxonomy":"product_cat","embeddable":true,"href":"https:\/\/roveyayinevi.com.tr\/index.php\/wp-json\/wp\/v2\/product_cat?post=702585"},{"taxonomy":"product_tag","embeddable":true,"href":"https:\/\/roveyayinevi.com.tr\/index.php\/wp-json\/wp\/v2\/product_tag?post=702585"}],"curies":[{"name":"wp","href":"https:\/\/api.w.org\/{rel}","templated":true}]}}