{"id":702584,"date":"2025-08-27T15:17:31","date_gmt":"2025-08-27T12:17:31","guid":{"rendered":"https:\/\/roveyayinevi.com.tr\/index.php\/urun\/tus-beyinli-serisi-1-ciltli\/"},"modified":"2026-04-16T02:11:47","modified_gmt":"2026-04-15T23:11:47","slug":"tus-beyinli-serisi-1-ciltli","status":"publish","type":"product","link":"https:\/\/roveyayinevi.com.tr\/index.php\/urun\/tus-beyinli-serisi-1-ciltli\/","title":{"rendered":"Tu\u015f Beyinli Serisi 1 (Ciltli)"},"content":{"rendered":"<p>Hey, e\u011fer sen de benim kal\u0131n kafal\u0131 bir \u00e7ocuk oldu\u011fumu d\u00fc\u015f\u00fcn\u00fcyorsan, bu kitab\u0131 ald\u0131\u011f\u0131n yere koy. \u00c7\u00fcnk\u00fc ben ku\u015f beyinli de\u011fil tu\u015f beyinliyim.Ara s\u0131ra sa\u00e7malad\u0131\u011f\u0131m oluyor belki. Ama asl\u0131nda \u00e7ok fedak\u00e2r, g\u00fcvenilir ve cana yak\u0131n biriyimdir. Buna ra\u011fmen beni her konuda destekleyecek bir arkada\u015f\u0131m yok! Yanl\u0131\u015f anlama hi\u00e7 arkada\u015f\u0131m yok demedim, bir arkada\u015f\u0131m yok dedim.Acaba sen benim en iyi arkada\u015f\u0131m olur musun? E\u011fer kabul edersen s\u00f6z sana hi\u00e7 tu\u015f beyinlilik yapmam!<\/p>\n","protected":false},"excerpt":{"rendered":"<p>Hey, e\u011fer sen de benim kal\u0131n kafal\u0131 bir \u00e7ocuk oldu\u011fumu d\u00fc\u015f\u00fcn\u00fcyorsan, bu kitab\u0131 ald\u0131\u011f\u0131n yere koy. \u00c7\u00fcnk\u00fc ben ku\u015f beyinli de\u011fil tu\u015f beyinliyim.Ara s\u0131ra sa\u00e7malad\u0131\u011f\u0131m oluyor<span class=\"excerpt-hellip\"> [\u2026]<\/span><\/p>\n","protected":false},"featured_media":0,"template":"","meta":{"_monsterinsights_skip_tracking":false,"_monsterinsights_sitenote_active":false,"_monsterinsights_sitenote_note":"","_monsterinsights_sitenote_category":0},"product_brand":[],"product_cat":[12275,12274],"product_tag":[],"class_list":{"0":"post-702584","1":"product","2":"type-product","3":"status-publish","5":"product_cat-6-12-yas-kitaplari","6":"product_cat-cocuk-ve-genclik-kitaplari","7":"pa_cilt-ciltli","8":"pa_tur-kitap","9":"pa_yayinevi-nesil-cocuk-yayinlari","10":"pa_yazar-yusuf-asal","12":"first","13":"instock","14":"sale","15":"shipping-taxable","16":"purchasable","17":"product-type-simple"},"_links":{"self":[{"href":"https:\/\/roveyayinevi.com.tr\/index.php\/wp-json\/wp\/v2\/product\/702584","targetHints":{"allow":["GET"]}}],"collection":[{"href":"https:\/\/roveyayinevi.com.tr\/index.php\/wp-json\/wp\/v2\/product"}],"about":[{"href":"https:\/\/roveyayinevi.com.tr\/index.php\/wp-json\/wp\/v2\/types\/product"}],"wp:attachment":[{"href":"https:\/\/roveyayinevi.com.tr\/index.php\/wp-json\/wp\/v2\/media?parent=702584"}],"wp:term":[{"taxonomy":"product_brand","embeddable":true,"href":"https:\/\/roveyayinevi.com.tr\/index.php\/wp-json\/wp\/v2\/product_brand?post=702584"},{"taxonomy":"product_cat","embeddable":true,"href":"https:\/\/roveyayinevi.com.tr\/index.php\/wp-json\/wp\/v2\/product_cat?post=702584"},{"taxonomy":"product_tag","embeddable":true,"href":"https:\/\/roveyayinevi.com.tr\/index.php\/wp-json\/wp\/v2\/product_tag?post=702584"}],"curies":[{"name":"wp","href":"https:\/\/api.w.org\/{rel}","templated":true}]}}