{"id":702579,"date":"2025-08-27T15:17:29","date_gmt":"2025-08-27T12:17:29","guid":{"rendered":"https:\/\/roveyayinevi.com.tr\/index.php\/urun\/dahiler-ve-deliler\/"},"modified":"2026-04-16T02:11:47","modified_gmt":"2026-04-15T23:11:47","slug":"dahiler-ve-deliler","status":"publish","type":"product","link":"https:\/\/roveyayinevi.com.tr\/index.php\/urun\/dahiler-ve-deliler\/","title":{"rendered":"Dahiler ve Deliler"},"content":{"rendered":"<p>K\u00fclt\u00fcr ve sanat hayat\u0131m\u0131zda \u00f6nemli yeri bulunan Marmara Kahvesi\u2019nde d\u00fcnyadaki b\u00fct\u00fcn fikir cereyanlar\u0131n nabz\u0131 atard\u0131. Oraya kimler gelmezdi!.. Yerli ve yabanc\u0131 ansiklopedilere giren Necip Faz\u0131l, Sezai Karako\u00e7, Sedat Umran gibi \u015fair ve m\u00fctefekkirler M\u00fckrimin Halil Yinan\u00e7, Ali Saib Atademir, Nuri Karah\u00f6y\u00fckl\u00fc, Erol G\u00fcng\u00f6r, Ziya Nur Aksun, Mehmed Gen\u00e7 gibi bilim insanlar\u0131, adlar\u0131 listelere s\u0131\u011fmayacak kadar \u00e7ok say\u0131da gazeteciler, politikac\u0131lar ve ayd\u0131nlar&#8230; Bilim, fikir ve sanat insanlar\u0131n\u0131 dinlemek isteyen gen\u00e7ler i\u00e7in de oras\u0131 belki fak\u00fcltelerinden daha \u00e7ok \u015fey \u00f6\u011frendikleri bir mekand\u0131. Tiryakisi olan i\u015fadamlar\u0131, esnaflar, i\u015f\u00e7iler az de\u011fildi. Bir de meczuplar\u0131 vard\u0131. Orada neler konu\u015fulmaz, \u00fclke hakk\u0131nda hangi planlar yap\u0131lmazd\u0131 ki!.. Tarihin \u00f6nemini kavrayan toplumlarda ebediyen korunacak olan o kahvenin yerinde \u015fimdi yeller esiyor. D\u00e2hiler ve Deliler roman\u0131n\u0131 okurken, b\u00f6yle mahfilleri koruyamad\u0131\u011f\u0131m\u0131z i\u00e7in neler yitirdi\u011fimizin ac\u0131s\u0131n\u0131 mutlaka derinden duyacaks\u0131n\u0131z. \ufffcTan\u0131t\u0131m Metni<\/p>\n","protected":false},"excerpt":{"rendered":"<p>K\u00fclt\u00fcr ve sanat hayat\u0131m\u0131zda \u00f6nemli yeri bulunan Marmara Kahvesi\u2019nde d\u00fcnyadaki b\u00fct\u00fcn fikir cereyanlar\u0131n nabz\u0131 atard\u0131. Oraya kimler gelmezdi!.. Yerli ve yabanc\u0131 ansiklopedilere giren Necip Faz\u0131l, Sezai<span class=\"excerpt-hellip\"> [\u2026]<\/span><\/p>\n","protected":false},"featured_media":0,"template":"","meta":{"_monsterinsights_skip_tracking":false,"_monsterinsights_sitenote_active":false,"_monsterinsights_sitenote_note":"","_monsterinsights_sitenote_category":0},"product_brand":[],"product_cat":[12291,12292],"product_tag":[],"class_list":{"0":"post-702579","1":"product","2":"type-product","3":"status-publish","5":"product_cat-edebiyat","6":"product_cat-turk-edebiyati","7":"pa_cilt-ciltsiz","8":"pa_tur-kitap","9":"pa_yayinevi-otuken-nesriyat","10":"pa_yazar-mehmed-niyazi","12":"first","13":"instock","14":"sale","15":"shipping-taxable","16":"purchasable","17":"product-type-simple"},"_links":{"self":[{"href":"https:\/\/roveyayinevi.com.tr\/index.php\/wp-json\/wp\/v2\/product\/702579","targetHints":{"allow":["GET"]}}],"collection":[{"href":"https:\/\/roveyayinevi.com.tr\/index.php\/wp-json\/wp\/v2\/product"}],"about":[{"href":"https:\/\/roveyayinevi.com.tr\/index.php\/wp-json\/wp\/v2\/types\/product"}],"wp:attachment":[{"href":"https:\/\/roveyayinevi.com.tr\/index.php\/wp-json\/wp\/v2\/media?parent=702579"}],"wp:term":[{"taxonomy":"product_brand","embeddable":true,"href":"https:\/\/roveyayinevi.com.tr\/index.php\/wp-json\/wp\/v2\/product_brand?post=702579"},{"taxonomy":"product_cat","embeddable":true,"href":"https:\/\/roveyayinevi.com.tr\/index.php\/wp-json\/wp\/v2\/product_cat?post=702579"},{"taxonomy":"product_tag","embeddable":true,"href":"https:\/\/roveyayinevi.com.tr\/index.php\/wp-json\/wp\/v2\/product_tag?post=702579"}],"curies":[{"name":"wp","href":"https:\/\/api.w.org\/{rel}","templated":true}]}}