{"id":702575,"date":"2025-08-27T15:17:27","date_gmt":"2025-08-27T12:17:27","guid":{"rendered":"https:\/\/roveyayinevi.com.tr\/index.php\/urun\/dalkavuklar-gecesi-z-vitamini\/"},"modified":"2026-04-16T02:11:47","modified_gmt":"2026-04-15T23:11:47","slug":"dalkavuklar-gecesi-z-vitamini","status":"publish","type":"product","link":"https:\/\/roveyayinevi.com.tr\/index.php\/urun\/dalkavuklar-gecesi-z-vitamini\/","title":{"rendered":"Dalkavuklar Gecesi &#8211; Z Vitamini"},"content":{"rendered":"<p>Dalkavuklar Gecesi (1941) ve Z Vitamini (1959), yazar\u0131n ya\u015fad\u0131\u011f\u0131 devri, o devirdeki yetkilileri -birincisinde antik \u00e7a\u011fda muhayyel bir devlete ta\u015f\u0131yarak, \u00f6tekinde kendi zaman\u0131ndan 50 y\u0131l sonras\u0131na ta\u015f\u0131yarak- hicvetti\u011fi iki k\u0131sa satirik\/allegorik romand\u0131r. \u015eah\u0131slar\u0131n\u0131n \u00e7o\u011fu o d\u00f6nemdeki ki\u015filerdir ve m\u00fcthi\u015f bir tenkit salvosuna tutulmu\u015flard\u0131r. Bu iki k\u0131sa roman\u0131n \u00f6nemi, \u201cMill\u00ee \u015eef\u201dlik devri ve tek parti diktatoryas\u0131n\u0131n h\u00fck\u00fcm s\u00fcrd\u00fc\u011f\u00fc, \u00fclkede kimsenin g\u0131k\u0131n\u0131 \u00e7\u0131karamad\u0131\u011f\u0131 y\u0131llarda, devrin ricalini hedef almas\u0131 ve amans\u0131zca ele\u015ftirmesidir. Muhtevas\u0131ndaki tenkitlerin dozu biraz fazla ka\u00e7m\u0131\u015f veya insafs\u0131zca g\u00f6r\u00fcnse de bu romanlar\u0131n o devirde yaz\u0131lm\u0131\u015f olmas\u0131 ba\u015fl\u0131ba\u015f\u0131na bir yi\u011fitliktir ve Ats\u0131z Hoca&#8217;n\u0131n tavizsiz ki\u015fili\u011finin belgesidir. Biz de bir yi\u011fitlik belgesi oldu\u011fu i\u00e7in yay\u0131nl\u0131yoruz.<\/p>\n","protected":false},"excerpt":{"rendered":"<p>Dalkavuklar Gecesi (1941) ve Z Vitamini (1959), yazar\u0131n ya\u015fad\u0131\u011f\u0131 devri, o devirdeki yetkilileri -birincisinde antik \u00e7a\u011fda muhayyel bir devlete ta\u015f\u0131yarak, \u00f6tekinde kendi zaman\u0131ndan 50 y\u0131l sonras\u0131na<span class=\"excerpt-hellip\"> [\u2026]<\/span><\/p>\n","protected":false},"featured_media":0,"template":"","meta":{"_monsterinsights_skip_tracking":false,"_monsterinsights_sitenote_active":false,"_monsterinsights_sitenote_note":"","_monsterinsights_sitenote_category":0},"product_brand":[],"product_cat":[12291,12292],"product_tag":[],"class_list":{"0":"post-702575","1":"product","2":"type-product","3":"status-publish","5":"product_cat-edebiyat","6":"product_cat-turk-edebiyati","7":"pa_cilt-ciltsiz","8":"pa_tur-kitap","9":"pa_yayinevi-otuken-nesriyat","10":"pa_yazar-huseyin-nihal-atsiz","12":"first","13":"instock","14":"sale","15":"shipping-taxable","16":"purchasable","17":"product-type-simple"},"_links":{"self":[{"href":"https:\/\/roveyayinevi.com.tr\/index.php\/wp-json\/wp\/v2\/product\/702575","targetHints":{"allow":["GET"]}}],"collection":[{"href":"https:\/\/roveyayinevi.com.tr\/index.php\/wp-json\/wp\/v2\/product"}],"about":[{"href":"https:\/\/roveyayinevi.com.tr\/index.php\/wp-json\/wp\/v2\/types\/product"}],"wp:attachment":[{"href":"https:\/\/roveyayinevi.com.tr\/index.php\/wp-json\/wp\/v2\/media?parent=702575"}],"wp:term":[{"taxonomy":"product_brand","embeddable":true,"href":"https:\/\/roveyayinevi.com.tr\/index.php\/wp-json\/wp\/v2\/product_brand?post=702575"},{"taxonomy":"product_cat","embeddable":true,"href":"https:\/\/roveyayinevi.com.tr\/index.php\/wp-json\/wp\/v2\/product_cat?post=702575"},{"taxonomy":"product_tag","embeddable":true,"href":"https:\/\/roveyayinevi.com.tr\/index.php\/wp-json\/wp\/v2\/product_tag?post=702575"}],"curies":[{"name":"wp","href":"https:\/\/api.w.org\/{rel}","templated":true}]}}