{"id":702573,"date":"2025-08-27T15:17:27","date_gmt":"2025-08-27T12:17:27","guid":{"rendered":"https:\/\/roveyayinevi.com.tr\/index.php\/urun\/medeniyetimizin-analizi-ve-gelecegi\/"},"modified":"2026-04-16T02:11:47","modified_gmt":"2026-04-15T23:11:47","slug":"medeniyetimizin-analizi-ve-gelecegi","status":"publish","type":"product","link":"https:\/\/roveyayinevi.com.tr\/index.php\/urun\/medeniyetimizin-analizi-ve-gelecegi\/","title":{"rendered":"Medeniyetimizin Analizi ve Gelece\u011fi"},"content":{"rendered":"<p>&#8220;Kendine hayranl\u0131k besleyen bir toplum ya\u015famaktan kesilir, d\u00fcnyaya perdelerini indirir, ve matem \u00e7an\u0131na elini uzat\u0131r. Her k\u00e2mil oldu\u011funa inanan gibi, \u015feytan\u0131n\u0131 i\u00e7inde ta\u015f\u0131r; art\u0131k kaderi \u015feytan\u0131n insaf\u0131na ba\u011fl\u0131d\u0131r&#8230; Ama k\u00fclt\u00fcr ve medeniyetin olu\u015fmas\u0131 kendine g\u00fcvene ihtiya\u00e7 duyar&#8230; Y\u00fczlerce y\u0131ll\u0131k bir tarih\u00ee perspektiften bug\u00fcnk\u00fc halimizin analizi ve muhtemel gelece\u011fimize dair \u00f6ng\u00f6r\u00fcler&#8230;<\/p>\n","protected":false},"excerpt":{"rendered":"<p>&#8220;Kendine hayranl\u0131k besleyen bir toplum ya\u015famaktan kesilir, d\u00fcnyaya perdelerini indirir, ve matem \u00e7an\u0131na elini uzat\u0131r. Her k\u00e2mil oldu\u011funa inanan gibi, \u015feytan\u0131n\u0131 i\u00e7inde ta\u015f\u0131r; art\u0131k kaderi \u015feytan\u0131n<span class=\"excerpt-hellip\"> [\u2026]<\/span><\/p>\n","protected":false},"featured_media":0,"template":"","meta":{"_monsterinsights_skip_tracking":false,"_monsterinsights_sitenote_active":false,"_monsterinsights_sitenote_note":"","_monsterinsights_sitenote_category":0},"product_brand":[],"product_cat":[13656,12337],"product_tag":[],"class_list":{"0":"post-702573","1":"product","2":"type-product","3":"status-publish","5":"product_cat-azinliklar-etnik-sorunlar","6":"product_cat-politika-siyaset","7":"pa_tur-kitap","8":"pa_yayinevi-otuken-nesriyat","9":"pa_yazar-mehmed-niyazi","11":"first","12":"instock","13":"sale","14":"shipping-taxable","15":"purchasable","16":"product-type-simple"},"_links":{"self":[{"href":"https:\/\/roveyayinevi.com.tr\/index.php\/wp-json\/wp\/v2\/product\/702573","targetHints":{"allow":["GET"]}}],"collection":[{"href":"https:\/\/roveyayinevi.com.tr\/index.php\/wp-json\/wp\/v2\/product"}],"about":[{"href":"https:\/\/roveyayinevi.com.tr\/index.php\/wp-json\/wp\/v2\/types\/product"}],"wp:attachment":[{"href":"https:\/\/roveyayinevi.com.tr\/index.php\/wp-json\/wp\/v2\/media?parent=702573"}],"wp:term":[{"taxonomy":"product_brand","embeddable":true,"href":"https:\/\/roveyayinevi.com.tr\/index.php\/wp-json\/wp\/v2\/product_brand?post=702573"},{"taxonomy":"product_cat","embeddable":true,"href":"https:\/\/roveyayinevi.com.tr\/index.php\/wp-json\/wp\/v2\/product_cat?post=702573"},{"taxonomy":"product_tag","embeddable":true,"href":"https:\/\/roveyayinevi.com.tr\/index.php\/wp-json\/wp\/v2\/product_tag?post=702573"}],"curies":[{"name":"wp","href":"https:\/\/api.w.org\/{rel}","templated":true}]}}