{"id":702572,"date":"2025-08-27T15:17:26","date_gmt":"2025-08-27T12:17:26","guid":{"rendered":"https:\/\/roveyayinevi.com.tr\/index.php\/urun\/turk-tarih-felsefesi\/"},"modified":"2026-04-16T02:11:47","modified_gmt":"2026-04-15T23:11:47","slug":"turk-tarih-felsefesi","status":"publish","type":"product","link":"https:\/\/roveyayinevi.com.tr\/index.php\/urun\/turk-tarih-felsefesi\/","title":{"rendered":"T\u00fcrk Tarih Felsefesi"},"content":{"rendered":"<p>Hayat canl\u0131 bir organizma gibidir, gelenek ve g\u00f6reneklerimiz, y\u00f6netim sistemimiz, yemeklerimiz, elbiselerimiz her ge\u00e7en g\u00fcnle de\u011fi\u015fiyor. Bu de\u011fi\u015fmeler hayat\u0131n dinamizminin bir sonucudur. B\u00fcnyesindeki bu muharrik g\u00fc\u00e7ten yoksun bulunsayd\u0131, fosille\u015fmek hayat\u0131n kaderi olurdu. Canl\u0131l\u0131\u011f\u0131n ka\u00e7\u0131n\u0131lmaz bir \u00f6zelli\u011fi olan de\u011fi\u015fmeler de bizi toplum olarak devam ettiren tarih \u015fuurudur. Bu \u015fuurumuz eksik olursa, her renkten renge giri\u015fimizde kendimizi millet\u00e7e yeni bir ki\u015fili\u011fe kavu\u015fmu\u015f zannederiz; bu da milli \u015fuurumuzun par\u00e7alanmas\u0131na, \u015fizofrenik bir hal almas\u0131na sebep olur. Milli \u015fuurun biricik kayna\u011f\u0131 tarihtir. Milli \u015fuurun realiteyi ifade edebilmesi \u00e7in dayand\u0131\u011f\u0131 tarihin do\u011fru olmas\u0131 laz\u0131md\u0131r. Tarihin do\u011fru olup olmad\u0131\u011f\u0131n\u0131n tespiti de ancak tarih felsefesi s\u00fczgecinden ge\u00e7irilmesiyle m\u00fcmk\u00fcnd\u00fcr. Bug\u00fcne kadar T\u00fcrk Tarih Felsefesi\u2019ne dair ne bir makalenin, ne de bir kitab\u0131n yaz\u0131lmad\u0131\u011f\u0131n\u0131 d\u00fc\u015f\u00fcn\u00fcrsek, Mehmed Niyazi\u2019nin T\u00fcrk Tarih Felsefesi nin nas\u0131l bir bo\u015flu\u011fu doldurdu\u011funu idrak ederiz. \ufffcTan\u0131t\u0131m Metni<\/p>\n","protected":false},"excerpt":{"rendered":"<p>Hayat canl\u0131 bir organizma gibidir, gelenek ve g\u00f6reneklerimiz, y\u00f6netim sistemimiz, yemeklerimiz, elbiselerimiz her ge\u00e7en g\u00fcnle de\u011fi\u015fiyor. Bu de\u011fi\u015fmeler hayat\u0131n dinamizminin bir sonucudur. B\u00fcnyesindeki bu muharrik g\u00fc\u00e7ten<span class=\"excerpt-hellip\"> [\u2026]<\/span><\/p>\n","protected":false},"featured_media":0,"template":"","meta":{"_monsterinsights_skip_tracking":false,"_monsterinsights_sitenote_active":false,"_monsterinsights_sitenote_note":"","_monsterinsights_sitenote_category":0},"product_brand":[],"product_cat":[12718,12719,13025],"product_tag":[],"class_list":{"0":"post-702572","1":"product","2":"type-product","3":"status-publish","5":"product_cat-din","6":"product_cat-islam","7":"product_cat-islam-ve-gunumuz-islam-dusuncesi","8":"pa_cilt-ciltsiz","9":"pa_tur-kitap","10":"pa_yayinevi-otuken-nesriyat","11":"pa_yazar-mehmed-niyazi","13":"first","14":"instock","15":"sale","16":"shipping-taxable","17":"purchasable","18":"product-type-simple"},"_links":{"self":[{"href":"https:\/\/roveyayinevi.com.tr\/index.php\/wp-json\/wp\/v2\/product\/702572","targetHints":{"allow":["GET"]}}],"collection":[{"href":"https:\/\/roveyayinevi.com.tr\/index.php\/wp-json\/wp\/v2\/product"}],"about":[{"href":"https:\/\/roveyayinevi.com.tr\/index.php\/wp-json\/wp\/v2\/types\/product"}],"wp:attachment":[{"href":"https:\/\/roveyayinevi.com.tr\/index.php\/wp-json\/wp\/v2\/media?parent=702572"}],"wp:term":[{"taxonomy":"product_brand","embeddable":true,"href":"https:\/\/roveyayinevi.com.tr\/index.php\/wp-json\/wp\/v2\/product_brand?post=702572"},{"taxonomy":"product_cat","embeddable":true,"href":"https:\/\/roveyayinevi.com.tr\/index.php\/wp-json\/wp\/v2\/product_cat?post=702572"},{"taxonomy":"product_tag","embeddable":true,"href":"https:\/\/roveyayinevi.com.tr\/index.php\/wp-json\/wp\/v2\/product_tag?post=702572"}],"curies":[{"name":"wp","href":"https:\/\/api.w.org\/{rel}","templated":true}]}}