{"id":702570,"date":"2025-08-27T15:17:26","date_gmt":"2025-08-27T12:17:26","guid":{"rendered":"https:\/\/roveyayinevi.com.tr\/index.php\/urun\/turkulerin-dili\/"},"modified":"2026-04-16T02:11:47","modified_gmt":"2026-04-15T23:11:47","slug":"turkulerin-dili","status":"publish","type":"product","link":"https:\/\/roveyayinevi.com.tr\/index.php\/urun\/turkulerin-dili\/","title":{"rendered":"T\u00fcrk\u00fclerin Dili"},"content":{"rendered":"<p>T\u00fcrk\u00fclerimiz, hakikati oldu\u011fu gibi g\u00f6r\u00fcp s\u00f6ylemekten \u00e7ekinmeyen ermi\u015flerin ve cesur kimselerin s\u00f6ylemleridir. T\u00fcrk insan\u0131n\u0131n d\u00fc\u015f\u00fcnen, soran; seven, k\u00fcsen; g\u00fclen, a\u011flayan kalbinin i\u00e7i g\u00f6r\u00fcl\u00fcr t\u00fcrk\u00fclerde. Onlar bizim hayat hik\u00e2yelerimizidir, bizi anlat\u0131r as\u0131rlard\u0131r. T\u00fcrk\u00fclerimizdeki s\u0131rlar\u0131 \u00e7\u00f6zebilmek, o s\u0131cak anlat\u0131mlar\u0131n tad\u0131na varabilmek T\u00fcrk dilinin anlat\u0131m g\u00fcc\u00fcndeki kudret ve zenginlikle ezginin olu\u015fturdu ahengi birlikte hissetmek, t\u00fcrk\u00fclerimizi derinlemesine anlamak ve kavramak i\u00e7in \u015fartt\u0131r. \u00d6mr\u00fcn\u00fcn yakla\u015f\u0131k yar\u0131m asr\u0131n\u0131 t\u00fcrk\u00fclere vermi\u015f ve bu alanda ciddiyeti, kalitesi tart\u0131\u015f\u0131lmaz \u00e7al\u0131\u015fmalar\u0131yla tan\u0131nm\u0131\u015f olan Mehmet \u00d6zbek, sanat\u00e7\u0131lara, t\u00fcrk\u00fc dinleyicilerine yard\u0131mc\u0131 olmak amac\u0131yla T\u00fcrk\u00fclerin Dili\u2019ni haz\u0131rlad\u0131. Bu eser, TRT halk m\u00fczi\u011fi repertuar\u0131na giren ve yayg\u0131nl\u0131k kazanm\u0131\u015f olan 5773 t\u00fcrk\u00fc metni incelenmek suretiyle ortaya konmu\u015ftur. Bu eserde, geni\u015f kitlelerce ve \u00f6zellikle gen\u00e7 nesillerce bilinmeyen; unutulmu\u015f veya yaln\u0131zca halk a\u011fz\u0131nda canl\u0131l\u0131\u011f\u0131n\u0131 s\u00fcrd\u00fcren s\u00f6zc\u00fcklerin anlamlar\u0131 ile baz\u0131 deyimlerin arka planlar\u0131 a\u00e7\u0131klanm\u0131\u015f ve b\u00f6ylece t\u00fcrk\u00fc s\u00f6zlerindeki anlam zenginli\u011fi ortaya konulmak, ayn\u0131 zamanda s\u00fcregelen s\u00f6z yanl\u0131\u015fl\u0131klar\u0131 d\u00fczeltilmek maksad\u0131 g\u00fcd\u00fclm\u00fc\u015ft\u00fcr. Dileriz ki bu \u00e7al\u0131\u015fma, ilgilenenlerin ufuklar\u0131n\u0131 a\u00e7ma\u011fa, onlar\u0131n g\u00fczel hayallerini besleme\u011fe vesile olur. <\/p>\n","protected":false},"excerpt":{"rendered":"<p>T\u00fcrk\u00fclerimiz, hakikati oldu\u011fu gibi g\u00f6r\u00fcp s\u00f6ylemekten \u00e7ekinmeyen ermi\u015flerin ve cesur kimselerin s\u00f6ylemleridir. T\u00fcrk insan\u0131n\u0131n d\u00fc\u015f\u00fcnen, soran; seven, k\u00fcsen; g\u00fclen, a\u011flayan kalbinin i\u00e7i g\u00f6r\u00fcl\u00fcr t\u00fcrk\u00fclerde. Onlar bizim<span class=\"excerpt-hellip\"> [\u2026]<\/span><\/p>\n","protected":false},"featured_media":0,"template":"","meta":{"_monsterinsights_skip_tracking":false,"_monsterinsights_sitenote_active":false,"_monsterinsights_sitenote_note":"","_monsterinsights_sitenote_category":0},"product_brand":[],"product_cat":[14556,20810],"product_tag":[],"class_list":{"0":"post-702570","1":"product","2":"type-product","3":"status-publish","5":"product_cat-muzik","6":"product_cat-ogrenim-kitaplari","7":"pa_tur-kitap","8":"pa_yayinevi-otuken-nesriyat","9":"pa_yazar-mehmet-ozbek","11":"first","12":"instock","13":"sale","14":"shipping-taxable","15":"purchasable","16":"product-type-simple"},"_links":{"self":[{"href":"https:\/\/roveyayinevi.com.tr\/index.php\/wp-json\/wp\/v2\/product\/702570","targetHints":{"allow":["GET"]}}],"collection":[{"href":"https:\/\/roveyayinevi.com.tr\/index.php\/wp-json\/wp\/v2\/product"}],"about":[{"href":"https:\/\/roveyayinevi.com.tr\/index.php\/wp-json\/wp\/v2\/types\/product"}],"wp:attachment":[{"href":"https:\/\/roveyayinevi.com.tr\/index.php\/wp-json\/wp\/v2\/media?parent=702570"}],"wp:term":[{"taxonomy":"product_brand","embeddable":true,"href":"https:\/\/roveyayinevi.com.tr\/index.php\/wp-json\/wp\/v2\/product_brand?post=702570"},{"taxonomy":"product_cat","embeddable":true,"href":"https:\/\/roveyayinevi.com.tr\/index.php\/wp-json\/wp\/v2\/product_cat?post=702570"},{"taxonomy":"product_tag","embeddable":true,"href":"https:\/\/roveyayinevi.com.tr\/index.php\/wp-json\/wp\/v2\/product_tag?post=702570"}],"curies":[{"name":"wp","href":"https:\/\/api.w.org\/{rel}","templated":true}]}}