{"id":702568,"date":"2025-08-27T15:17:25","date_gmt":"2025-08-27T12:17:25","guid":{"rendered":"https:\/\/roveyayinevi.com.tr\/index.php\/urun\/dogustan-kadincil\/"},"modified":"2026-04-16T02:11:46","modified_gmt":"2026-04-15T23:11:46","slug":"dogustan-kadincil","status":"publish","type":"product","link":"https:\/\/roveyayinevi.com.tr\/index.php\/urun\/dogustan-kadincil\/","title":{"rendered":"Do\u011fu\u015ftan Kad\u0131nc\u0131l"},"content":{"rendered":"<p>Refik Halid Karay\u2019\u0131n Tan, Ak\u015fam, \u00c7i\u00e7ek, Yeni \u0130stanbul, Divan, Zafer, Aydede, Olay ve Yeni G\u00fcn\u2019de yay\u0131mlanan yaz\u0131lar\u0131ndan bir araya getirilen Do\u011fu\u015ftan Kad\u0131nc\u0131l\u2019da yine Refik Halid\u2019in \u015fa\u015f\u0131rtan maharetine ve ilgi alanlar\u0131n\u0131n ne kadar geni\u015f oldu\u011funa bir kez daha tan\u0131kl\u0131k edeceksiniz. <\/p>\n","protected":false},"excerpt":{"rendered":"<p>Refik Halid Karay\u2019\u0131n Tan, Ak\u015fam, \u00c7i\u00e7ek, Yeni \u0130stanbul, Divan, Zafer, Aydede, Olay ve Yeni G\u00fcn\u2019de yay\u0131mlanan yaz\u0131lar\u0131ndan bir araya getirilen Do\u011fu\u015ftan Kad\u0131nc\u0131l\u2019da yine Refik Halid\u2019in \u015fa\u015f\u0131rtan<span class=\"excerpt-hellip\"> [\u2026]<\/span><\/p>\n","protected":false},"featured_media":0,"template":"","meta":{"_monsterinsights_skip_tracking":false,"_monsterinsights_sitenote_active":false,"_monsterinsights_sitenote_note":"","_monsterinsights_sitenote_category":0},"product_brand":[],"product_cat":[12777,12291],"product_tag":[],"class_list":{"0":"post-702568","1":"product","2":"type-product","3":"status-publish","5":"product_cat-deneme","6":"product_cat-edebiyat","7":"pa_cilt-ciltsiz","8":"pa_tur-kitap","9":"pa_yayinevi-inkilap-kitabevi","10":"pa_yazar-refik-halid-karay","12":"first","13":"instock","14":"sale","15":"shipping-taxable","16":"purchasable","17":"product-type-simple"},"_links":{"self":[{"href":"https:\/\/roveyayinevi.com.tr\/index.php\/wp-json\/wp\/v2\/product\/702568","targetHints":{"allow":["GET"]}}],"collection":[{"href":"https:\/\/roveyayinevi.com.tr\/index.php\/wp-json\/wp\/v2\/product"}],"about":[{"href":"https:\/\/roveyayinevi.com.tr\/index.php\/wp-json\/wp\/v2\/types\/product"}],"wp:attachment":[{"href":"https:\/\/roveyayinevi.com.tr\/index.php\/wp-json\/wp\/v2\/media?parent=702568"}],"wp:term":[{"taxonomy":"product_brand","embeddable":true,"href":"https:\/\/roveyayinevi.com.tr\/index.php\/wp-json\/wp\/v2\/product_brand?post=702568"},{"taxonomy":"product_cat","embeddable":true,"href":"https:\/\/roveyayinevi.com.tr\/index.php\/wp-json\/wp\/v2\/product_cat?post=702568"},{"taxonomy":"product_tag","embeddable":true,"href":"https:\/\/roveyayinevi.com.tr\/index.php\/wp-json\/wp\/v2\/product_tag?post=702568"}],"curies":[{"name":"wp","href":"https:\/\/api.w.org\/{rel}","templated":true}]}}