{"id":702567,"date":"2025-08-27T15:17:25","date_gmt":"2025-08-27T12:17:25","guid":{"rendered":"https:\/\/roveyayinevi.com.tr\/index.php\/urun\/maarif-2\/"},"modified":"2026-04-16T02:11:46","modified_gmt":"2026-04-15T23:11:46","slug":"maarif-2","status":"publish","type":"product","link":"https:\/\/roveyayinevi.com.tr\/index.php\/urun\/maarif-2\/","title":{"rendered":"Maarif"},"content":{"rendered":"<p>Pi\u015f, ol da bozulmadan kurtul. Y\u00fcr\u00fc, Burhan-\u0131 Muhakk\u0131k gibi nur ol Kendinden kurtuldun mu, t\u00fcmden Burhan kesilirsin. Kul yok oldu mu, sultan olur gider.\u201d <\/p>\n","protected":false},"excerpt":{"rendered":"<p>Pi\u015f, ol da bozulmadan kurtul. Y\u00fcr\u00fc, Burhan-\u0131 Muhakk\u0131k gibi nur ol Kendinden kurtuldun mu, t\u00fcmden Burhan kesilirsin. Kul yok oldu mu, sultan olur gider.\u201d<\/p>\n","protected":false},"featured_media":0,"template":"","meta":{"_monsterinsights_skip_tracking":false,"_monsterinsights_sitenote_active":false,"_monsterinsights_sitenote_note":"","_monsterinsights_sitenote_category":0},"product_brand":[],"product_cat":[12718,12719,15238],"product_tag":[],"class_list":{"0":"post-702567","1":"product","2":"type-product","3":"status-publish","5":"product_cat-din","6":"product_cat-islam","7":"product_cat-tasavvuf","8":"pa_cilt-ciltsiz","9":"pa_tur-kitap","10":"pa_yayinevi-inkilap-kitabevi","11":"pa_yazar-abdulbaki-golpinarli","13":"first","14":"instock","15":"sale","16":"shipping-taxable","17":"purchasable","18":"product-type-simple"},"_links":{"self":[{"href":"https:\/\/roveyayinevi.com.tr\/index.php\/wp-json\/wp\/v2\/product\/702567","targetHints":{"allow":["GET"]}}],"collection":[{"href":"https:\/\/roveyayinevi.com.tr\/index.php\/wp-json\/wp\/v2\/product"}],"about":[{"href":"https:\/\/roveyayinevi.com.tr\/index.php\/wp-json\/wp\/v2\/types\/product"}],"wp:attachment":[{"href":"https:\/\/roveyayinevi.com.tr\/index.php\/wp-json\/wp\/v2\/media?parent=702567"}],"wp:term":[{"taxonomy":"product_brand","embeddable":true,"href":"https:\/\/roveyayinevi.com.tr\/index.php\/wp-json\/wp\/v2\/product_brand?post=702567"},{"taxonomy":"product_cat","embeddable":true,"href":"https:\/\/roveyayinevi.com.tr\/index.php\/wp-json\/wp\/v2\/product_cat?post=702567"},{"taxonomy":"product_tag","embeddable":true,"href":"https:\/\/roveyayinevi.com.tr\/index.php\/wp-json\/wp\/v2\/product_tag?post=702567"}],"curies":[{"name":"wp","href":"https:\/\/api.w.org\/{rel}","templated":true}]}}