{"id":702566,"date":"2025-08-27T15:17:24","date_gmt":"2025-08-27T12:17:24","guid":{"rendered":"https:\/\/roveyayinevi.com.tr\/index.php\/urun\/delikli-kitaplar-serisi-senin-sesin-hangisi\/"},"modified":"2026-04-16T02:11:46","modified_gmt":"2026-04-15T23:11:46","slug":"delikli-kitaplar-serisi-senin-sesin-hangisi","status":"publish","type":"product","link":"https:\/\/roveyayinevi.com.tr\/index.php\/urun\/delikli-kitaplar-serisi-senin-sesin-hangisi\/","title":{"rendered":"Delikli Kitaplar Serisi &#8211; Senin Sesin Hangisi?"},"content":{"rendered":"<p>Bu reng\u00e2renk kitapta, ku\u015ftan kaplana, c\u0131rc\u0131r b\u00f6ce\u011finden ine\u011fe pek \u00e7ok hayvan\u0131n sesiyle tan\u0131\u015f\u0131n ve kendiniz de ayn\u0131 sesleri \u00e7\u0131karmaya \u00e7al\u0131\u015farak e\u011flenin! Delikli kitaplar, parlak renkli resimleri ile \u00e7ocuklar\u0131 e\u011flendirecek hik\u00e2yeler anlat\u0131rken merakl\u0131 parmaklar ve g\u00f6zler i\u00e7in hik\u00e2ye keyfine \u00fc\u00e7\u00fcnc\u00fc bir boyut ekliyor. <\/p>\n","protected":false},"excerpt":{"rendered":"<p>Bu reng\u00e2renk kitapta, ku\u015ftan kaplana, c\u0131rc\u0131r b\u00f6ce\u011finden ine\u011fe pek \u00e7ok hayvan\u0131n sesiyle tan\u0131\u015f\u0131n ve kendiniz de ayn\u0131 sesleri \u00e7\u0131karmaya \u00e7al\u0131\u015farak e\u011flenin! Delikli kitaplar, parlak renkli resimleri<span class=\"excerpt-hellip\"> [\u2026]<\/span><\/p>\n","protected":false},"featured_media":0,"template":"","meta":{"_monsterinsights_skip_tracking":false,"_monsterinsights_sitenote_active":false,"_monsterinsights_sitenote_note":"","_monsterinsights_sitenote_category":0},"product_brand":[],"product_cat":[12913,12274],"product_tag":[],"class_list":{"0":"post-702566","1":"product","2":"type-product","3":"status-publish","5":"product_cat-3-6-yas-kitaplari","6":"product_cat-cocuk-ve-genclik-kitaplari","7":"pa_cilt-ciltsiz","8":"pa_tur-kitap","9":"pa_yayinevi-potikare-yayincilik","10":"pa_yazar-kolektif","12":"first","13":"instock","14":"sale","15":"shipping-taxable","16":"purchasable","17":"product-type-simple"},"_links":{"self":[{"href":"https:\/\/roveyayinevi.com.tr\/index.php\/wp-json\/wp\/v2\/product\/702566","targetHints":{"allow":["GET"]}}],"collection":[{"href":"https:\/\/roveyayinevi.com.tr\/index.php\/wp-json\/wp\/v2\/product"}],"about":[{"href":"https:\/\/roveyayinevi.com.tr\/index.php\/wp-json\/wp\/v2\/types\/product"}],"wp:attachment":[{"href":"https:\/\/roveyayinevi.com.tr\/index.php\/wp-json\/wp\/v2\/media?parent=702566"}],"wp:term":[{"taxonomy":"product_brand","embeddable":true,"href":"https:\/\/roveyayinevi.com.tr\/index.php\/wp-json\/wp\/v2\/product_brand?post=702566"},{"taxonomy":"product_cat","embeddable":true,"href":"https:\/\/roveyayinevi.com.tr\/index.php\/wp-json\/wp\/v2\/product_cat?post=702566"},{"taxonomy":"product_tag","embeddable":true,"href":"https:\/\/roveyayinevi.com.tr\/index.php\/wp-json\/wp\/v2\/product_tag?post=702566"}],"curies":[{"name":"wp","href":"https:\/\/api.w.org\/{rel}","templated":true}]}}