{"id":702565,"date":"2025-08-27T15:17:24","date_gmt":"2025-08-27T12:17:24","guid":{"rendered":"https:\/\/roveyayinevi.com.tr\/index.php\/urun\/baslangicindan-gunumuze-turk-yazi-sistemleri\/"},"modified":"2026-04-16T02:11:46","modified_gmt":"2026-04-15T23:11:46","slug":"baslangicindan-gunumuze-turk-yazi-sistemleri","status":"publish","type":"product","link":"https:\/\/roveyayinevi.com.tr\/index.php\/urun\/baslangicindan-gunumuze-turk-yazi-sistemleri\/","title":{"rendered":"Ba\u015flang\u0131c\u0131ndan G\u00fcn\u00fcm\u00fcze T\u00fcrk Yaz\u0131 Sistemleri"},"content":{"rendered":"<p>T\u00fcrk\u00e7enin, T\u00fcrkler taraf\u0131ndan yaz\u0131ya aktar\u0131lmas\u0131nda kullan\u0131lan alfabelerinin \u00e7e\u015fitlili\u011fi g\u00f6z kama\u015ft\u0131r\u0131c\u0131d\u0131r. Ara\u015ft\u0131rmac\u0131lar, tarih boyunca T\u00fcrkler kadar s\u0131k alfabe de\u011fi\u015ftirmi\u015f ba\u015fka bir milletin olmad\u0131\u011f\u0131 konusunda birle\u015fmektedir. \u00d6zellikle eski \u00e7a\u011flarda, farkl\u0131 k\u00fclt\u00fcr dairelerinin, T\u00fcrklerin devlet kurdu\u011fu topraklarda kesi\u015fmesi nedeniyle, k\u00fclt\u00fcr\u00fcn en \u00f6nemli ta\u015f\u0131y\u0131c\u0131s\u0131 olan dilin kaydedildi\u011fi yaz\u0131 malzemesi, muazzam bir \u00e7e\u015fitlilikle T\u00fcrkler aras\u0131na girmi\u015ftir.      Bu kitapta, T\u00fcrklerin tarih boyunca kulland\u0131\u011f\u0131 yaz\u0131 sistemleri siyasi, sosyolojik, ekonomik ve din\u00ee nedenler ele al\u0131narak incelenmi\u015ftir. Eski \u00e7a\u011flara ait yaz\u0131 sistemlerinden G\u00f6kt\u00fcrk, Mani, So\u011fut, Uygur, Brahmi, Tibet, S\u00fcryani-Estrangelo ve \u0130brani alfabeleri; yak\u0131n \u00e7a\u011flarda kullan\u0131lan alfabelerden ise Grek, Arap, Kiril ve Latin sosyok\u00fclt\u00fcrel bak\u0131\u015f a\u00e7\u0131s\u0131yla de\u011ferlendirilmi\u015ftir. Bunlar aras\u0131nda, T\u00fcrklerin en fazla benimsedi\u011fi k\u00fclt\u00fcr ve inanc\u0131n (Budizm, \u0130slamiyet) nakledicisi olanlar, T\u00fcrkle\u015fme belirtilerini en \u00e7ok g\u00f6sterenler olmu\u015f; dolay\u0131s\u0131yla Uygur ve Arap alfabeleri, ortalama bin y\u0131l boyunca T\u00fcrkl\u00fc\u011f\u00fcn damgas\u0131n\u0131 ta\u015f\u0131m\u0131\u015ft\u0131r. Latin alfabesi ise, T\u00fcrk\u00e7enin ses yap\u0131s\u0131na sa\u011flad\u0131\u011f\u0131 uyumla ve inan\u00e7lar\u0131n belirleyicili\u011finden uzakta se\u00e7ilmesi sebebiyle, dil bilimi a\u00e7\u0131s\u0131ndan fonetik; sosyolojik ve siyasi a\u00e7\u0131dan ise k\u0131smen tarafs\u0131z ve laik olma \u00f6zelli\u011fini ta\u015f\u0131r. Latin alfabesi bu y\u00f6n\u00fcyle, ilk T\u00fcrk yaz\u0131s\u0131 G\u00f6kt\u00fcrk\u2019le \u00f6zde\u015fle\u015fir ve kronolojik bak\u0131mdan arada kalan di\u011fer alfabeleri, ger\u00e7eklik d\u0131\u015f\u0131, hatta fantastik, bir \u00f6l\u00e7\u00fcde de romantik bir \u00e7embere s\u0131k\u0131\u015ft\u0131r\u0131r. <\/p>\n","protected":false},"excerpt":{"rendered":"<p>T\u00fcrk\u00e7enin, T\u00fcrkler taraf\u0131ndan yaz\u0131ya aktar\u0131lmas\u0131nda kullan\u0131lan alfabelerinin \u00e7e\u015fitlili\u011fi g\u00f6z kama\u015ft\u0131r\u0131c\u0131d\u0131r. Ara\u015ft\u0131rmac\u0131lar, tarih boyunca T\u00fcrkler kadar s\u0131k alfabe de\u011fi\u015ftirmi\u015f ba\u015fka bir milletin olmad\u0131\u011f\u0131 konusunda birle\u015fmektedir. \u00d6zellikle eski<span class=\"excerpt-hellip\"> [\u2026]<\/span><\/p>\n","protected":false},"featured_media":0,"template":"","meta":{"_monsterinsights_skip_tracking":false,"_monsterinsights_sitenote_active":false,"_monsterinsights_sitenote_note":"","_monsterinsights_sitenote_category":0},"product_brand":[],"product_cat":[13633,12324],"product_tag":[],"class_list":{"0":"post-702565","1":"product","2":"type-product","3":"status-publish","5":"product_cat-kultur-ve-bilim","6":"product_cat-sosyoloji","7":"pa_cilt-ciltsiz","8":"pa_tur-kitap","9":"pa_yayinevi-bilge-kultur-sanat","10":"pa_yazar-hatice-sirin-user","12":"first","13":"instock","14":"sale","15":"shipping-taxable","16":"purchasable","17":"product-type-simple"},"_links":{"self":[{"href":"https:\/\/roveyayinevi.com.tr\/index.php\/wp-json\/wp\/v2\/product\/702565","targetHints":{"allow":["GET"]}}],"collection":[{"href":"https:\/\/roveyayinevi.com.tr\/index.php\/wp-json\/wp\/v2\/product"}],"about":[{"href":"https:\/\/roveyayinevi.com.tr\/index.php\/wp-json\/wp\/v2\/types\/product"}],"wp:attachment":[{"href":"https:\/\/roveyayinevi.com.tr\/index.php\/wp-json\/wp\/v2\/media?parent=702565"}],"wp:term":[{"taxonomy":"product_brand","embeddable":true,"href":"https:\/\/roveyayinevi.com.tr\/index.php\/wp-json\/wp\/v2\/product_brand?post=702565"},{"taxonomy":"product_cat","embeddable":true,"href":"https:\/\/roveyayinevi.com.tr\/index.php\/wp-json\/wp\/v2\/product_cat?post=702565"},{"taxonomy":"product_tag","embeddable":true,"href":"https:\/\/roveyayinevi.com.tr\/index.php\/wp-json\/wp\/v2\/product_tag?post=702565"}],"curies":[{"name":"wp","href":"https:\/\/api.w.org\/{rel}","templated":true}]}}