{"id":702564,"date":"2025-08-27T15:17:24","date_gmt":"2025-08-27T12:17:24","guid":{"rendered":"https:\/\/roveyayinevi.com.tr\/index.php\/urun\/insanin-esas-gercekligi-tembellik\/"},"modified":"2026-04-16T02:11:46","modified_gmt":"2026-04-15T23:11:46","slug":"insanin-esas-gercekligi-tembellik","status":"publish","type":"product","link":"https:\/\/roveyayinevi.com.tr\/index.php\/urun\/insanin-esas-gercekligi-tembellik\/","title":{"rendered":"\u0130nsan\u0131n Esas Ger\u00e7ekli\u011fi: Tembellik"},"content":{"rendered":"<p>Hangi sistem olursa olsun \u00e7al\u0131\u015fman\u0131n kutsiyetini yerin dibine bat\u0131ran ve tembelli\u011fi hak etti\u011fi mertebeye \u00e7\u0131karan bir ger\u00e7ekle\u015fme aray\u0131\u015f\u0131&#8230;Yayg\u0131nla\u015fmas\u0131 umulan bireysel bir kar\u015f\u0131 \u00e7\u0131k\u0131\u015f, d\u00fczene sokulan bir \u00e7omak, redde dayal\u0131 bir uyan\u0131\u015f \u00e7a\u011fr\u0131s\u0131&#8230;Ne de olsa &#8220;ya\u015fam, kazan\u0131lm\u0131\u015f bir kavgad\u0131r.&#8221;<\/p>\n","protected":false},"excerpt":{"rendered":"<p>Hangi sistem olursa olsun \u00e7al\u0131\u015fman\u0131n kutsiyetini yerin dibine bat\u0131ran ve tembelli\u011fi hak etti\u011fi mertebeye \u00e7\u0131karan bir ger\u00e7ekle\u015fme aray\u0131\u015f\u0131&#8230;Yayg\u0131nla\u015fmas\u0131 umulan bireysel bir kar\u015f\u0131 \u00e7\u0131k\u0131\u015f, d\u00fczene sokulan bir<span class=\"excerpt-hellip\"> [\u2026]<\/span><\/p>\n","protected":false},"featured_media":0,"template":"","meta":{"_monsterinsights_skip_tracking":false,"_monsterinsights_sitenote_active":false,"_monsterinsights_sitenote_note":"","_monsterinsights_sitenote_category":0},"product_brand":[],"product_cat":[12777,12291],"product_tag":[],"class_list":{"0":"post-702564","1":"product","2":"type-product","3":"status-publish","5":"product_cat-deneme","6":"product_cat-edebiyat","7":"pa_cilt-ciltsiz","8":"pa_tur-kitap","9":"pa_yayinevi-sel-yayincilik","10":"pa_yazar-kazimir-malevich","12":"first","13":"instock","14":"sale","15":"shipping-taxable","16":"purchasable","17":"product-type-simple"},"_links":{"self":[{"href":"https:\/\/roveyayinevi.com.tr\/index.php\/wp-json\/wp\/v2\/product\/702564","targetHints":{"allow":["GET"]}}],"collection":[{"href":"https:\/\/roveyayinevi.com.tr\/index.php\/wp-json\/wp\/v2\/product"}],"about":[{"href":"https:\/\/roveyayinevi.com.tr\/index.php\/wp-json\/wp\/v2\/types\/product"}],"wp:attachment":[{"href":"https:\/\/roveyayinevi.com.tr\/index.php\/wp-json\/wp\/v2\/media?parent=702564"}],"wp:term":[{"taxonomy":"product_brand","embeddable":true,"href":"https:\/\/roveyayinevi.com.tr\/index.php\/wp-json\/wp\/v2\/product_brand?post=702564"},{"taxonomy":"product_cat","embeddable":true,"href":"https:\/\/roveyayinevi.com.tr\/index.php\/wp-json\/wp\/v2\/product_cat?post=702564"},{"taxonomy":"product_tag","embeddable":true,"href":"https:\/\/roveyayinevi.com.tr\/index.php\/wp-json\/wp\/v2\/product_tag?post=702564"}],"curies":[{"name":"wp","href":"https:\/\/api.w.org\/{rel}","templated":true}]}}