{"id":702561,"date":"2025-08-27T15:17:23","date_gmt":"2025-08-27T12:17:23","guid":{"rendered":"https:\/\/roveyayinevi.com.tr\/index.php\/urun\/islam-dini-ve-mezhepleri-tarihi-1-hz-muhammedin-dogumundan-olumune-kadar\/"},"modified":"2026-04-16T02:11:46","modified_gmt":"2026-04-15T23:11:46","slug":"islam-dini-ve-mezhepleri-tarihi-1-hz-muhammedin-dogumundan-olumune-kadar","status":"publish","type":"product","link":"https:\/\/roveyayinevi.com.tr\/index.php\/urun\/islam-dini-ve-mezhepleri-tarihi-1-hz-muhammedin-dogumundan-olumune-kadar\/","title":{"rendered":"\u0130slam Dini ve Mezhepleri Tarihi 1: Hz. Muhammed\u2019in Do\u011fumundan \u00d6l\u00fcm\u00fcne Kadar"},"content":{"rendered":"<p>Prof. Dr. Yusuf Ziya Y\u00f6r\u00fck\u00e2n, bu kitapta esas olarak, \u0130sl\u00e2m Dini ve Mezheplerini do\u011fru kavrayabilmek i\u00e7in Hz. Peygamber\u2019in do\u011fumundan \u00e2hirete intikaline kadar referans g\u00f6sterilen b\u00fct\u00fcn be\u015fer\u00ee ve siyas\u00ee olaylar\u0131 ele alm\u0131\u015ft\u0131r. Bu kitapta, ileride \u0130sl\u00e2m d\u00fcnyas\u0131nda tart\u0131\u015fma konusu edilen olaylar\u0131n, Peygamberimizin hayat safhalar\u0131n\u0131n, hangi olaylar \u00fczerine hangi \u00e2yetlerin indirildi\u011finin, hangi m\u00fcl\u00e2hazalarla nas\u0131l bir de\u011ferlendirme yap\u0131ld\u0131\u011f\u0131n\u0131n, c\u00e2hiliyetin koyu karanl\u0131\u011f\u0131ndan meden\u00ee bir s\u0131\u00e7ray\u0131\u015f ve parlakl\u0131\u011fa bir insan \u00f6mr\u00fc i\u00e7erisinde nas\u0131l y\u00fckselindi\u011finin sade ve rahat bir \u00fcsl\u00fbpla ele al\u0131nm\u0131\u015f oldu\u011funu g\u00f6receksiniz <\/p>\n","protected":false},"excerpt":{"rendered":"<p>Prof. Dr. Yusuf Ziya Y\u00f6r\u00fck\u00e2n, bu kitapta esas olarak, \u0130sl\u00e2m Dini ve Mezheplerini do\u011fru kavrayabilmek i\u00e7in Hz. Peygamber\u2019in do\u011fumundan \u00e2hirete intikaline kadar referans g\u00f6sterilen b\u00fct\u00fcn be\u015fer\u00ee<span class=\"excerpt-hellip\"> [\u2026]<\/span><\/p>\n","protected":false},"featured_media":0,"template":"","meta":{"_monsterinsights_skip_tracking":false,"_monsterinsights_sitenote_active":false,"_monsterinsights_sitenote_note":"","_monsterinsights_sitenote_category":0},"product_brand":[],"product_cat":[12718,12719,18109],"product_tag":[],"class_list":{"0":"post-702561","1":"product","2":"type-product","3":"status-publish","5":"product_cat-din","6":"product_cat-islam","7":"product_cat-islam-tarihi","8":"pa_cilt-ciltsiz","9":"pa_tur-kitap","10":"pa_yayinevi-otuken-nesriyat","11":"pa_yazar-yusuf-ziya-yorukan","13":"first","14":"instock","15":"sale","16":"shipping-taxable","17":"purchasable","18":"product-type-simple"},"_links":{"self":[{"href":"https:\/\/roveyayinevi.com.tr\/index.php\/wp-json\/wp\/v2\/product\/702561","targetHints":{"allow":["GET"]}}],"collection":[{"href":"https:\/\/roveyayinevi.com.tr\/index.php\/wp-json\/wp\/v2\/product"}],"about":[{"href":"https:\/\/roveyayinevi.com.tr\/index.php\/wp-json\/wp\/v2\/types\/product"}],"wp:attachment":[{"href":"https:\/\/roveyayinevi.com.tr\/index.php\/wp-json\/wp\/v2\/media?parent=702561"}],"wp:term":[{"taxonomy":"product_brand","embeddable":true,"href":"https:\/\/roveyayinevi.com.tr\/index.php\/wp-json\/wp\/v2\/product_brand?post=702561"},{"taxonomy":"product_cat","embeddable":true,"href":"https:\/\/roveyayinevi.com.tr\/index.php\/wp-json\/wp\/v2\/product_cat?post=702561"},{"taxonomy":"product_tag","embeddable":true,"href":"https:\/\/roveyayinevi.com.tr\/index.php\/wp-json\/wp\/v2\/product_tag?post=702561"}],"curies":[{"name":"wp","href":"https:\/\/api.w.org\/{rel}","templated":true}]}}