{"id":702560,"date":"2025-08-27T15:17:22","date_gmt":"2025-08-27T12:17:22","guid":{"rendered":"https:\/\/roveyayinevi.com.tr\/index.php\/urun\/mehmet-eroz-armagani\/"},"modified":"2026-04-16T02:11:46","modified_gmt":"2026-04-15T23:11:46","slug":"mehmet-eroz-armagani","status":"publish","type":"product","link":"https:\/\/roveyayinevi.com.tr\/index.php\/urun\/mehmet-eroz-armagani\/","title":{"rendered":"Mehmet Er\u00f6z Arma\u011fan\u0131"},"content":{"rendered":"<p>\u00c7eyrek as\u0131r \u00f6nce ebediyete u\u011furlad\u0131\u011f\u0131m\u0131z Mehmet Er\u00f6z (S\u00f6ke, 1930 &#8211; \u0130stanbul, 20.6.1986), \u0130ktisat sosyolojisi dal\u0131nda de\u011ferli bir sosyolog olmas\u0131n\u0131n yan\u0131 s\u0131ra, Do\u011fu ve G\u00fcneydo\u011fu Anadolu\u2019nun sosyal yap\u0131s\u0131 ile Alevilik-Bekta\u015filik konusunda yapm\u0131\u015f oldu\u011fu ara\u015ft\u0131rmalarla, yazd\u0131\u011f\u0131 makale ve kitaplarla da T\u00fcrkiye\u2019de \u00f6rnek al\u0131nmas\u0131 gereken bir ilim adam\u0131d\u0131r. Elinizdeki kitap Er\u00f6z\u2019\u00fcn \u00e7al\u0131\u015ft\u0131\u011f\u0131 konularda ara\u015ft\u0131rmalar yapan T\u00fcrkiye, Kazakistan, Nah\u00e7\u0131van ve \u0130ran\u2019dan bilim insanlar\u0131n\u0131n birbirinden \u00f6nemli makalelerinden olu\u015fmakta ve \u00f6l\u00fcm\u00fcn\u00fcn 25\u2019inci y\u0131l\u0131nda onun hat\u0131ras\u0131n\u0131 yad etme maksad\u0131 g\u00fctmektedir. Dolay\u0131s\u0131yla bu eserde Er\u00f6z\u2019e yak\u0131\u015fan makaleler bir araya getirilmi\u015f ve bu vesileyle neredeyse T\u00fcrkiye\u2019de unutulmaya y\u00fcz tutan k\u00fclt\u00fcr ara\u015ft\u0131rmalar\u0131 g\u00fcndeme getirilmek istenmi\u015ftir. <\/p>\n","protected":false},"excerpt":{"rendered":"<p>\u00c7eyrek as\u0131r \u00f6nce ebediyete u\u011furlad\u0131\u011f\u0131m\u0131z Mehmet Er\u00f6z (S\u00f6ke, 1930 &#8211; \u0130stanbul, 20.6.1986), \u0130ktisat sosyolojisi dal\u0131nda de\u011ferli bir sosyolog olmas\u0131n\u0131n yan\u0131 s\u0131ra, Do\u011fu ve G\u00fcneydo\u011fu Anadolu\u2019nun sosyal<span class=\"excerpt-hellip\"> [\u2026]<\/span><\/p>\n","protected":false},"featured_media":0,"template":"","meta":{"_monsterinsights_skip_tracking":false,"_monsterinsights_sitenote_active":false,"_monsterinsights_sitenote_note":"","_monsterinsights_sitenote_category":0},"product_brand":[],"product_cat":[12364],"product_tag":[],"class_list":{"0":"post-702560","1":"product","2":"type-product","3":"status-publish","5":"product_cat-genel-konular","6":"pa_tur-kitap","7":"pa_yayinevi-otuken-nesriyat","8":"pa_yazar-kolektif","10":"first","11":"instock","12":"sale","13":"shipping-taxable","14":"purchasable","15":"product-type-simple"},"_links":{"self":[{"href":"https:\/\/roveyayinevi.com.tr\/index.php\/wp-json\/wp\/v2\/product\/702560","targetHints":{"allow":["GET"]}}],"collection":[{"href":"https:\/\/roveyayinevi.com.tr\/index.php\/wp-json\/wp\/v2\/product"}],"about":[{"href":"https:\/\/roveyayinevi.com.tr\/index.php\/wp-json\/wp\/v2\/types\/product"}],"wp:attachment":[{"href":"https:\/\/roveyayinevi.com.tr\/index.php\/wp-json\/wp\/v2\/media?parent=702560"}],"wp:term":[{"taxonomy":"product_brand","embeddable":true,"href":"https:\/\/roveyayinevi.com.tr\/index.php\/wp-json\/wp\/v2\/product_brand?post=702560"},{"taxonomy":"product_cat","embeddable":true,"href":"https:\/\/roveyayinevi.com.tr\/index.php\/wp-json\/wp\/v2\/product_cat?post=702560"},{"taxonomy":"product_tag","embeddable":true,"href":"https:\/\/roveyayinevi.com.tr\/index.php\/wp-json\/wp\/v2\/product_tag?post=702560"}],"curies":[{"name":"wp","href":"https:\/\/api.w.org\/{rel}","templated":true}]}}