{"id":702557,"date":"2025-08-27T15:17:21","date_gmt":"2025-08-27T12:17:21","guid":{"rendered":"https:\/\/roveyayinevi.com.tr\/index.php\/urun\/oktay-rifata-dogru\/"},"modified":"2026-04-16T02:11:46","modified_gmt":"2026-04-15T23:11:46","slug":"oktay-rifata-dogru","status":"publish","type":"product","link":"https:\/\/roveyayinevi.com.tr\/index.php\/urun\/oktay-rifata-dogru\/","title":{"rendered":"Oktay Rifat&#8217;a Do\u011fru"},"content":{"rendered":"<p>Bu y\u0131l, Oktay Rifat, do\u011fumunun 100. y\u0131l d\u00f6n\u00fcm\u00fcnde an\u0131l\u0131yor. Enis Batur, y\u0131llar \u00f6nce   T\u00fcrk\u00e7e \u015eiirin Doru\u011funda  konumlad\u0131\u011f\u0131 Oktay Rifat&#8217;\u0131n \u015fiirini bir defa daha okumaya giri\u015fti. Bu giri\u015fimden birka\u00e7 yeni yorum ipucunun do\u011fdu\u011funa inan\u0131yor. <\/p>\n","protected":false},"excerpt":{"rendered":"<p>Bu y\u0131l, Oktay Rifat, do\u011fumunun 100. y\u0131l d\u00f6n\u00fcm\u00fcnde an\u0131l\u0131yor. Enis Batur, y\u0131llar \u00f6nce T\u00fcrk\u00e7e \u015eiirin Doru\u011funda konumlad\u0131\u011f\u0131 Oktay Rifat&#8217;\u0131n \u015fiirini bir defa daha okumaya giri\u015fti. Bu<span class=\"excerpt-hellip\"> [\u2026]<\/span><\/p>\n","protected":false},"featured_media":0,"template":"","meta":{"_monsterinsights_skip_tracking":false,"_monsterinsights_sitenote_active":false,"_monsterinsights_sitenote_note":"","_monsterinsights_sitenote_category":0},"product_brand":[],"product_cat":[12777,12291],"product_tag":[],"class_list":{"0":"post-702557","1":"product","2":"type-product","3":"status-publish","5":"product_cat-deneme","6":"product_cat-edebiyat","7":"pa_tur-kitap","8":"pa_yayinevi-sel-yayincilik","9":"pa_yazar-enis-batur","11":"first","12":"instock","13":"sale","14":"shipping-taxable","15":"purchasable","16":"product-type-simple"},"_links":{"self":[{"href":"https:\/\/roveyayinevi.com.tr\/index.php\/wp-json\/wp\/v2\/product\/702557","targetHints":{"allow":["GET"]}}],"collection":[{"href":"https:\/\/roveyayinevi.com.tr\/index.php\/wp-json\/wp\/v2\/product"}],"about":[{"href":"https:\/\/roveyayinevi.com.tr\/index.php\/wp-json\/wp\/v2\/types\/product"}],"wp:attachment":[{"href":"https:\/\/roveyayinevi.com.tr\/index.php\/wp-json\/wp\/v2\/media?parent=702557"}],"wp:term":[{"taxonomy":"product_brand","embeddable":true,"href":"https:\/\/roveyayinevi.com.tr\/index.php\/wp-json\/wp\/v2\/product_brand?post=702557"},{"taxonomy":"product_cat","embeddable":true,"href":"https:\/\/roveyayinevi.com.tr\/index.php\/wp-json\/wp\/v2\/product_cat?post=702557"},{"taxonomy":"product_tag","embeddable":true,"href":"https:\/\/roveyayinevi.com.tr\/index.php\/wp-json\/wp\/v2\/product_tag?post=702557"}],"curies":[{"name":"wp","href":"https:\/\/api.w.org\/{rel}","templated":true}]}}