{"id":702554,"date":"2025-08-27T15:17:20","date_gmt":"2025-08-27T12:17:20","guid":{"rendered":"https:\/\/roveyayinevi.com.tr\/index.php\/urun\/gumus-beyazi-karavan\/"},"modified":"2026-04-16T02:11:46","modified_gmt":"2026-04-15T23:11:46","slug":"gumus-beyazi-karavan","status":"publish","type":"product","link":"https:\/\/roveyayinevi.com.tr\/index.php\/urun\/gumus-beyazi-karavan\/","title":{"rendered":"G\u00fcm\u00fc\u015f Beyaz\u0131 Karavan"},"content":{"rendered":"<p>-\u0130nsan\u0131n \u015fans\u0131 yaver gitmeli vesselam!.. Bir bakm\u0131\u015fs\u0131n o g\u00fcne kadar birbirini asla tan\u0131mayan iki ki\u015fi &#8211; bir k\u0131z bir erkek \u00e7\u00f6l\u00fcn ortas\u0131nda kar\u015f\u0131la\u015fm\u0131\u015flar ve aniden de bu d\u00fcnyaya zaten birbirlerini bulmak i\u00e7in gelmi\u015f olduklar\u0131n\u0131 anlay\u0131vermi\u015fler&#8230; (Kasap A\u011fanecef\u2019in kar\u0131s\u0131 Balacahan\u0131m\u2019\u0131n, sokak kap\u0131lar\u0131n\u0131n \u00f6n\u00fcnde \u00e7ekirdek \u00e7itleyerekten gen\u00e7 k\u0131zlara anlatt\u0131klar\u0131ndan.) &#8211; Benim dile\u011fim de Memmeda\u011fa\u2019n\u0131n mesut olmas\u0131 i\u015fte!.. (Bu s\u00f6zleri de bir ak\u015fam Ali Samedullah\u2019a s\u00f6ylemi\u015fti, o ak\u015fam ki Yadullah\u2019la Fatma\u2019n\u0131n d\u00fc\u011f\u00fcn\u00fcyd\u00fc ve Aliakper\u2019in klarneti insan\u0131n i\u00e7ini kaynat\u0131yordu.) &#8211; Benim k\u0131smetim b\u00f6yleymi\u015f, bari Mesmehan\u0131m mesut olabilse!.. (G\u00fcldeste, Voronej\u2019e giden trenin penceresinden bembeyaz k\u0131\u015f gecesini seyrederken b\u00f6yle d\u00fc\u015f\u00fcnm\u00fc\u015ft\u00fc.) <\/p>\n","protected":false},"excerpt":{"rendered":"<p>-\u0130nsan\u0131n \u015fans\u0131 yaver gitmeli vesselam!.. Bir bakm\u0131\u015fs\u0131n o g\u00fcne kadar birbirini asla tan\u0131mayan iki ki\u015fi &#8211; bir k\u0131z bir erkek \u00e7\u00f6l\u00fcn ortas\u0131nda kar\u015f\u0131la\u015fm\u0131\u015flar ve aniden de<span class=\"excerpt-hellip\"> [\u2026]<\/span><\/p>\n","protected":false},"featured_media":0,"template":"","meta":{"_monsterinsights_skip_tracking":false,"_monsterinsights_sitenote_active":false,"_monsterinsights_sitenote_note":"","_monsterinsights_sitenote_category":0},"product_brand":[],"product_cat":[12291,12711],"product_tag":[],"class_list":{"0":"post-702554","1":"product","2":"type-product","3":"status-publish","5":"product_cat-edebiyat","6":"product_cat-roman-oyku","7":"pa_tur-kitap","8":"pa_yayinevi-otuken-nesriyat","9":"pa_yazar-elcin","11":"first","12":"instock","13":"sale","14":"shipping-taxable","15":"purchasable","16":"product-type-simple"},"_links":{"self":[{"href":"https:\/\/roveyayinevi.com.tr\/index.php\/wp-json\/wp\/v2\/product\/702554","targetHints":{"allow":["GET"]}}],"collection":[{"href":"https:\/\/roveyayinevi.com.tr\/index.php\/wp-json\/wp\/v2\/product"}],"about":[{"href":"https:\/\/roveyayinevi.com.tr\/index.php\/wp-json\/wp\/v2\/types\/product"}],"wp:attachment":[{"href":"https:\/\/roveyayinevi.com.tr\/index.php\/wp-json\/wp\/v2\/media?parent=702554"}],"wp:term":[{"taxonomy":"product_brand","embeddable":true,"href":"https:\/\/roveyayinevi.com.tr\/index.php\/wp-json\/wp\/v2\/product_brand?post=702554"},{"taxonomy":"product_cat","embeddable":true,"href":"https:\/\/roveyayinevi.com.tr\/index.php\/wp-json\/wp\/v2\/product_cat?post=702554"},{"taxonomy":"product_tag","embeddable":true,"href":"https:\/\/roveyayinevi.com.tr\/index.php\/wp-json\/wp\/v2\/product_tag?post=702554"}],"curies":[{"name":"wp","href":"https:\/\/api.w.org\/{rel}","templated":true}]}}