{"id":702552,"date":"2025-08-27T15:17:20","date_gmt":"2025-08-27T12:17:20","guid":{"rendered":"https:\/\/roveyayinevi.com.tr\/index.php\/urun\/cevrimicinde-serafettin\/"},"modified":"2026-04-16T02:11:46","modified_gmt":"2026-04-15T23:11:46","slug":"cevrimicinde-serafettin","status":"publish","type":"product","link":"https:\/\/roveyayinevi.com.tr\/index.php\/urun\/cevrimicinde-serafettin\/","title":{"rendered":"\u00c7evrimi\u00e7inde \u015eerafettin"},"content":{"rendered":"<p>S\u00f6zc\u00fckler, ku\u015flar ve notalar\u2026\u015eerafettin, derece ile girdi\u011fi yeni okulunda kendini bamba\u015fka bir \u00e7evrede bulur. Bir yandan yeni \u00e7evresine uyum sa\u011flamaya di\u011fer yandan da okulda u\u011frad\u0131\u011f\u0131 zorbal\u0131klarla ba\u015f etmeye \u00e7al\u0131\u015f\u0131r. <\/p>\n","protected":false},"excerpt":{"rendered":"<p>S\u00f6zc\u00fckler, ku\u015flar ve notalar\u2026\u015eerafettin, derece ile girdi\u011fi yeni okulunda kendini bamba\u015fka bir \u00e7evrede bulur. Bir yandan yeni \u00e7evresine uyum sa\u011flamaya di\u011fer yandan da okulda u\u011frad\u0131\u011f\u0131 zorbal\u0131klarla<span class=\"excerpt-hellip\"> [\u2026]<\/span><\/p>\n","protected":false},"featured_media":0,"template":"","meta":{"_monsterinsights_skip_tracking":false,"_monsterinsights_sitenote_active":false,"_monsterinsights_sitenote_note":"","_monsterinsights_sitenote_category":0},"product_brand":[],"product_cat":[12274,12284],"product_tag":[],"class_list":{"0":"post-702552","1":"product","2":"type-product","3":"status-publish","5":"product_cat-cocuk-ve-genclik-kitaplari","6":"product_cat-hikayeler","7":"pa_cilt-ciltsiz","8":"pa_tur-kitap","9":"pa_yayinevi-can-cocuk-yayinlari","10":"pa_yazar-seza-kutlar-aksoy","12":"first","13":"instock","14":"sale","15":"shipping-taxable","16":"purchasable","17":"product-type-simple"},"_links":{"self":[{"href":"https:\/\/roveyayinevi.com.tr\/index.php\/wp-json\/wp\/v2\/product\/702552","targetHints":{"allow":["GET"]}}],"collection":[{"href":"https:\/\/roveyayinevi.com.tr\/index.php\/wp-json\/wp\/v2\/product"}],"about":[{"href":"https:\/\/roveyayinevi.com.tr\/index.php\/wp-json\/wp\/v2\/types\/product"}],"wp:attachment":[{"href":"https:\/\/roveyayinevi.com.tr\/index.php\/wp-json\/wp\/v2\/media?parent=702552"}],"wp:term":[{"taxonomy":"product_brand","embeddable":true,"href":"https:\/\/roveyayinevi.com.tr\/index.php\/wp-json\/wp\/v2\/product_brand?post=702552"},{"taxonomy":"product_cat","embeddable":true,"href":"https:\/\/roveyayinevi.com.tr\/index.php\/wp-json\/wp\/v2\/product_cat?post=702552"},{"taxonomy":"product_tag","embeddable":true,"href":"https:\/\/roveyayinevi.com.tr\/index.php\/wp-json\/wp\/v2\/product_tag?post=702552"}],"curies":[{"name":"wp","href":"https:\/\/api.w.org\/{rel}","templated":true}]}}