{"id":702551,"date":"2025-08-27T15:17:19","date_gmt":"2025-08-27T12:17:19","guid":{"rendered":"https:\/\/roveyayinevi.com.tr\/index.php\/urun\/milli-kultur-ve-kimlik\/"},"modified":"2026-04-16T02:11:46","modified_gmt":"2026-04-15T23:11:46","slug":"milli-kultur-ve-kimlik","status":"publish","type":"product","link":"https:\/\/roveyayinevi.com.tr\/index.php\/urun\/milli-kultur-ve-kimlik\/","title":{"rendered":"Milli K\u00fclt\u00fcr ve Kimlik"},"content":{"rendered":"<p>Bu kitap, kavram karga\u015fas\u0131n\u0131n ya\u015fand\u0131\u011f\u0131, yanl\u0131\u015f bilgi ve y\u00f6nlendirmelerin \u00e7ok oldu\u011fu  K\u00fclt\u00fcr ve Milli Kimlik  alanlar\u0131nda sa\u011fl\u0131kl\u0131 ve uyar\u0131c\u0131 tespitler yapmaktad\u0131r. Bu kitaptaki yaz\u0131larla, k\u00f6t\u00fc niyetlilerin sloganla\u015ft\u0131rarak sapt\u0131rd\u0131\u011f\u0131, iyi niyetlilerin de soyut ifadelerden \u00f6teye pek fazla gidemedi\u011fi baz\u0131 \u00f6nemli kavramlar\u0131 kafan\u0131za ve y\u00fcre\u011finize sindirebilece\u011finizi umuyoruz. <\/p>\n","protected":false},"excerpt":{"rendered":"<p>Bu kitap, kavram karga\u015fas\u0131n\u0131n ya\u015fand\u0131\u011f\u0131, yanl\u0131\u015f bilgi ve y\u00f6nlendirmelerin \u00e7ok oldu\u011fu K\u00fclt\u00fcr ve Milli Kimlik alanlar\u0131nda sa\u011fl\u0131kl\u0131 ve uyar\u0131c\u0131 tespitler yapmaktad\u0131r. Bu kitaptaki yaz\u0131larla, k\u00f6t\u00fc niyetlilerin<span class=\"excerpt-hellip\"> [\u2026]<\/span><\/p>\n","protected":false},"featured_media":0,"template":"","meta":{"_monsterinsights_skip_tracking":false,"_monsterinsights_sitenote_active":false,"_monsterinsights_sitenote_note":"","_monsterinsights_sitenote_category":0},"product_brand":[],"product_cat":[13656,12337],"product_tag":[],"class_list":{"0":"post-702551","1":"product","2":"type-product","3":"status-publish","5":"product_cat-azinliklar-etnik-sorunlar","6":"product_cat-politika-siyaset","7":"pa_cilt-ciltsiz","8":"pa_tur-kitap","9":"pa_yayinevi-otuken-nesriyat","10":"pa_yazar-nevzat-kosoglu","12":"first","13":"instock","14":"sale","15":"shipping-taxable","16":"purchasable","17":"product-type-simple"},"_links":{"self":[{"href":"https:\/\/roveyayinevi.com.tr\/index.php\/wp-json\/wp\/v2\/product\/702551","targetHints":{"allow":["GET"]}}],"collection":[{"href":"https:\/\/roveyayinevi.com.tr\/index.php\/wp-json\/wp\/v2\/product"}],"about":[{"href":"https:\/\/roveyayinevi.com.tr\/index.php\/wp-json\/wp\/v2\/types\/product"}],"wp:attachment":[{"href":"https:\/\/roveyayinevi.com.tr\/index.php\/wp-json\/wp\/v2\/media?parent=702551"}],"wp:term":[{"taxonomy":"product_brand","embeddable":true,"href":"https:\/\/roveyayinevi.com.tr\/index.php\/wp-json\/wp\/v2\/product_brand?post=702551"},{"taxonomy":"product_cat","embeddable":true,"href":"https:\/\/roveyayinevi.com.tr\/index.php\/wp-json\/wp\/v2\/product_cat?post=702551"},{"taxonomy":"product_tag","embeddable":true,"href":"https:\/\/roveyayinevi.com.tr\/index.php\/wp-json\/wp\/v2\/product_tag?post=702551"}],"curies":[{"name":"wp","href":"https:\/\/api.w.org\/{rel}","templated":true}]}}