{"id":702550,"date":"2025-08-27T15:17:19","date_gmt":"2025-08-27T12:17:19","guid":{"rendered":"https:\/\/roveyayinevi.com.tr\/index.php\/urun\/ve-madenci-tumba-dedi\/"},"modified":"2026-04-16T02:11:46","modified_gmt":"2026-04-15T23:11:46","slug":"ve-madenci-tumba-dedi","status":"publish","type":"product","link":"https:\/\/roveyayinevi.com.tr\/index.php\/urun\/ve-madenci-tumba-dedi\/","title":{"rendered":"Ve Madenci Tumba Dedi"},"content":{"rendered":"<p>Soma ve ard\u0131ndan Ermenek\u2019te birbiri pe\u015fi s\u0131ra meydana gelen maden kazalar\u0131n\u0131n akabinde yay\u0131mlanmaktad\u0131r.-Kitab\u0131n konusunu, 1990 y\u0131l\u0131nda bir anda T\u00fcrkiye\u2019nin g\u00fcndemini belirleyen b\u00fcy\u00fck Zonguldak madenci y\u00fcr\u00fcy\u00fc\u015f\u00fc olu\u015fturuyor. -Bir belgesel-an\u0131-roman tad\u0131nda yaz\u0131lm\u0131\u015f olan bu kitaptaki her \u015fey, isimler bile ger\u00e7ektir. -Yazar Halil Yapa\u011f\u0131l\u0131, madencilerin dram\u0131na bizzat yak\u0131ndan tan\u0131k olmu\u015f, birka\u00e7 ay boyunca Zonguldak\u2019ta madencilerle i\u00e7 i\u00e7e ya\u015fam\u0131\u015ft\u0131r. -B\u00fcy\u00fck Zonguldak y\u00fcr\u00fcy\u00fc\u015f\u00fc bir anda T\u00fcrkiye\u2019nin ve d\u00fcnyan\u0131n dikkatini madencilerin i\u00e7ler ac\u0131s\u0131 durumuna \u00e7ekmi\u015fti. -Haftalar \u00f6ncesinde y\u00fcr\u00fct\u00fclen sendika-h\u00fck\u00fcmet g\u00f6r\u00fc\u015fmeleri t\u0131kan\u0131nca madenciye derdini anlatmak i\u00e7in Ankara\u2019ya y\u00fcr\u00fcmekten ba\u015fka bir \u00e7\u0131kar yol b\u0131rak\u0131lmam\u0131\u015ft\u0131. -Bug\u00fcn oldu\u011fu gibi o g\u00fcn de bas\u0131n ve medya h\u00fck\u00fcmetin kontrol\u00fcndeydi ve b\u00fcy\u00fck y\u00fcr\u00fcy\u00fc\u015f\u00fc g\u00f6rmezden gelmi\u015fti. -Ancak madencinin halkla b\u00fct\u00fcnle\u015fen sab\u0131rl\u0131 ve ak\u0131ll\u0131 ad\u0131mlar\u0131 etkisini hemen g\u00f6stermi\u015f, \u00f6nce bas\u0131n ve medyay\u0131 hizaya sokmu\u015f, ard\u0131ndan da h\u00fck\u00fcmeti sarsm\u0131\u015ft\u0131.-Zonguldak y\u00fcr\u00fcy\u00fc\u015f\u00fc \u00f6ylesine etkiliydi ki, madenciler b\u00fct\u00fcn T\u00fcrkiye\u2019yi arkalar\u0131na almakla kalmam\u0131\u015f, h\u00fck\u00fcmeti de istifa etme noktas\u0131na getirmi\u015flerdi.-\u0130\u015fte okuyaca\u011f\u0131n\u0131z bu kitap y\u00fcr\u00fcy\u00fc\u015f\u00fcn destans\u0131 hikayesini anlatmaktad\u0131r. <\/p>\n","protected":false},"excerpt":{"rendered":"<p>Soma ve ard\u0131ndan Ermenek\u2019te birbiri pe\u015fi s\u0131ra meydana gelen maden kazalar\u0131n\u0131n akabinde yay\u0131mlanmaktad\u0131r.-Kitab\u0131n konusunu, 1990 y\u0131l\u0131nda bir anda T\u00fcrkiye\u2019nin g\u00fcndemini belirleyen b\u00fcy\u00fck Zonguldak madenci y\u00fcr\u00fcy\u00fc\u015f\u00fc olu\u015fturuyor.<span class=\"excerpt-hellip\"> [\u2026]<\/span><\/p>\n","protected":false},"featured_media":0,"template":"","meta":{"_monsterinsights_skip_tracking":false,"_monsterinsights_sitenote_active":false,"_monsterinsights_sitenote_note":"","_monsterinsights_sitenote_category":0},"product_brand":[],"product_cat":[12782,12291],"product_tag":[],"class_list":{"0":"post-702550","1":"product","2":"type-product","3":"status-publish","5":"product_cat-alman-edebiyati","6":"product_cat-edebiyat","7":"pa_tur-kitap","8":"pa_yayinevi-kaynak-yayinlari","9":"pa_yazar-halil-yapagili","11":"first","12":"instock","13":"sale","14":"shipping-taxable","15":"purchasable","16":"product-type-simple"},"_links":{"self":[{"href":"https:\/\/roveyayinevi.com.tr\/index.php\/wp-json\/wp\/v2\/product\/702550","targetHints":{"allow":["GET"]}}],"collection":[{"href":"https:\/\/roveyayinevi.com.tr\/index.php\/wp-json\/wp\/v2\/product"}],"about":[{"href":"https:\/\/roveyayinevi.com.tr\/index.php\/wp-json\/wp\/v2\/types\/product"}],"wp:attachment":[{"href":"https:\/\/roveyayinevi.com.tr\/index.php\/wp-json\/wp\/v2\/media?parent=702550"}],"wp:term":[{"taxonomy":"product_brand","embeddable":true,"href":"https:\/\/roveyayinevi.com.tr\/index.php\/wp-json\/wp\/v2\/product_brand?post=702550"},{"taxonomy":"product_cat","embeddable":true,"href":"https:\/\/roveyayinevi.com.tr\/index.php\/wp-json\/wp\/v2\/product_cat?post=702550"},{"taxonomy":"product_tag","embeddable":true,"href":"https:\/\/roveyayinevi.com.tr\/index.php\/wp-json\/wp\/v2\/product_tag?post=702550"}],"curies":[{"name":"wp","href":"https:\/\/api.w.org\/{rel}","templated":true}]}}