{"id":702548,"date":"2025-08-27T15:17:18","date_gmt":"2025-08-27T12:17:18","guid":{"rendered":"https:\/\/roveyayinevi.com.tr\/index.php\/urun\/gun-batarken\/"},"modified":"2026-04-16T02:11:46","modified_gmt":"2026-04-15T23:11:46","slug":"gun-batarken","status":"publish","type":"product","link":"https:\/\/roveyayinevi.com.tr\/index.php\/urun\/gun-batarken\/","title":{"rendered":"G\u00fcn Batarken"},"content":{"rendered":"<p>G\u00fcn Batarken, Osmanl\u0131 \u00e7\u00f6k\u00fc\u015f\u00fcn\u00fcn \u0131zd\u0131rap verici hikayesidir. \u0130ttihat Terakki&#8217;nin iktidar s\u00fcrecinde cereyan eden olaylar\u0131, \u0130stanbul&#8217;daki sosyal hayat\u0131, bask\u0131 ve kaos i\u00e7inde s\u00fcr\u00fcp giden \u00e7eki\u015fmeleri, 1. D\u00fcnya Harbi&#8217;ne giri\u015fimizi, Birinci Kanal Harekat\u0131 ve \u00c7anakkale sava\u015flar\u0131n\u0131n detaylar\u0131n\u0131, genel olarak harbin cephelerini, parti \u00e7eki\u015fmelerini, \u00e7ekilen s\u0131k\u0131nt\u0131lara ra\u011fmen T\u00fcrk askerinin ve milletinin dayan\u0131kl\u0131l\u0131\u011f\u0131n\u0131, sabr\u0131n\u0131, direncini o g\u00fcn\u00fcn atmosferi i\u00e7inde ya\u015farcas\u0131na  i\u00e7eriden  vermektedir. Tarihimizin krizli d\u00f6nemlerini tarihi ger\u00e7eklere dayanarak tesbit edip romanlar\u0131nda i\u015fleyen Bekir B\u00fcy\u00fckark\u0131n, krizin mahiyetini, krizden \u00e7\u0131kma azim ve niyetinin do\u011frultusunu okuyuculara romanlar\u0131nda hissettirmeye \u00e7al\u0131\u015fm\u0131\u015ft\u0131r. <\/p>\n","protected":false},"excerpt":{"rendered":"<p>G\u00fcn Batarken, Osmanl\u0131 \u00e7\u00f6k\u00fc\u015f\u00fcn\u00fcn \u0131zd\u0131rap verici hikayesidir. \u0130ttihat Terakki&#8217;nin iktidar s\u00fcrecinde cereyan eden olaylar\u0131, \u0130stanbul&#8217;daki sosyal hayat\u0131, bask\u0131 ve kaos i\u00e7inde s\u00fcr\u00fcp giden \u00e7eki\u015fmeleri, 1. D\u00fcnya<span class=\"excerpt-hellip\"> [\u2026]<\/span><\/p>\n","protected":false},"featured_media":0,"template":"","meta":{"_monsterinsights_skip_tracking":false,"_monsterinsights_sitenote_active":false,"_monsterinsights_sitenote_note":"","_monsterinsights_sitenote_category":0},"product_brand":[],"product_cat":[12718,18102,12719],"product_tag":[],"class_list":{"0":"post-702548","1":"product","2":"type-product","3":"status-publish","5":"product_cat-din","6":"product_cat-edebiyat-roman","7":"product_cat-islam","8":"pa_tur-kitap","9":"pa_yayinevi-otuken-nesriyat","10":"pa_yazar-bekir-buyukarkin","12":"first","13":"instock","14":"sale","15":"shipping-taxable","16":"purchasable","17":"product-type-simple"},"_links":{"self":[{"href":"https:\/\/roveyayinevi.com.tr\/index.php\/wp-json\/wp\/v2\/product\/702548","targetHints":{"allow":["GET"]}}],"collection":[{"href":"https:\/\/roveyayinevi.com.tr\/index.php\/wp-json\/wp\/v2\/product"}],"about":[{"href":"https:\/\/roveyayinevi.com.tr\/index.php\/wp-json\/wp\/v2\/types\/product"}],"wp:attachment":[{"href":"https:\/\/roveyayinevi.com.tr\/index.php\/wp-json\/wp\/v2\/media?parent=702548"}],"wp:term":[{"taxonomy":"product_brand","embeddable":true,"href":"https:\/\/roveyayinevi.com.tr\/index.php\/wp-json\/wp\/v2\/product_brand?post=702548"},{"taxonomy":"product_cat","embeddable":true,"href":"https:\/\/roveyayinevi.com.tr\/index.php\/wp-json\/wp\/v2\/product_cat?post=702548"},{"taxonomy":"product_tag","embeddable":true,"href":"https:\/\/roveyayinevi.com.tr\/index.php\/wp-json\/wp\/v2\/product_tag?post=702548"}],"curies":[{"name":"wp","href":"https:\/\/api.w.org\/{rel}","templated":true}]}}