{"id":702547,"date":"2025-08-27T15:17:18","date_gmt":"2025-08-27T12:17:18","guid":{"rendered":"https:\/\/roveyayinevi.com.tr\/index.php\/urun\/sakin-olmak\/"},"modified":"2026-04-16T02:11:46","modified_gmt":"2026-04-15T23:11:46","slug":"sakin-olmak","status":"publish","type":"product","link":"https:\/\/roveyayinevi.com.tr\/index.php\/urun\/sakin-olmak\/","title":{"rendered":"Sakin Olmak"},"content":{"rendered":"<p>Her ge\u00e7en g\u00fcn h\u0131zlanan hayatlar\u0131m\u0131zda, bug\u00fcn art\u0131k sakinli\u011fe yer yok. S\u00fck\u00fbnet modern d\u00fcnyan\u0131n kurallar\u0131 alt\u0131nda ezilen g\u00fcnl\u00fck ya\u015fam\u0131m\u0131z\u0131n kurban\u0131 oldu desek yeridir. Peki sakinlik kavram\u0131n\u0131, hayat\u0131 kolayla\u015ft\u0131ran ve zenginle\u015ftiren bir kaynak olarak g\u00f6rmek m\u00fcmk\u00fcn de\u011fil midir?Wilhelm Schmid, Sakin Olmak\u2019ta i\u015fte bu sorunun cevab\u0131n\u0131 tart\u0131\u015f\u0131yor. Ya\u015fad\u0131\u011f\u0131m\u0131z \u00e7a\u011f\u0131n hararetli ve tela\u015fl\u0131 temposuna kap\u0131ld\u0131\u011f\u0131m\u0131zdan beri s\u00fck\u00fbnet hayat\u0131m\u0131zdan \u00e7ekildi. Sakin olmay\u0131 kolayca, kendili\u011finden ba\u015faram\u0131yoruz. Oysa modernlik insanlar\u0131 \u00f6ylesine savuruyor ki, s\u00fck\u00fbnete duyulan \u00f6zlem ve ihtiya\u00e7 b\u00fcy\u00fcyor. Peki sakinli\u011fi nas\u0131l geri kazanabiliriz? Onu bir erdem olarak g\u00f6rmek, hayata bak\u0131\u015f a\u00e7\u0131m\u0131z\u0131 nas\u0131l geni\u015fletir? S\u00fck\u00fbnette pratik bir ya\u015fam yolu bulmak m\u00fcmk\u00fcn m\u00fcd\u00fcr? S\u00fck\u00fbnete ermek, ancak ya\u015flanma s\u00fcrecinde mi m\u00fcmk\u00fcnd\u00fcr? Ya\u015famla bar\u0131\u015f\u0131k olmak, dengede ya\u015famak, hayata \u015f\u00fckran duygusuyla yakla\u015fmak, sakinli\u011fin kazan\u0131mlar\u0131 olabilir mi?Mutsuz Olmak ve A\u015fk adl\u0131 kitaplar\u0131yla tan\u0131d\u0131\u011f\u0131m\u0131z felsefeci Wilhelm Schmid, Sakin Olmak\u2019ta hem bireysel hem de toplumsal d\u00fczeyde sakinlik kavram\u0131n\u0131 ele al\u0131yor ve onu doygun bir ya\u015famla ili\u015fkilendiren \u00f6nemli ipu\u00e7lar\u0131 veriyor.<\/p>\n","protected":false},"excerpt":{"rendered":"<p>Her ge\u00e7en g\u00fcn h\u0131zlanan hayatlar\u0131m\u0131zda, bug\u00fcn art\u0131k sakinli\u011fe yer yok. S\u00fck\u00fbnet modern d\u00fcnyan\u0131n kurallar\u0131 alt\u0131nda ezilen g\u00fcnl\u00fck ya\u015fam\u0131m\u0131z\u0131n kurban\u0131 oldu desek yeridir. Peki sakinlik kavram\u0131n\u0131, hayat\u0131<span class=\"excerpt-hellip\"> [\u2026]<\/span><\/p>\n","protected":false},"featured_media":0,"template":"","meta":{"_monsterinsights_skip_tracking":false,"_monsterinsights_sitenote_active":false,"_monsterinsights_sitenote_note":"","_monsterinsights_sitenote_category":0},"product_brand":[],"product_cat":[12358,12357],"product_tag":[],"class_list":{"0":"post-702547","1":"product","2":"type-product","3":"status-publish","5":"product_cat-genel-psikoloji","6":"product_cat-psikoloji","7":"pa_cilt-ciltsiz","8":"pa_tur-kitap","9":"pa_yayinevi-iletisim-yayinlari","10":"pa_yazar-wilhelm-schmid","12":"first","13":"instock","14":"sale","15":"shipping-taxable","16":"purchasable","17":"product-type-simple"},"_links":{"self":[{"href":"https:\/\/roveyayinevi.com.tr\/index.php\/wp-json\/wp\/v2\/product\/702547","targetHints":{"allow":["GET"]}}],"collection":[{"href":"https:\/\/roveyayinevi.com.tr\/index.php\/wp-json\/wp\/v2\/product"}],"about":[{"href":"https:\/\/roveyayinevi.com.tr\/index.php\/wp-json\/wp\/v2\/types\/product"}],"wp:attachment":[{"href":"https:\/\/roveyayinevi.com.tr\/index.php\/wp-json\/wp\/v2\/media?parent=702547"}],"wp:term":[{"taxonomy":"product_brand","embeddable":true,"href":"https:\/\/roveyayinevi.com.tr\/index.php\/wp-json\/wp\/v2\/product_brand?post=702547"},{"taxonomy":"product_cat","embeddable":true,"href":"https:\/\/roveyayinevi.com.tr\/index.php\/wp-json\/wp\/v2\/product_cat?post=702547"},{"taxonomy":"product_tag","embeddable":true,"href":"https:\/\/roveyayinevi.com.tr\/index.php\/wp-json\/wp\/v2\/product_tag?post=702547"}],"curies":[{"name":"wp","href":"https:\/\/api.w.org\/{rel}","templated":true}]}}