{"id":702544,"date":"2025-08-27T15:17:17","date_gmt":"2025-08-27T12:17:17","guid":{"rendered":"https:\/\/roveyayinevi.com.tr\/index.php\/urun\/buyubozumu-yaratici-yazarlik\/"},"modified":"2026-04-16T02:11:46","modified_gmt":"2026-04-15T23:11:46","slug":"buyubozumu-yaratici-yazarlik","status":"publish","type":"product","link":"https:\/\/roveyayinevi.com.tr\/index.php\/urun\/buyubozumu-yaratici-yazarlik\/","title":{"rendered":"B\u00fcy\u00fcbozumu: Yarat\u0131c\u0131 Yazarl\u0131k"},"content":{"rendered":"<p>Yazmak, insan\u0131n t\u00fcm ya\u015fam\u0131na yay\u0131lan bir etkinliktir. Evet, yar\u0131t\u0131c\u0131 yazarl\u0131k at\u00f6lyelerinde kimi teknikler irdelenir, bir\u00e7ok konu tart\u0131\u015f\u0131l\u0131r&#8230; B\u00f6yle bir e\u011fitimden ge\u00e7enler yazma deneyimi kazan\u0131rlar: ama bu bir ba\u015flang\u0131\u00e7t\u0131r. Sanat b\u00fcy\u00fck bir macerad\u0131r. Bu t\u00fcr deneyimler, ki\u015fiye g\u00fcven ve cesaret verir. U\u00e7suz bucaks\u0131z sanat \u00fclkesinin bilinmeyen topraklar\u0131nda hayatta kalabilmek i\u00e7in baz\u0131 teknikler belki&#8230; Ondan sonras\u0131nda ki\u015fi yaln\u0131zd\u0131r. Ba\u015f\u0131na neler gelece\u011fini kimse bilemez. \u00dcstelik bu teknikler \u00e7o\u011fu zaman yazar\u0131n yolcu\u011funda kar\u015f\u0131s\u0131na engeller ve s\u0131n\u0131rlar olarak da \u00e7\u0131kacakt\u0131r. Onlarla hesapla\u015fmak, onlar\u0131 a\u015fmaya \u00e7al\u0131\u015fmak da bu yazma meceras\u0131n\u0131n a\u015famalar\u0131ndand\u0131r. Sanat i\u00e7in kurulan t\u00fcm c\u00fcmleler s\u0131nanmaya, tan\u0131mlanan t\u00fcm kurallar ihlal edilmeye makhumdur.<\/p>\n","protected":false},"excerpt":{"rendered":"<p>Yazmak, insan\u0131n t\u00fcm ya\u015fam\u0131na yay\u0131lan bir etkinliktir. Evet, yar\u0131t\u0131c\u0131 yazarl\u0131k at\u00f6lyelerinde kimi teknikler irdelenir, bir\u00e7ok konu tart\u0131\u015f\u0131l\u0131r&#8230; B\u00f6yle bir e\u011fitimden ge\u00e7enler yazma deneyimi kazan\u0131rlar: ama bu<span class=\"excerpt-hellip\"> [\u2026]<\/span><\/p>\n","protected":false},"featured_media":0,"template":"","meta":{"_monsterinsights_skip_tracking":false,"_monsterinsights_sitenote_active":false,"_monsterinsights_sitenote_note":"","_monsterinsights_sitenote_category":0},"product_brand":[],"product_cat":[12777,12291],"product_tag":[],"class_list":{"0":"post-702544","1":"product","2":"type-product","3":"status-publish","5":"product_cat-deneme","6":"product_cat-edebiyat","7":"pa_cilt-ciltsiz","8":"pa_tur-kitap","9":"pa_yayinevi-can-yayinlari","10":"pa_yazar-murat-gulsoy","12":"first","13":"instock","14":"sale","15":"shipping-taxable","16":"purchasable","17":"product-type-simple"},"_links":{"self":[{"href":"https:\/\/roveyayinevi.com.tr\/index.php\/wp-json\/wp\/v2\/product\/702544","targetHints":{"allow":["GET"]}}],"collection":[{"href":"https:\/\/roveyayinevi.com.tr\/index.php\/wp-json\/wp\/v2\/product"}],"about":[{"href":"https:\/\/roveyayinevi.com.tr\/index.php\/wp-json\/wp\/v2\/types\/product"}],"wp:attachment":[{"href":"https:\/\/roveyayinevi.com.tr\/index.php\/wp-json\/wp\/v2\/media?parent=702544"}],"wp:term":[{"taxonomy":"product_brand","embeddable":true,"href":"https:\/\/roveyayinevi.com.tr\/index.php\/wp-json\/wp\/v2\/product_brand?post=702544"},{"taxonomy":"product_cat","embeddable":true,"href":"https:\/\/roveyayinevi.com.tr\/index.php\/wp-json\/wp\/v2\/product_cat?post=702544"},{"taxonomy":"product_tag","embeddable":true,"href":"https:\/\/roveyayinevi.com.tr\/index.php\/wp-json\/wp\/v2\/product_tag?post=702544"}],"curies":[{"name":"wp","href":"https:\/\/api.w.org\/{rel}","templated":true}]}}