{"id":702536,"date":"2025-08-27T15:17:14","date_gmt":"2025-08-27T12:17:14","guid":{"rendered":"https:\/\/roveyayinevi.com.tr\/index.php\/urun\/delikli-kitaplar-serisi-birlikte-sayalim\/"},"modified":"2026-04-16T02:11:46","modified_gmt":"2026-04-15T23:11:46","slug":"delikli-kitaplar-serisi-birlikte-sayalim","status":"publish","type":"product","link":"https:\/\/roveyayinevi.com.tr\/index.php\/urun\/delikli-kitaplar-serisi-birlikte-sayalim\/","title":{"rendered":"Delikli Kitaplar Serisi &#8211; Birlikte Sayal\u0131m"},"content":{"rendered":"<p>Bir delik, bir kurba\u011fa\u2026 \u0130ki delik, iki tukan\u2026 \u00dc\u00e7 delik \u00fc\u00e7 denizanas\u0131\u2026 Say\u0131lar\u0131 bu renkli hayvanlar ve delikli sayfalarla \u00f6\u011frenin, \u00f6\u011frenirken de e\u011flenin! Delikli kitaplar, parlak renkli resimleri ile \u00e7ocuklar\u0131 e\u011flendirecek hik\u00e2yeler anlat\u0131rken merakl\u0131 parmaklar ve g\u00f6zler i\u00e7in hik\u00e2ye keyfine \u00fc\u00e7\u00fcnc\u00fc bir boyut ekliyor. \ufffcTan\u0131t\u0131m Metni<\/p>\n","protected":false},"excerpt":{"rendered":"<p>Bir delik, bir kurba\u011fa\u2026 \u0130ki delik, iki tukan\u2026 \u00dc\u00e7 delik \u00fc\u00e7 denizanas\u0131\u2026 Say\u0131lar\u0131 bu renkli hayvanlar ve delikli sayfalarla \u00f6\u011frenin, \u00f6\u011frenirken de e\u011flenin! Delikli kitaplar, parlak<span class=\"excerpt-hellip\"> [\u2026]<\/span><\/p>\n","protected":false},"featured_media":0,"template":"","meta":{"_monsterinsights_skip_tracking":false,"_monsterinsights_sitenote_active":false,"_monsterinsights_sitenote_note":"","_monsterinsights_sitenote_category":0},"product_brand":[],"product_cat":[12913,12274],"product_tag":[],"class_list":{"0":"post-702536","1":"product","2":"type-product","3":"status-publish","5":"product_cat-3-6-yas-kitaplari","6":"product_cat-cocuk-ve-genclik-kitaplari","7":"pa_cilt-ciltsiz","8":"pa_tur-kitap","9":"pa_yayinevi-potikare-yayincilik","10":"pa_yazar-kolektif","12":"first","13":"instock","14":"sale","15":"shipping-taxable","16":"purchasable","17":"product-type-simple"},"_links":{"self":[{"href":"https:\/\/roveyayinevi.com.tr\/index.php\/wp-json\/wp\/v2\/product\/702536","targetHints":{"allow":["GET"]}}],"collection":[{"href":"https:\/\/roveyayinevi.com.tr\/index.php\/wp-json\/wp\/v2\/product"}],"about":[{"href":"https:\/\/roveyayinevi.com.tr\/index.php\/wp-json\/wp\/v2\/types\/product"}],"wp:attachment":[{"href":"https:\/\/roveyayinevi.com.tr\/index.php\/wp-json\/wp\/v2\/media?parent=702536"}],"wp:term":[{"taxonomy":"product_brand","embeddable":true,"href":"https:\/\/roveyayinevi.com.tr\/index.php\/wp-json\/wp\/v2\/product_brand?post=702536"},{"taxonomy":"product_cat","embeddable":true,"href":"https:\/\/roveyayinevi.com.tr\/index.php\/wp-json\/wp\/v2\/product_cat?post=702536"},{"taxonomy":"product_tag","embeddable":true,"href":"https:\/\/roveyayinevi.com.tr\/index.php\/wp-json\/wp\/v2\/product_tag?post=702536"}],"curies":[{"name":"wp","href":"https:\/\/api.w.org\/{rel}","templated":true}]}}