{"id":702531,"date":"2025-08-27T15:17:12","date_gmt":"2025-08-27T12:17:12","guid":{"rendered":"https:\/\/roveyayinevi.com.tr\/index.php\/urun\/agacin-en-tepesinde\/"},"modified":"2026-04-16T02:11:46","modified_gmt":"2026-04-15T23:11:46","slug":"agacin-en-tepesinde","status":"publish","type":"product","link":"https:\/\/roveyayinevi.com.tr\/index.php\/urun\/agacin-en-tepesinde\/","title":{"rendered":"A\u011fac\u0131n En Tepesinde"},"content":{"rendered":"<p>\u00dcnl\u00fc yazar Margaret Atwood bu kitab\u0131 hem yazd\u0131, hem resimledi, hem de kitab\u0131n i\u00e7indeki yaz\u0131lar\u0131 tek tek eliyle haz\u0131rlad\u0131. Dolay\u0131s\u0131yla ba\u015fka kitaplara benzemeyen, harika bir kitap oldu, A\u011fac\u0131n En Tepesinde. Bir a\u011fac\u0131n tepesinde ya\u015fayan iki \u00e7ocu\u011fun \u00f6yk\u00fcs\u00fcd\u00fcr bu. \u00d6yle \u00e7ok severler ki a\u011fa\u00e7lar\u0131n\u0131, dallar\u0131na tutunup sallan\u0131rlar, yaz\u0131n g\u00fcne\u015flenirler orada, sonbahar ya\u011fmurunda \u015femsiyelerini a\u00e7arlar. Yemeklerini orada yer, orada uyurlar. Ama ya bir g\u00fcn biri gelip a\u011faca t\u0131rmand\u0131klar\u0131 merdivenlerini \u00e7ekip al\u0131rsa neler olur dersiniz? <\/p>\n","protected":false},"excerpt":{"rendered":"<p>\u00dcnl\u00fc yazar Margaret Atwood bu kitab\u0131 hem yazd\u0131, hem resimledi, hem de kitab\u0131n i\u00e7indeki yaz\u0131lar\u0131 tek tek eliyle haz\u0131rlad\u0131. Dolay\u0131s\u0131yla ba\u015fka kitaplara benzemeyen, harika bir kitap<span class=\"excerpt-hellip\"> [\u2026]<\/span><\/p>\n","protected":false},"featured_media":0,"template":"","meta":{"_monsterinsights_skip_tracking":false,"_monsterinsights_sitenote_active":false,"_monsterinsights_sitenote_note":"","_monsterinsights_sitenote_category":0},"product_brand":[],"product_cat":[12274,12284],"product_tag":[],"class_list":{"0":"post-702531","1":"product","2":"type-product","3":"status-publish","5":"product_cat-cocuk-ve-genclik-kitaplari","6":"product_cat-hikayeler","7":"pa_cilt-ciltsiz","8":"pa_tur-kitap","9":"pa_yayinevi-kirmizi-kedi-yayinevi","10":"pa_yazar-margaret-atwood","12":"first","13":"instock","14":"sale","15":"shipping-taxable","16":"purchasable","17":"product-type-simple"},"_links":{"self":[{"href":"https:\/\/roveyayinevi.com.tr\/index.php\/wp-json\/wp\/v2\/product\/702531","targetHints":{"allow":["GET"]}}],"collection":[{"href":"https:\/\/roveyayinevi.com.tr\/index.php\/wp-json\/wp\/v2\/product"}],"about":[{"href":"https:\/\/roveyayinevi.com.tr\/index.php\/wp-json\/wp\/v2\/types\/product"}],"wp:attachment":[{"href":"https:\/\/roveyayinevi.com.tr\/index.php\/wp-json\/wp\/v2\/media?parent=702531"}],"wp:term":[{"taxonomy":"product_brand","embeddable":true,"href":"https:\/\/roveyayinevi.com.tr\/index.php\/wp-json\/wp\/v2\/product_brand?post=702531"},{"taxonomy":"product_cat","embeddable":true,"href":"https:\/\/roveyayinevi.com.tr\/index.php\/wp-json\/wp\/v2\/product_cat?post=702531"},{"taxonomy":"product_tag","embeddable":true,"href":"https:\/\/roveyayinevi.com.tr\/index.php\/wp-json\/wp\/v2\/product_tag?post=702531"}],"curies":[{"name":"wp","href":"https:\/\/api.w.org\/{rel}","templated":true}]}}