{"id":702530,"date":"2025-08-27T15:17:11","date_gmt":"2025-08-27T12:17:11","guid":{"rendered":"https:\/\/roveyayinevi.com.tr\/index.php\/urun\/herkes-yalniz\/"},"modified":"2026-04-16T02:11:46","modified_gmt":"2026-04-15T23:11:46","slug":"herkes-yalniz","status":"publish","type":"product","link":"https:\/\/roveyayinevi.com.tr\/index.php\/urun\/herkes-yalniz\/","title":{"rendered":"Herkes Yaln\u0131z"},"content":{"rendered":"<p>\u201cBir baksana! Sana kendi i\u00e7ine kapanan hik\u00e2yeler anlataca\u011f\u0131m \u015fimdi. Rahats\u0131z olacaks\u0131n belki, belki can\u0131n yanacak, s\u0131z\u0131 oturacak kalbine; belki de\u011fil, eminim. Yazarken bana da b\u00f6yle oldu \u00e7\u00fcnk\u00fc. Benden ge\u00e7meyen sana i\u015flemez ki&#8230; Can\u0131m yand\u0131 yazarken, de\u011fi\u015ftim; seni de de\u011fi\u015ftirece\u011fim. Budur ac\u0131, hem anlatan\u0131 hem dinleyeni de\u011fi\u015ftirir. Hik\u00e2yemi okumaya ba\u015flayan sen, bitirdikten sonraki senle ayn\u0131ysa h\u00e2l\u00e2, yak hepsini, okuma. Tekrar okumak, geri d\u00f6n\u00fcp bakmak istemeyeceksen b\u0131rakal\u0131m pe\u015fin&#8230; K\u00f6t\u00fc hik\u00e2yedir o, arada birini \u00f6zler gibi a\u00e7\u0131p da okumayacaksan birka\u00e7 sat\u0131r\u0131. Alt\u0131n\u0131 \u00e7izmiyorsan kimi c\u00fcmlelerin, kapat bu kitab\u0131n kapa\u011f\u0131n\u0131&#8230; Sana \u015fimdi ac\u0131 \u015feyler anlataca\u011f\u0131m; bir baksana&#8230;\u201d Gen\u00e7 ku\u015fak yazarlar\u0131ndan Onur Caymaz, \u015fiirleriyle ve \u00f6yk\u00fcleriyle kendine T\u00fcrkiye\u2019nin edebiyat \u00e2leminde yer a\u00e7anlardan. Herkes Yaln\u0131z, onun olgunla\u015fm\u0131\u015f \u00fcslubunun, okura farkl\u0131 pencereler a\u00e7an d\u00fcnyas\u0131n\u0131n, zamana tan\u0131kl\u0131k eden ve zaman\u0131m\u0131z\u0131n insanlar\u0131n\u0131n i\u00e7 d\u00fcnyalar\u0131n\u0131 kurcalayan \u00f6yk\u00fclerinin toplam\u0131. \u00c7\u00f6p evlerden \u00f6rg\u00fct evlerine, Ali \u0130smail Korkmaz\u2019dan polis Kadri\u2019ye, alkols\u00fcz yapamayanlardan \u00e7ok \u00e2\u015f\u0131k olanlara&#8230; T\u00fcrkiye manzaralar\u0131. <\/p>\n","protected":false},"excerpt":{"rendered":"<p>\u201cBir baksana! Sana kendi i\u00e7ine kapanan hik\u00e2yeler anlataca\u011f\u0131m \u015fimdi. Rahats\u0131z olacaks\u0131n belki, belki can\u0131n yanacak, s\u0131z\u0131 oturacak kalbine; belki de\u011fil, eminim. Yazarken bana da b\u00f6yle oldu<span class=\"excerpt-hellip\"> [\u2026]<\/span><\/p>\n","protected":false},"featured_media":0,"template":"","meta":{"_monsterinsights_skip_tracking":false,"_monsterinsights_sitenote_active":false,"_monsterinsights_sitenote_note":"","_monsterinsights_sitenote_category":0},"product_brand":[],"product_cat":[12291,12711],"product_tag":[],"class_list":{"0":"post-702530","1":"product","2":"type-product","3":"status-publish","5":"product_cat-edebiyat","6":"product_cat-roman-oyku","7":"pa_cilt-ciltsiz","8":"pa_tur-kitap","9":"pa_yayinevi-kirmizi-kedi-yayinevi","10":"pa_yazar-onur-caymaz","12":"first","13":"instock","14":"sale","15":"shipping-taxable","16":"purchasable","17":"product-type-simple"},"_links":{"self":[{"href":"https:\/\/roveyayinevi.com.tr\/index.php\/wp-json\/wp\/v2\/product\/702530","targetHints":{"allow":["GET"]}}],"collection":[{"href":"https:\/\/roveyayinevi.com.tr\/index.php\/wp-json\/wp\/v2\/product"}],"about":[{"href":"https:\/\/roveyayinevi.com.tr\/index.php\/wp-json\/wp\/v2\/types\/product"}],"wp:attachment":[{"href":"https:\/\/roveyayinevi.com.tr\/index.php\/wp-json\/wp\/v2\/media?parent=702530"}],"wp:term":[{"taxonomy":"product_brand","embeddable":true,"href":"https:\/\/roveyayinevi.com.tr\/index.php\/wp-json\/wp\/v2\/product_brand?post=702530"},{"taxonomy":"product_cat","embeddable":true,"href":"https:\/\/roveyayinevi.com.tr\/index.php\/wp-json\/wp\/v2\/product_cat?post=702530"},{"taxonomy":"product_tag","embeddable":true,"href":"https:\/\/roveyayinevi.com.tr\/index.php\/wp-json\/wp\/v2\/product_tag?post=702530"}],"curies":[{"name":"wp","href":"https:\/\/api.w.org\/{rel}","templated":true}]}}