{"id":702529,"date":"2025-08-27T15:17:11","date_gmt":"2025-08-27T12:17:11","guid":{"rendered":"https:\/\/roveyayinevi.com.tr\/index.php\/urun\/gittigim-en-uzak-yer-sizdiniz\/"},"modified":"2026-04-16T02:11:46","modified_gmt":"2026-04-15T23:11:46","slug":"gittigim-en-uzak-yer-sizdiniz","status":"publish","type":"product","link":"https:\/\/roveyayinevi.com.tr\/index.php\/urun\/gittigim-en-uzak-yer-sizdiniz\/","title":{"rendered":"Gitti\u011fim En Uzak Yer Sizdiniz"},"content":{"rendered":"<p>kim atabilir bu y\u00fck\u00fc omuzlar\u0131ndan g\u00f6vdesi bile a\u011f\u0131r gelirken insan\u0131n ta\u015f\u0131maya ya da neden vakit bulunamaz hi\u00e7 a\u015fk yapmaya, dal\u0131p gitmeye, a\u011flamaya sahi, zaman\u0131 kim ayarlar bay antuan kurup koskoca \u00e7arklar\u0131 birbiri ard\u0131na biri i\u00e7in bir \u00e7an \u00e7alar ve biter hayat sahi, kim toparlar k\u0131r\u0131lan kalp sahi, kim kapar a\u00e7\u0131k kalan kap\u0131lar\u0131 geceleri <\/p>\n","protected":false},"excerpt":{"rendered":"<p>kim atabilir bu y\u00fck\u00fc omuzlar\u0131ndan g\u00f6vdesi bile a\u011f\u0131r gelirken insan\u0131n ta\u015f\u0131maya ya da neden vakit bulunamaz hi\u00e7 a\u015fk yapmaya, dal\u0131p gitmeye, a\u011flamaya sahi, zaman\u0131 kim ayarlar<span class=\"excerpt-hellip\"> [\u2026]<\/span><\/p>\n","protected":false},"featured_media":0,"template":"","meta":{"_monsterinsights_skip_tracking":false,"_monsterinsights_sitenote_active":false,"_monsterinsights_sitenote_note":"","_monsterinsights_sitenote_category":0},"product_brand":[],"product_cat":[12291,12509],"product_tag":[],"class_list":{"0":"post-702529","1":"product","2":"type-product","3":"status-publish","5":"product_cat-edebiyat","6":"product_cat-siir","7":"pa_cilt-ciltsiz","8":"pa_tur-kitap","9":"pa_yayinevi-kirmizi-kedi-yayinevi","10":"pa_yazar-selahattin-yolgiden","12":"first","13":"instock","14":"sale","15":"shipping-taxable","16":"purchasable","17":"product-type-simple"},"_links":{"self":[{"href":"https:\/\/roveyayinevi.com.tr\/index.php\/wp-json\/wp\/v2\/product\/702529","targetHints":{"allow":["GET"]}}],"collection":[{"href":"https:\/\/roveyayinevi.com.tr\/index.php\/wp-json\/wp\/v2\/product"}],"about":[{"href":"https:\/\/roveyayinevi.com.tr\/index.php\/wp-json\/wp\/v2\/types\/product"}],"wp:attachment":[{"href":"https:\/\/roveyayinevi.com.tr\/index.php\/wp-json\/wp\/v2\/media?parent=702529"}],"wp:term":[{"taxonomy":"product_brand","embeddable":true,"href":"https:\/\/roveyayinevi.com.tr\/index.php\/wp-json\/wp\/v2\/product_brand?post=702529"},{"taxonomy":"product_cat","embeddable":true,"href":"https:\/\/roveyayinevi.com.tr\/index.php\/wp-json\/wp\/v2\/product_cat?post=702529"},{"taxonomy":"product_tag","embeddable":true,"href":"https:\/\/roveyayinevi.com.tr\/index.php\/wp-json\/wp\/v2\/product_tag?post=702529"}],"curies":[{"name":"wp","href":"https:\/\/api.w.org\/{rel}","templated":true}]}}