{"id":702527,"date":"2025-08-27T15:17:10","date_gmt":"2025-08-27T12:17:10","guid":{"rendered":"https:\/\/roveyayinevi.com.tr\/index.php\/urun\/genc-bir-doktorun-anilari\/"},"modified":"2026-04-16T02:11:46","modified_gmt":"2026-04-15T23:11:46","slug":"genc-bir-doktorun-anilari","status":"publish","type":"product","link":"https:\/\/roveyayinevi.com.tr\/index.php\/urun\/genc-bir-doktorun-anilari\/","title":{"rendered":"Gen\u00e7 Bir Doktorun An\u0131lar\u0131"},"content":{"rendered":"<p>Devrim zaman\u0131 Rusya\u2026 Karak\u0131\u015f\u0131 aratmayacak kadar so\u011fuk, kasvetli bir eyl\u00fcl g\u00fcn\u00fc, t\u0131p fak\u00fcltesinden yeni mezun olmu\u015f bir doktor, \u015fehirde \u00e7oktan unutulmu\u015f geleneklerin ve bo\u015f inan\u00e7lar\u0131n h\u00fck\u00fcm s\u00fcrd\u00fc\u011f\u00fc uzak bir kasabaya gelir. Devrim, b\u00fcy\u00fck \u015fehirlerin merkezlerinde hayat\u0131 ve zihniyetleri alt\u00fcst ederken, bu gen\u00e7 doktor \u00fclkenin \u00fccra bir b\u00f6lgesinde kadercilikle ve bat\u0131l inan\u00e7larla zorlu bir m\u00fccadeleye giri\u015fir.<\/p>\n","protected":false},"excerpt":{"rendered":"<p>Devrim zaman\u0131 Rusya\u2026 Karak\u0131\u015f\u0131 aratmayacak kadar so\u011fuk, kasvetli bir eyl\u00fcl g\u00fcn\u00fc, t\u0131p fak\u00fcltesinden yeni mezun olmu\u015f bir doktor, \u015fehirde \u00e7oktan unutulmu\u015f geleneklerin ve bo\u015f inan\u00e7lar\u0131n h\u00fck\u00fcm<span class=\"excerpt-hellip\"> [\u2026]<\/span><\/p>\n","protected":false},"featured_media":0,"template":"","meta":{"_monsterinsights_skip_tracking":false,"_monsterinsights_sitenote_active":false,"_monsterinsights_sitenote_note":"","_monsterinsights_sitenote_category":0},"product_brand":[],"product_cat":[12291,13570],"product_tag":[],"class_list":{"0":"post-702527","1":"product","2":"type-product","3":"status-publish","5":"product_cat-edebiyat","6":"product_cat-rus-edebiyati","7":"pa_cilt-ciltsiz","8":"pa_tur-kitap","9":"pa_yayinevi-is-bankasi-kultur-yayinlari","10":"pa_yazar-mihail-bulgakov","12":"first","13":"instock","14":"sale","15":"shipping-taxable","16":"purchasable","17":"product-type-simple"},"_links":{"self":[{"href":"https:\/\/roveyayinevi.com.tr\/index.php\/wp-json\/wp\/v2\/product\/702527","targetHints":{"allow":["GET"]}}],"collection":[{"href":"https:\/\/roveyayinevi.com.tr\/index.php\/wp-json\/wp\/v2\/product"}],"about":[{"href":"https:\/\/roveyayinevi.com.tr\/index.php\/wp-json\/wp\/v2\/types\/product"}],"wp:attachment":[{"href":"https:\/\/roveyayinevi.com.tr\/index.php\/wp-json\/wp\/v2\/media?parent=702527"}],"wp:term":[{"taxonomy":"product_brand","embeddable":true,"href":"https:\/\/roveyayinevi.com.tr\/index.php\/wp-json\/wp\/v2\/product_brand?post=702527"},{"taxonomy":"product_cat","embeddable":true,"href":"https:\/\/roveyayinevi.com.tr\/index.php\/wp-json\/wp\/v2\/product_cat?post=702527"},{"taxonomy":"product_tag","embeddable":true,"href":"https:\/\/roveyayinevi.com.tr\/index.php\/wp-json\/wp\/v2\/product_tag?post=702527"}],"curies":[{"name":"wp","href":"https:\/\/api.w.org\/{rel}","templated":true}]}}