{"id":702526,"date":"2025-08-27T15:17:10","date_gmt":"2025-08-27T12:17:10","guid":{"rendered":"https:\/\/roveyayinevi.com.tr\/index.php\/urun\/uygulamali-shakespeare-oyunculugu\/"},"modified":"2026-04-16T02:11:45","modified_gmt":"2026-04-15T23:11:45","slug":"uygulamali-shakespeare-oyunculugu","status":"publish","type":"product","link":"https:\/\/roveyayinevi.com.tr\/index.php\/urun\/uygulamali-shakespeare-oyunculugu\/","title":{"rendered":"Uygulamal\u0131 Shakespeare Oyunculu\u011fu"},"content":{"rendered":"<p>Shakespeare oyunlar\u0131 ve tiratlar\u0131 zor olup oyuncuya kariyer ve ba\u015far\u0131 katan dramatik bir test niteli\u011findedir. Zordur \u00e7\u00fcnk\u00fc oyunun anlam\u0131n\u0131 ke\u015ffetmek, s\u00f6zc\u00fcklerin ruhuna inmek, Shakespeare karakterlerinin derinli\u011fini yans\u0131tmak zordur. Bu kitapta kuram, kavram ve uygulamalar\u0131n yan\u0131 s\u0131ra pek \u00e7ok tirat \u015fiir ve sone ile kar\u015f\u0131la\u015facaks\u0131n\u0131z. Uygulamalarla Sheakespeare&#8217;in gizemli d\u00fcnyas\u0131na sihirli bir yolculuk yapacaks\u0131n\u0131z. <\/p>\n","protected":false},"excerpt":{"rendered":"<p>Shakespeare oyunlar\u0131 ve tiratlar\u0131 zor olup oyuncuya kariyer ve ba\u015far\u0131 katan dramatik bir test niteli\u011findedir. Zordur \u00e7\u00fcnk\u00fc oyunun anlam\u0131n\u0131 ke\u015ffetmek, s\u00f6zc\u00fcklerin ruhuna inmek, Shakespeare karakterlerinin derinli\u011fini<span class=\"excerpt-hellip\"> [\u2026]<\/span><\/p>\n","protected":false},"featured_media":0,"template":"","meta":{"_monsterinsights_skip_tracking":false,"_monsterinsights_sitenote_active":false,"_monsterinsights_sitenote_note":"","_monsterinsights_sitenote_category":0},"product_brand":[],"product_cat":[12409,12408],"product_tag":[],"class_list":{"0":"post-702526","1":"product","2":"type-product","3":"status-publish","5":"product_cat-fotograf-sinema-tiyatro","6":"product_cat-sanat","7":"pa_tur-kitap","8":"pa_yayinevi-pozitif-yayinlari","9":"pa_yazar-yilmaz-arikan","11":"first","12":"instock","13":"sale","14":"shipping-taxable","15":"purchasable","16":"product-type-simple"},"_links":{"self":[{"href":"https:\/\/roveyayinevi.com.tr\/index.php\/wp-json\/wp\/v2\/product\/702526","targetHints":{"allow":["GET"]}}],"collection":[{"href":"https:\/\/roveyayinevi.com.tr\/index.php\/wp-json\/wp\/v2\/product"}],"about":[{"href":"https:\/\/roveyayinevi.com.tr\/index.php\/wp-json\/wp\/v2\/types\/product"}],"wp:attachment":[{"href":"https:\/\/roveyayinevi.com.tr\/index.php\/wp-json\/wp\/v2\/media?parent=702526"}],"wp:term":[{"taxonomy":"product_brand","embeddable":true,"href":"https:\/\/roveyayinevi.com.tr\/index.php\/wp-json\/wp\/v2\/product_brand?post=702526"},{"taxonomy":"product_cat","embeddable":true,"href":"https:\/\/roveyayinevi.com.tr\/index.php\/wp-json\/wp\/v2\/product_cat?post=702526"},{"taxonomy":"product_tag","embeddable":true,"href":"https:\/\/roveyayinevi.com.tr\/index.php\/wp-json\/wp\/v2\/product_tag?post=702526"}],"curies":[{"name":"wp","href":"https:\/\/api.w.org\/{rel}","templated":true}]}}