{"id":702524,"date":"2025-08-27T15:17:09","date_gmt":"2025-08-27T12:17:09","guid":{"rendered":"https:\/\/roveyayinevi.com.tr\/index.php\/urun\/sevmek-bu-kadar-guzelken\/"},"modified":"2026-04-16T02:11:45","modified_gmt":"2026-04-15T23:11:45","slug":"sevmek-bu-kadar-guzelken","status":"publish","type":"product","link":"https:\/\/roveyayinevi.com.tr\/index.php\/urun\/sevmek-bu-kadar-guzelken\/","title":{"rendered":"Sevmek Bu Kadar G\u00fczelken"},"content":{"rendered":"<p>&#8220;Bir erkek kar\u0131s\u0131na bakt\u0131\u011f\u0131, kar\u0131s\u0131 da kendine bakt\u0131\u011f\u0131 vakit Allah her ikisine rahmet nazar\u0131 ile bakar ve erkek kar\u0131s\u0131n\u0131n elini tuttu\u011fu zaman her ikisinin g\u00fcnahlar\u0131 parmaklar\u0131 aras\u0131ndan d\u00f6k\u00fcl\u00fcp gider.&#8221;-Hz. Muhammed (s.a.v)-Sevmek bu kadar g\u00fczelken bu k\u0131zg\u0131nl\u0131k, bu nefret, bu kavgalar niye?Sevmek bu kadar sevapken biz ne yap\u0131yoruz b\u00f6yle?&#8221;Ved\u00fbd&#8221; olan seven ve \u00e7ok sevilen Rabb&#8217;imiz, sevgiyi \u00e7ok tatl\u0131 yaratm\u0131\u015f. O h\u00e2lde Rabb&#8217;imizin hediyesi olan sevgi ve rahmeti kaybetmemek i\u00e7in yine Rabb&#8217;imizin ve Resul&#8217;\u00fcn\u00fcn yol g\u00f6stericili\u011fine ihtiyac\u0131m\u0131z var. \u0130nsan\u0131, Yaradan&#8217;\u0131ndan daha iyi kim bilebilir ki?Erkek ve kad\u0131n\u0131n, birbiri hakk\u0131nda bilmesi gerekenler&#8230;Evlilik \u00f6ncesi ve sonras\u0131nda e\u015flerin duyduklar\u0131 endi\u015feler&#8230;Mutlu bir aile yap\u0131s\u0131n\u0131n kurulmas\u0131 ve bunun devam etmesii\u00e7in yapman\u0131z gerekenleri bulabilece\u011finiz rehber kitap. <\/p>\n","protected":false},"excerpt":{"rendered":"<p>&#8220;Bir erkek kar\u0131s\u0131na bakt\u0131\u011f\u0131, kar\u0131s\u0131 da kendine bakt\u0131\u011f\u0131 vakit Allah her ikisine rahmet nazar\u0131 ile bakar ve erkek kar\u0131s\u0131n\u0131n elini tuttu\u011fu zaman her ikisinin g\u00fcnahlar\u0131 parmaklar\u0131<span class=\"excerpt-hellip\"> [\u2026]<\/span><\/p>\n","protected":false},"featured_media":0,"template":"","meta":{"_monsterinsights_skip_tracking":false,"_monsterinsights_sitenote_active":false,"_monsterinsights_sitenote_note":"","_monsterinsights_sitenote_category":0},"product_brand":[],"product_cat":[12777,12291],"product_tag":[],"class_list":{"0":"post-702524","1":"product","2":"type-product","3":"status-publish","5":"product_cat-deneme","6":"product_cat-edebiyat","7":"pa_cilt-ciltsiz","8":"pa_tur-kitap","9":"pa_yayinevi-profil-kitap","10":"pa_yazar-sema-marasli","12":"first","13":"instock","14":"sale","15":"shipping-taxable","16":"purchasable","17":"product-type-simple"},"_links":{"self":[{"href":"https:\/\/roveyayinevi.com.tr\/index.php\/wp-json\/wp\/v2\/product\/702524","targetHints":{"allow":["GET"]}}],"collection":[{"href":"https:\/\/roveyayinevi.com.tr\/index.php\/wp-json\/wp\/v2\/product"}],"about":[{"href":"https:\/\/roveyayinevi.com.tr\/index.php\/wp-json\/wp\/v2\/types\/product"}],"wp:attachment":[{"href":"https:\/\/roveyayinevi.com.tr\/index.php\/wp-json\/wp\/v2\/media?parent=702524"}],"wp:term":[{"taxonomy":"product_brand","embeddable":true,"href":"https:\/\/roveyayinevi.com.tr\/index.php\/wp-json\/wp\/v2\/product_brand?post=702524"},{"taxonomy":"product_cat","embeddable":true,"href":"https:\/\/roveyayinevi.com.tr\/index.php\/wp-json\/wp\/v2\/product_cat?post=702524"},{"taxonomy":"product_tag","embeddable":true,"href":"https:\/\/roveyayinevi.com.tr\/index.php\/wp-json\/wp\/v2\/product_tag?post=702524"}],"curies":[{"name":"wp","href":"https:\/\/api.w.org\/{rel}","templated":true}]}}