{"id":702523,"date":"2025-08-27T15:17:09","date_gmt":"2025-08-27T12:17:09","guid":{"rendered":"https:\/\/roveyayinevi.com.tr\/index.php\/urun\/mutlu-evlilik-okulu\/"},"modified":"2026-04-16T02:11:45","modified_gmt":"2026-04-15T23:11:45","slug":"mutlu-evlilik-okulu","status":"publish","type":"product","link":"https:\/\/roveyayinevi.com.tr\/index.php\/urun\/mutlu-evlilik-okulu\/","title":{"rendered":"Mutlu Evlilik Okulu"},"content":{"rendered":"<p>Bekarlar ve Evlenmeye Haz\u0131rlananlar!Ve Evliler!Muhabbetli bir hayat isteyenler&#8230;Birbirimizi seviyoruz fakat sevginin tad\u0131n\u0131 kaybettik diyenler, kavgalardan yorulduk diye \u015fikayet edenler, e\u015fimle mutlu olmak istiyorum fakat ne yapaca\u011f\u0131m\u0131 bilmiyorum diyenler&#8230;\u0130\u015fte bu kitap tam size g\u00f6re!Sema Mara\u015fl\u0131&#8217;n\u0131n sade ve samimi anlat\u0131m\u0131yla, \u00e7ok i\u015finize yarayacak bilgilerle birlikte, &#8220;evlilik okulu dersleri&#8221; aile hayat\u0131 \u00fczerine size bamba\u015fka bir pencere a\u00e7acak. Bir yak\u0131n\u0131n\u0131zla sohbet eder gibi, sizi \u00e7ok iyi tan\u0131yan biri yazm\u0131\u015f gibi &#8220;Beni anlatm\u0131\u015f, bizi anlatm\u0131\u015f&#8221; diye okuyacaks\u0131n\u0131z. Hatalar\u0131n\u0131z\u0131 g\u00f6recek yer yer sars\u0131lacak, bazen belki de k\u0131zacaks\u0131n\u0131z. Baz\u0131 dersleri g\u00fcl\u00fcmseyerek okuyacaks\u0131n\u0131z. Derslerden sonra evlili\u011fe bak\u0131\u015f a\u00e7\u0131n\u0131z de\u011fi\u015fecek. E\u011fer ister ve emek verirseniz hayat\u0131n\u0131z da de\u011fi\u015fecek&#8230;Evlilik kitaplar\u0131yla binlerce aileye yol g\u00f6steren Sema Mara\u015fl\u0131 yeni kitab\u0131 ile sizlerle! \u00d6\u011frenmenin ve \u00f6\u011frencili\u011fin ya\u015f\u0131 yok.Haydi \u015fimdi ders zaman\u0131!<\/p>\n","protected":false},"excerpt":{"rendered":"<p>Bekarlar ve Evlenmeye Haz\u0131rlananlar!Ve Evliler!Muhabbetli bir hayat isteyenler&#8230;Birbirimizi seviyoruz fakat sevginin tad\u0131n\u0131 kaybettik diyenler, kavgalardan yorulduk diye \u015fikayet edenler, e\u015fimle mutlu olmak istiyorum fakat ne yapaca\u011f\u0131m\u0131<span class=\"excerpt-hellip\"> [\u2026]<\/span><\/p>\n","protected":false},"featured_media":0,"template":"","meta":{"_monsterinsights_skip_tracking":false,"_monsterinsights_sitenote_active":false,"_monsterinsights_sitenote_note":"","_monsterinsights_sitenote_category":0},"product_brand":[],"product_cat":[26396,13488],"product_tag":[],"class_list":{"0":"post-702523","1":"product","2":"type-product","3":"status-publish","5":"product_cat-kadin-erkek-iliskileri","6":"product_cat-toplum-ve-insan","7":"pa_cilt-ciltsiz","8":"pa_tur-kitap","9":"pa_yayinevi-profil-kitap","10":"pa_yazar-sema-marasli","12":"first","13":"instock","14":"sale","15":"shipping-taxable","16":"purchasable","17":"product-type-simple"},"_links":{"self":[{"href":"https:\/\/roveyayinevi.com.tr\/index.php\/wp-json\/wp\/v2\/product\/702523","targetHints":{"allow":["GET"]}}],"collection":[{"href":"https:\/\/roveyayinevi.com.tr\/index.php\/wp-json\/wp\/v2\/product"}],"about":[{"href":"https:\/\/roveyayinevi.com.tr\/index.php\/wp-json\/wp\/v2\/types\/product"}],"wp:attachment":[{"href":"https:\/\/roveyayinevi.com.tr\/index.php\/wp-json\/wp\/v2\/media?parent=702523"}],"wp:term":[{"taxonomy":"product_brand","embeddable":true,"href":"https:\/\/roveyayinevi.com.tr\/index.php\/wp-json\/wp\/v2\/product_brand?post=702523"},{"taxonomy":"product_cat","embeddable":true,"href":"https:\/\/roveyayinevi.com.tr\/index.php\/wp-json\/wp\/v2\/product_cat?post=702523"},{"taxonomy":"product_tag","embeddable":true,"href":"https:\/\/roveyayinevi.com.tr\/index.php\/wp-json\/wp\/v2\/product_tag?post=702523"}],"curies":[{"name":"wp","href":"https:\/\/api.w.org\/{rel}","templated":true}]}}