{"id":702522,"date":"2025-08-27T15:17:09","date_gmt":"2025-08-27T12:17:09","guid":{"rendered":"https:\/\/roveyayinevi.com.tr\/index.php\/urun\/evlendikten-sonra-da-muhabbet-olsun\/"},"modified":"2025-09-25T03:34:44","modified_gmt":"2025-09-25T00:34:44","slug":"evlendikten-sonra-da-muhabbet-olsun","status":"publish","type":"product","link":"https:\/\/roveyayinevi.com.tr\/index.php\/urun\/evlendikten-sonra-da-muhabbet-olsun\/","title":{"rendered":"Evlendikten Sonra da Muhabbet Olsun"},"content":{"rendered":"<p>Sevgi emek ister, sevgili muhabbet etmek ister. Muhabbete de hizmet gerek. Muhabbeti istiyorsun sevdi\u011fine ad\u0131m ad\u0131m yakla\u015f, onun ad\u0131mlar\u0131n\u0131 saymadan ve beklemeden. Ona hizmet et. Elinle, aya\u011f\u0131nla, dilinle, g\u00f6z\u00fcnle, kula\u011f\u0131nla, akl\u0131nla ve tabi\u00ee ki g\u00f6nl\u00fcnle.Muhabbet yolundaki ta\u015flara dikkat et. Sevgi g\u00f6n\u00fclden do\u011far, ak\u0131lla beslenir b\u00fcy\u00fcr.Ak\u0131l sevgiyi beslemezse o sevgi k\u0131sa zamanda \u00f6l\u00fcr gider. <\/p>\n","protected":false},"excerpt":{"rendered":"<p>Sevgi emek ister, sevgili muhabbet etmek ister. Muhabbete de hizmet gerek. Muhabbeti istiyorsun sevdi\u011fine ad\u0131m ad\u0131m yakla\u015f, onun ad\u0131mlar\u0131n\u0131 saymadan ve beklemeden. Ona hizmet et. Elinle,<span class=\"excerpt-hellip\"> [\u2026]<\/span><\/p>\n","protected":false},"featured_media":0,"template":"","meta":{"_monsterinsights_skip_tracking":false,"_monsterinsights_sitenote_active":false,"_monsterinsights_sitenote_note":"","_monsterinsights_sitenote_category":0},"product_brand":[],"product_cat":[12364,12376],"product_tag":[],"class_list":{"0":"post-702522","1":"product","2":"type-product","3":"status-publish","5":"product_cat-genel-konular","6":"product_cat-kisisel-gelisim","7":"pa_cilt-ciltsiz","8":"pa_tur-kitap","9":"pa_yayinevi-profil-kitap","10":"pa_yazar-sema-marasli","12":"first","13":"instock","14":"sale","15":"shipping-taxable","16":"purchasable","17":"product-type-simple"},"_links":{"self":[{"href":"https:\/\/roveyayinevi.com.tr\/index.php\/wp-json\/wp\/v2\/product\/702522","targetHints":{"allow":["GET"]}}],"collection":[{"href":"https:\/\/roveyayinevi.com.tr\/index.php\/wp-json\/wp\/v2\/product"}],"about":[{"href":"https:\/\/roveyayinevi.com.tr\/index.php\/wp-json\/wp\/v2\/types\/product"}],"wp:attachment":[{"href":"https:\/\/roveyayinevi.com.tr\/index.php\/wp-json\/wp\/v2\/media?parent=702522"}],"wp:term":[{"taxonomy":"product_brand","embeddable":true,"href":"https:\/\/roveyayinevi.com.tr\/index.php\/wp-json\/wp\/v2\/product_brand?post=702522"},{"taxonomy":"product_cat","embeddable":true,"href":"https:\/\/roveyayinevi.com.tr\/index.php\/wp-json\/wp\/v2\/product_cat?post=702522"},{"taxonomy":"product_tag","embeddable":true,"href":"https:\/\/roveyayinevi.com.tr\/index.php\/wp-json\/wp\/v2\/product_tag?post=702522"}],"curies":[{"name":"wp","href":"https:\/\/api.w.org\/{rel}","templated":true}]}}