{"id":702520,"date":"2025-08-27T15:17:08","date_gmt":"2025-08-27T12:17:08","guid":{"rendered":"https:\/\/roveyayinevi.com.tr\/index.php\/urun\/don-kisot-ada-bale-gosterisinde\/"},"modified":"2026-04-16T02:11:45","modified_gmt":"2026-04-15T23:11:45","slug":"don-kisot-ada-bale-gosterisinde","status":"publish","type":"product","link":"https:\/\/roveyayinevi.com.tr\/index.php\/urun\/don-kisot-ada-bale-gosterisinde\/","title":{"rendered":"Don Ki\u015fot &#8211; Ada Bale G\u00f6sterisinde"},"content":{"rendered":"<p>Ada Bale G\u00f6sterisinde dizisi, Tan Sa\u011ft\u00fcrk&#8217;\u00fcn koreografl\u0131\u011f\u0131nda sizleri F\u0131nd\u0131kk\u0131ran, Uyuyan G\u00fczel ve Don Ki\u015fot gibi klasik balenin b\u00fcy\u00fcl\u00fc eserleriyle tan\u0131\u015ft\u0131r\u0131yor. \ufffcTan\u0131t\u0131m Metni<\/p>\n","protected":false},"excerpt":{"rendered":"<p>Ada Bale G\u00f6sterisinde dizisi, Tan Sa\u011ft\u00fcrk&#8217;\u00fcn koreografl\u0131\u011f\u0131nda sizleri F\u0131nd\u0131kk\u0131ran, Uyuyan G\u00fczel ve Don Ki\u015fot gibi klasik balenin b\u00fcy\u00fcl\u00fc eserleriyle tan\u0131\u015ft\u0131r\u0131yor. \ufffcTan\u0131t\u0131m Metni<\/p>\n","protected":false},"featured_media":0,"template":"","meta":{"_monsterinsights_skip_tracking":false,"_monsterinsights_sitenote_active":false,"_monsterinsights_sitenote_note":"","_monsterinsights_sitenote_category":0},"product_brand":[],"product_cat":[12274,12631],"product_tag":[],"class_list":{"0":"post-702520","1":"product","2":"type-product","3":"status-publish","5":"product_cat-cocuk-ve-genclik-kitaplari","6":"product_cat-diger-cocuk-ve-genclik-kitaplari","7":"pa_cilt-ciltsiz","8":"pa_tur-kitap","9":"pa_yayinevi-dogan-egmont-yayincilik","10":"pa_yazar-tan-sagturk","12":"first","13":"instock","14":"sale","15":"shipping-taxable","16":"purchasable","17":"product-type-simple"},"_links":{"self":[{"href":"https:\/\/roveyayinevi.com.tr\/index.php\/wp-json\/wp\/v2\/product\/702520","targetHints":{"allow":["GET"]}}],"collection":[{"href":"https:\/\/roveyayinevi.com.tr\/index.php\/wp-json\/wp\/v2\/product"}],"about":[{"href":"https:\/\/roveyayinevi.com.tr\/index.php\/wp-json\/wp\/v2\/types\/product"}],"wp:attachment":[{"href":"https:\/\/roveyayinevi.com.tr\/index.php\/wp-json\/wp\/v2\/media?parent=702520"}],"wp:term":[{"taxonomy":"product_brand","embeddable":true,"href":"https:\/\/roveyayinevi.com.tr\/index.php\/wp-json\/wp\/v2\/product_brand?post=702520"},{"taxonomy":"product_cat","embeddable":true,"href":"https:\/\/roveyayinevi.com.tr\/index.php\/wp-json\/wp\/v2\/product_cat?post=702520"},{"taxonomy":"product_tag","embeddable":true,"href":"https:\/\/roveyayinevi.com.tr\/index.php\/wp-json\/wp\/v2\/product_tag?post=702520"}],"curies":[{"name":"wp","href":"https:\/\/api.w.org\/{rel}","templated":true}]}}