{"id":702518,"date":"2025-08-27T15:17:07","date_gmt":"2025-08-27T12:17:07","guid":{"rendered":"https:\/\/roveyayinevi.com.tr\/index.php\/urun\/ermis-2\/"},"modified":"2026-04-16T02:11:45","modified_gmt":"2026-04-15T23:11:45","slug":"ermis-2","status":"publish","type":"product","link":"https:\/\/roveyayinevi.com.tr\/index.php\/urun\/ermis-2\/","title":{"rendered":"Ermi\u015f"},"content":{"rendered":"<p>L\u00fcbnan as\u0131ll\u0131 ABD\u2019li yazar Halil Cibran bu k\u00fclt eserinde, 12 y\u0131l sonra gelen gemisiyle evine d\u00f6nmek \u00fczere olan el-Mustafa\u2019n\u0131n halk\u0131n iste\u011fi \u00fczerine yapt\u0131\u011f\u0131 konu\u015fmay\u0131 kaleme al\u0131r. Sevgi, sevin\u00e7, keder, su\u00e7\/ceza, ac\u0131, dostluk, iyi\/k\u00f6t\u00fc, din ve \u00f6l\u00fcm gibi konular\u0131 kendine \u00f6zg\u00fc \u015fiirsel diliyle i\u015fler, mesellerini el-Mustafa\u2019n\u0131n a\u011fz\u0131ndan okuyucuya aktar\u0131r. Amin Maalouf\u2019un \u201cbir edebiyat s\u00fcrg\u00fcn\u00fc\u201d olarak nitelendirdi\u011fi Halil Cibran, sevginin ya\u015fam\u0131n temel kayna\u011f\u0131 oldu\u011funu \u00f6ne s\u00fcrer ve \u015f\u00f6yle der: \u201cSevgi, ne kendinden ba\u015fkas\u0131na verir ne de kendinden ba\u015fkas\u0131ndan al\u0131r. Ne maliktir o, ne de m\u00fclk.\u201d <\/p>\n","protected":false},"excerpt":{"rendered":"<p>L\u00fcbnan as\u0131ll\u0131 ABD\u2019li yazar Halil Cibran bu k\u00fclt eserinde, 12 y\u0131l sonra gelen gemisiyle evine d\u00f6nmek \u00fczere olan el-Mustafa\u2019n\u0131n halk\u0131n iste\u011fi \u00fczerine yapt\u0131\u011f\u0131 konu\u015fmay\u0131 kaleme al\u0131r.<span class=\"excerpt-hellip\"> [\u2026]<\/span><\/p>\n","protected":false},"featured_media":0,"template":"","meta":{"_monsterinsights_skip_tracking":false,"_monsterinsights_sitenote_active":false,"_monsterinsights_sitenote_note":"","_monsterinsights_sitenote_category":0},"product_brand":[],"product_cat":[12389,12388],"product_tag":[],"class_list":{"0":"post-702518","1":"product","2":"type-product","3":"status-publish","5":"product_cat-diger-felsefe","6":"product_cat-felsefe","7":"pa_cilt-ciltsiz","8":"pa_tur-kitap","9":"pa_yayinevi-say-yayinlari","10":"pa_yazar-halil-cibran","12":"first","13":"instock","14":"sale","15":"shipping-taxable","16":"purchasable","17":"product-type-simple"},"_links":{"self":[{"href":"https:\/\/roveyayinevi.com.tr\/index.php\/wp-json\/wp\/v2\/product\/702518","targetHints":{"allow":["GET"]}}],"collection":[{"href":"https:\/\/roveyayinevi.com.tr\/index.php\/wp-json\/wp\/v2\/product"}],"about":[{"href":"https:\/\/roveyayinevi.com.tr\/index.php\/wp-json\/wp\/v2\/types\/product"}],"wp:attachment":[{"href":"https:\/\/roveyayinevi.com.tr\/index.php\/wp-json\/wp\/v2\/media?parent=702518"}],"wp:term":[{"taxonomy":"product_brand","embeddable":true,"href":"https:\/\/roveyayinevi.com.tr\/index.php\/wp-json\/wp\/v2\/product_brand?post=702518"},{"taxonomy":"product_cat","embeddable":true,"href":"https:\/\/roveyayinevi.com.tr\/index.php\/wp-json\/wp\/v2\/product_cat?post=702518"},{"taxonomy":"product_tag","embeddable":true,"href":"https:\/\/roveyayinevi.com.tr\/index.php\/wp-json\/wp\/v2\/product_tag?post=702518"}],"curies":[{"name":"wp","href":"https:\/\/api.w.org\/{rel}","templated":true}]}}