{"id":702513,"date":"2025-08-27T15:17:05","date_gmt":"2025-08-27T12:17:05","guid":{"rendered":"https:\/\/roveyayinevi.com.tr\/index.php\/urun\/mucizenin-mimarlari\/"},"modified":"2026-04-16T02:11:45","modified_gmt":"2026-04-15T23:11:45","slug":"mucizenin-mimarlari","status":"publish","type":"product","link":"https:\/\/roveyayinevi.com.tr\/index.php\/urun\/mucizenin-mimarlari\/","title":{"rendered":"Mucizenin Mimarlar\u0131"},"content":{"rendered":"<p>2007\u2019nin son aylar\u0131nda Ankara\u2019n\u0131n g\u00f6be\u011finde, okuma yazma bilmeyenleri okuma yazma kurslar\u0131na \u00e7a\u011f\u0131ran bir bez afi\u015f as\u0131lm\u0131\u015ft\u0131. Yayg\u0131n s\u00f6yleni\u015fiyle bir okuma yazma seferberli\u011fi daha ba\u015flat\u0131lm\u0131\u015ft\u0131. Cumhuriyetin ilk y\u0131llar\u0131ndan beri ba\u015flat\u0131l\u0131p bir t\u00fcrl\u00fc ba\u015far\u0131ya ula\u015ft\u0131r\u0131lamayan kim bilir ka\u00e7\u0131nc\u0131 \u201cseferberlik\u201dti bu. Kimdi bu okuyamayanlar, yazamayanlar? \u00c7o\u011funlu\u011fu kente g\u00f6\u00e7 etmi\u015f k\u00f6y k\u00f6kenli kad\u0131nlard\u0131. Oysa y\u0131llar \u00f6nce \u0130smail Hakk\u0131 Tongu\u00e7-Hasan Ali Y\u00fccel ikilisi gerekli altyap\u0131y\u0131 haz\u0131rlam\u0131\u015flar, 15 y\u0131l i\u00e7inde ilk\u00f6\u011fretim sorununu temelden \u00e7\u00f6zeceklerini t\u00fcm d\u00fcnyaya duyurmu\u015flard\u0131; b\u0131raksalard\u0131 e\u011fer\u2026 <\/p>\n","protected":false},"excerpt":{"rendered":"<p>2007\u2019nin son aylar\u0131nda Ankara\u2019n\u0131n g\u00f6be\u011finde, okuma yazma bilmeyenleri okuma yazma kurslar\u0131na \u00e7a\u011f\u0131ran bir bez afi\u015f as\u0131lm\u0131\u015ft\u0131. Yayg\u0131n s\u00f6yleni\u015fiyle bir okuma yazma seferberli\u011fi daha ba\u015flat\u0131lm\u0131\u015ft\u0131. Cumhuriyetin ilk<span class=\"excerpt-hellip\"> [\u2026]<\/span><\/p>\n","protected":false},"featured_media":0,"template":"","meta":{"_monsterinsights_skip_tracking":false,"_monsterinsights_sitenote_active":false,"_monsterinsights_sitenote_note":"","_monsterinsights_sitenote_category":0},"product_brand":[],"product_cat":[12370,12304],"product_tag":[],"class_list":{"0":"post-702513","1":"product","2":"type-product","3":"status-publish","5":"product_cat-arastirma-inceleme","6":"product_cat-tarih","7":"pa_tur-kitap","8":"pa_yayinevi-kaynak-yayinlari","9":"pa_yazar-cemal-turkmen","11":"first","12":"instock","13":"sale","14":"shipping-taxable","15":"purchasable","16":"product-type-simple"},"_links":{"self":[{"href":"https:\/\/roveyayinevi.com.tr\/index.php\/wp-json\/wp\/v2\/product\/702513","targetHints":{"allow":["GET"]}}],"collection":[{"href":"https:\/\/roveyayinevi.com.tr\/index.php\/wp-json\/wp\/v2\/product"}],"about":[{"href":"https:\/\/roveyayinevi.com.tr\/index.php\/wp-json\/wp\/v2\/types\/product"}],"wp:attachment":[{"href":"https:\/\/roveyayinevi.com.tr\/index.php\/wp-json\/wp\/v2\/media?parent=702513"}],"wp:term":[{"taxonomy":"product_brand","embeddable":true,"href":"https:\/\/roveyayinevi.com.tr\/index.php\/wp-json\/wp\/v2\/product_brand?post=702513"},{"taxonomy":"product_cat","embeddable":true,"href":"https:\/\/roveyayinevi.com.tr\/index.php\/wp-json\/wp\/v2\/product_cat?post=702513"},{"taxonomy":"product_tag","embeddable":true,"href":"https:\/\/roveyayinevi.com.tr\/index.php\/wp-json\/wp\/v2\/product_tag?post=702513"}],"curies":[{"name":"wp","href":"https:\/\/api.w.org\/{rel}","templated":true}]}}