{"id":702512,"date":"2025-08-27T15:17:05","date_gmt":"2025-08-27T12:17:05","guid":{"rendered":"https:\/\/roveyayinevi.com.tr\/index.php\/urun\/kotu-cocuk-3\/"},"modified":"2026-04-16T02:11:45","modified_gmt":"2026-04-15T23:11:45","slug":"kotu-cocuk-3","status":"publish","type":"product","link":"https:\/\/roveyayinevi.com.tr\/index.php\/urun\/kotu-cocuk-3\/","title":{"rendered":"K\u00f6t\u00fc \u00c7ocuk 3"},"content":{"rendered":"<p>Siyah\u0131n i\u00e7indeki beyaz noktan\u0131n ac\u0131 hikayesi\u2026Yeni arkada\u015fl\u0131klar, farkl\u0131 yak\u0131nla\u015fmalar, dengelerin de\u011fi\u015fti\u011fi bir yaz tatili\u2026Atahan Koleji&#8217;nin son s\u0131n\u0131f \u00f6\u011frencileri, hayatlar\u0131n\u0131n s\u0131nav\u0131na haz\u0131rlan\u0131rken, ailelerinin \u00e7izdi\u011fi gelecek plan\u0131na uymakla, kendi kimliklerini bulmak aras\u0131nda kal\u0131rlar.Kayla ise, yo\u011fun ders program\u0131n\u0131n yan\u0131 s\u0131ra on sekizinci ya\u015f\u0131na girecek olman\u0131n gerginli\u011fini ya\u015famaktad\u0131r. Meri\u00e7&#8217;le ili\u015fkileri belli bir d\u00fczene girmi\u015f olsa da, aniden ortaya \u00e7\u0131kan \u00e7ocukluk arkada\u015f\u0131, Kayla&#8217;n\u0131n kendisini g\u00fcvensiz hissetmesine sebep olur. Giderek i\u00e7ine g\u00f6m\u00fcld\u00fc\u011f\u00fc karanl\u0131\u011f\u0131n bir g\u00fcn onu terk edece\u011fine inanmaya ba\u015flayan Kayla, t\u00fcm ya\u015fam\u0131n\u0131 de\u011fi\u015ftirecek bir karar vermek \u00fczeredir.Ailelerine benzemek istemeyen ama daha fazlas\u0131n\u0131 da hak etmediklerini d\u00fc\u015f\u00fcnen iki gen\u00e7, hata yapmadan ilerleyebilir mi?Meri\u00e7 ve Kayla\u2019n\u0131n birbirlerini bulma hikayesi daha yeni ba\u015fl\u0131yor\u2026Ac\u0131, daha \u00f6nce hi\u00e7 bu kadar tan\u0131d\u0131k gelmemi\u015fti.\u201cSen kaybolmu\u015f her ruhun umudusun.\u201d<\/p>\n","protected":false},"excerpt":{"rendered":"<p>Siyah\u0131n i\u00e7indeki beyaz noktan\u0131n ac\u0131 hikayesi\u2026Yeni arkada\u015fl\u0131klar, farkl\u0131 yak\u0131nla\u015fmalar, dengelerin de\u011fi\u015fti\u011fi bir yaz tatili\u2026Atahan Koleji&#8217;nin son s\u0131n\u0131f \u00f6\u011frencileri, hayatlar\u0131n\u0131n s\u0131nav\u0131na haz\u0131rlan\u0131rken, ailelerinin \u00e7izdi\u011fi gelecek plan\u0131na uymakla,<span class=\"excerpt-hellip\"> [\u2026]<\/span><\/p>\n","protected":false},"featured_media":0,"template":"","meta":{"_monsterinsights_skip_tracking":false,"_monsterinsights_sitenote_active":false,"_monsterinsights_sitenote_note":"","_monsterinsights_sitenote_category":0},"product_brand":[],"product_cat":[12291,12711],"product_tag":[],"class_list":{"0":"post-702512","1":"product","2":"type-product","3":"status-publish","5":"product_cat-edebiyat","6":"product_cat-roman-oyku","7":"pa_cilt-ciltli","8":"pa_tur-kitap","9":"pa_yayinevi-ephesus-yayinlari","10":"pa_yazar-busra-kucuk","12":"first","13":"instock","14":"sale","15":"shipping-taxable","16":"purchasable","17":"product-type-simple"},"_links":{"self":[{"href":"https:\/\/roveyayinevi.com.tr\/index.php\/wp-json\/wp\/v2\/product\/702512","targetHints":{"allow":["GET"]}}],"collection":[{"href":"https:\/\/roveyayinevi.com.tr\/index.php\/wp-json\/wp\/v2\/product"}],"about":[{"href":"https:\/\/roveyayinevi.com.tr\/index.php\/wp-json\/wp\/v2\/types\/product"}],"wp:attachment":[{"href":"https:\/\/roveyayinevi.com.tr\/index.php\/wp-json\/wp\/v2\/media?parent=702512"}],"wp:term":[{"taxonomy":"product_brand","embeddable":true,"href":"https:\/\/roveyayinevi.com.tr\/index.php\/wp-json\/wp\/v2\/product_brand?post=702512"},{"taxonomy":"product_cat","embeddable":true,"href":"https:\/\/roveyayinevi.com.tr\/index.php\/wp-json\/wp\/v2\/product_cat?post=702512"},{"taxonomy":"product_tag","embeddable":true,"href":"https:\/\/roveyayinevi.com.tr\/index.php\/wp-json\/wp\/v2\/product_tag?post=702512"}],"curies":[{"name":"wp","href":"https:\/\/api.w.org\/{rel}","templated":true}]}}